{"id":12295,"date":"2025-04-25T08:15:51","date_gmt":"2025-04-25T06:15:51","guid":{"rendered":"http:\/\/www.issn.org\/es\/?page_id=12295"},"modified":"2025-04-25T15:47:12","modified_gmt":"2025-04-25T13:47:12","slug":"cieps-centro-internacional-de-registro-de-publicaciones-en-serie","status":"publish","type":"page","link":"https:\/\/www.issn.org\/es\/el-centro-y-la-red\/nuestra-mision\/cieps-centro-internacional-de-registro-de-publicaciones-en-serie\/","title":{"rendered":"CIEPS &#8211; Centro Internacional de Registro de Publicaciones en Serie"},"content":{"rendered":"<p>El CIEPS, tambi\u00e9n conocido como el Centro Internacional del ISSN, es una organizaci\u00f3n intergubernamental cuya funci\u00f3n es coordinar a nivel internacional la identificaci\u00f3n y la descripci\u00f3n de las publicaciones seriadas y los recursos continuos, impresos o en l\u00ednea, en todas las disciplinas.<\/p>\n<ul>\n<li>Textos fundacionales<\/li>\n<li>Miembros<\/li>\n<li>Funciones del Centro<\/li>\n<\/ul>\n<h2>Textos fundacionales<\/h2>\n<h3>Acuerdo internacional<\/h3>\n<p>El CIEPS se cre\u00f3 oficialmente en Par\u00eds el 21 de enero de 1976, en virtud de un acuerdo firmado en noviembre de 1974 entre la UNESCO y Francia, pa\u00eds que acoge al Centro Internacional.<\/p>\n<h3>Estatutos<\/h3>\n<p>Los <a href=\"https:\/\/www.issn.org\/es\/el-centro-y-la-red\/nuestra-organizacion\/funcionamiento-del-issn\/\">Estatutos del Centro Internacional del ISSN<\/a> constituyen la parte m\u00e1s importante del acuerdo y rigen el CIEPS.<br \/>\nPara aprovechar las actividades del Centro, los Pa\u00edses Miembro y los Miembros Asociados de la UNESCO deben estar pa\u00edses miembros del Centro.<\/p>\n<h3>Estatuto del personal del ISSN<\/h3>\n<p>Este <a href=\"https:\/\/www.issn.org\/wp-content\/uploads\/2023\/02\/Estatuto_del_Personal.pdf\">Estatuto del Personal<\/a> se ha redactado sobre la base de documentos reglamentarios existentes y constituye un reglamento consolidado que respeta el derecho internacional.<br \/>\nEst\u00e1 en vigor desde el 1 de noviembre de 2016, despu\u00e9s de haber sido votado por el Consejo de Administraci\u00f3n el 17 de octubre de 2016, y revisado en noviembre de 2022.<\/p>\n<h2>Miembros<\/h2>\n<p>Actualmente la red ISSN cuenta con 95 <a href=\"https:\/\/www.issn.org\/es\/el-centro-y-la-red\/paises-miembros\/la-red-hoy\/\">Pa\u00edses miembros<\/a>.<\/p>\n<h2>Funciones del Centro<\/h2>\n<p>El CIEPS coordina la actividad de los Pa\u00edses miembros.<br \/>\nEs responsable editar y actualizar el <a href=\"https:\/\/www.issn.org\/es\/servicios-y-prestaciones\/el-registro-internacional-del-issn-una-herramienta-de-trabajo-imprescindible\/\">Registro Internacional del ISSN<\/a>.<br \/>\nAsimismo, es quien atribuye los n\u00fameros ISSN:<\/p>\n<ul>\n<li>a las publicaciones de organizaciones internacionales,<\/li>\n<li>a las publicaciones editadas en los pa\u00edses que no tienen un Centro Nacional del ISSN.<\/li>\n<\/ul>\n<h2>Nuestro equipo<\/h2>\n<p>El Centro Internacional tiene un equipo de unas 14 personas:<\/p>\n<ul>\n<li><a href=\"https:\/\/www.issn.org\/wp-content\/uploads\/2025\/01\/List-IC-STAFF-ES.pdf\">Lista del personal<\/a><\/li>\n<li><a href=\"https:\/\/www.issn.org\/wp-content\/uploads\/2025\/02\/Organigrama-ESP_Ene2025.pdf\">Organigrama<\/a><\/li>\n<\/ul>\n<p>El centro internacional del ISSN se ubica en el tercer arrondissement de Par\u00eds, 45 rue de Turbigo. <a href=\"https:\/\/www.issn.org\/wp-content\/uploads\/2019\/10\/19-10-10-030bd.jpg\"><br \/>\n<img loading=\"lazy\" decoding=\"async\" class=\"wp-image-25744 alignleft\" src=\"https:\/\/www.issn.org\/wp-content\/uploads\/2019\/10\/19-10-10-030bd.jpg\" alt=\"\" width=\"764\" height=\"611\" srcset=\"https:\/\/www.issn.org\/wp-content\/uploads\/2019\/10\/19-10-10-030bd.jpg 1919w, https:\/\/www.issn.org\/wp-content\/uploads\/2019\/10\/19-10-10-030bd-300x240.jpg 300w, https:\/\/www.issn.org\/wp-content\/uploads\/2019\/10\/19-10-10-030bd-768x614.jpg 768w, https:\/\/www.issn.org\/wp-content\/uploads\/2019\/10\/19-10-10-030bd-1024x819.jpg 1024w, https:\/\/www.issn.org\/wp-content\/uploads\/2019\/10\/19-10-10-030bd-150x120.jpg 150w\" sizes=\"auto, (max-width: 764px) 100vw, 764px\" \/><\/a><\/p>\n<p>&nbsp;<\/p>\n","protected":false},"excerpt":{"rendered":"<p>El CIEPS, tambi\u00e9n conocido como el Centro Internacional del ISSN, es una organizaci\u00f3n intergubernamental cuya funci\u00f3n es coordinar a nivel internacional la identificaci\u00f3n y la descripci\u00f3n de las publicaciones seriadas y los recursos continuos, impresos o en l\u00ednea, en todas las disciplinas. Textos fundacionales Miembros Funciones del Centro Textos fundacionales Acuerdo internacional El CIEPS se [&hellip;]<\/p>\n","protected":false},"author":1,"featured_media":0,"parent":12431,"menu_order":1,"comment_status":"closed","ping_status":"closed","template":"","meta":{"_acf_changed":false,"footnotes":""},"class_list":["post-12295","page","type-page","status-publish","hentry"],"acf":[],"_links":{"self":[{"href":"https:\/\/www.issn.org\/es\/wp-json\/wp\/v2\/pages\/12295","targetHints":{"allow":["GET"]}}],"collection":[{"href":"https:\/\/www.issn.org\/es\/wp-json\/wp\/v2\/pages"}],"about":[{"href":"https:\/\/www.issn.org\/es\/wp-json\/wp\/v2\/types\/page"}],"author":[{"embeddable":true,"href":"https:\/\/www.issn.org\/es\/wp-json\/wp\/v2\/users\/1"}],"replies":[{"embeddable":true,"href":"https:\/\/www.issn.org\/es\/wp-json\/wp\/v2\/comments?post=12295"}],"version-history":[{"count":37,"href":"https:\/\/www.issn.org\/es\/wp-json\/wp\/v2\/pages\/12295\/revisions"}],"predecessor-version":[{"id":46325,"href":"https:\/\/www.issn.org\/es\/wp-json\/wp\/v2\/pages\/12295\/revisions\/46325"}],"up":[{"embeddable":true,"href":"https:\/\/www.issn.org\/es\/wp-json\/wp\/v2\/pages\/12431"}],"wp:attachment":[{"href":"https:\/\/www.issn.org\/es\/wp-json\/wp\/v2\/media?parent=12295"}],"curies":[{"name":"wp","href":"https:\/\/api.w.org\/{rel}","templated":true}]}}