{"id":12300,"date":"2025-06-12T09:30:52","date_gmt":"2025-06-12T07:30:52","guid":{"rendered":"http:\/\/www.issn.org\/es\/?page_id=12300"},"modified":"2025-06-12T10:59:10","modified_gmt":"2025-06-12T08:59:10","slug":"informes-y-programas-anuales","status":"publish","type":"page","link":"https:\/\/www.issn.org\/es\/el-centro-y-la-red\/nuestra-mision\/informes-y-programas-anuales\/","title":{"rendered":"Informes y programas anuales"},"content":{"rendered":"<p>El <a href=\"https:\/\/www.issn.org\/wp-content\/uploads\/2025\/02\/FR-PLAN-2025-\u2013-2029-ISSN-1_compressed.pdf\">plan de acci\u00f3n 2025-2029 <\/a>ya est\u00e1 disponible (en ingl\u00e9s).<\/p>\n<p>Para m\u00e1s informaci\u00f3n sobre el previo plan, hage clic en el vinculo <a href=\"https:\/\/www.issn.org\/wp-content\/uploads\/2025\/02\/Bilan_FRE_strategie_2024_January2025.docx\">plan estrat\u00e9gico 2020-2024<\/a><\/p>\n<p><a href=\"https:\/\/www.issn.org\/wp-content\/uploads\/2021\/06\/2020_Annual-report_Internet_PUBLIC_ENG_Final-3.pdf\">Informe anual 2020<\/a> (ingl\u00e9s) y <a href=\"https:\/\/www.issn.org\/wp-content\/uploads\/2021\/06\/2020_Annual-report_Executive_Summary_final_ES.pdf\">resumen 2020 en espa\u00f1ol<\/a><\/p>\n<p><a href=\"https:\/\/www.issn.org\/wp-content\/uploads\/2022\/06\/ISSN_RapportActivite2021_ENGL_v27June-2.pdf\">Informe anual 2021<\/a> (ingl\u00e9s) y <a href=\"https:\/\/www.issn.org\/wp-content\/uploads\/2022\/06\/2021_Annual-report_Executive_Summary_ESP_V27juin-1.pdf\">resumen 2021 en espa\u00f1ol<\/a><\/p>\n<p><a href=\"https:\/\/www.issn.org\/wp-content\/uploads\/2023\/06\/ISSN_RapportActivite2022_ENG.pdf\">Informe anual 2022<\/a> (ingl\u00e9s) y <a href=\"https:\/\/www.issn.org\/wp-content\/uploads\/2023\/06\/2023_Annual-report_Executive_Summary_ES_Final.pdf\">resumen 2022 en espa\u00f1ol<\/a><\/p>\n<p><a href=\"https:\/\/www.issn.org\/wp-content\/uploads\/2024\/07\/IC_Activity_report_2023_ENG.pdf\">Informe anual 2023<\/a> (ingl\u00e9s) y <a href=\"https:\/\/www.issn.org\/wp-content\/uploads\/2024\/07\/2023_Annual-report_Executive_Summary_ESP_final.pdf\">resumen 2023 en espa\u00f1ol<\/a><\/p>\n<p><a href=\"https:\/\/www.issn.org\/wp-content\/uploads\/2025\/05\/ISSN_RapportActivite2024_ENG_final.pdf\">Informe anual 2024<\/a> (ingl\u00e9s) y <a href=\"https:\/\/www.issn.org\/wp-content\/uploads\/2025\/06\/2024_Resume_EXEC_SPA_ISSNIC.pdf\">resumen 2024 en espa\u00f1ol<\/a><\/p>\n","protected":false},"excerpt":{"rendered":"<p>El plan de acci\u00f3n 2025-2029 ya est\u00e1 disponible (en ingl\u00e9s). Para m\u00e1s informaci\u00f3n sobre el previo plan, hage clic en el vinculo plan estrat\u00e9gico 2020-2024 Informe anual 2020 (ingl\u00e9s) y resumen 2020 en espa\u00f1ol Informe anual 2021 (ingl\u00e9s) y resumen 2021 en espa\u00f1ol Informe anual 2022 (ingl\u00e9s) y resumen 2022 en espa\u00f1ol Informe anual 2023 [&hellip;]<\/p>\n","protected":false},"author":1,"featured_media":0,"parent":12431,"menu_order":2,"comment_status":"closed","ping_status":"closed","template":"","meta":{"_acf_changed":false,"footnotes":""},"class_list":["post-12300","page","type-page","status-publish","hentry"],"acf":[],"_links":{"self":[{"href":"https:\/\/www.issn.org\/es\/wp-json\/wp\/v2\/pages\/12300","targetHints":{"allow":["GET"]}}],"collection":[{"href":"https:\/\/www.issn.org\/es\/wp-json\/wp\/v2\/pages"}],"about":[{"href":"https:\/\/www.issn.org\/es\/wp-json\/wp\/v2\/types\/page"}],"author":[{"embeddable":true,"href":"https:\/\/www.issn.org\/es\/wp-json\/wp\/v2\/users\/1"}],"replies":[{"embeddable":true,"href":"https:\/\/www.issn.org\/es\/wp-json\/wp\/v2\/comments?post=12300"}],"version-history":[{"count":39,"href":"https:\/\/www.issn.org\/es\/wp-json\/wp\/v2\/pages\/12300\/revisions"}],"predecessor-version":[{"id":46600,"href":"https:\/\/www.issn.org\/es\/wp-json\/wp\/v2\/pages\/12300\/revisions\/46600"}],"up":[{"embeddable":true,"href":"https:\/\/www.issn.org\/es\/wp-json\/wp\/v2\/pages\/12431"}],"wp:attachment":[{"href":"https:\/\/www.issn.org\/es\/wp-json\/wp\/v2\/media?parent=12300"}],"curies":[{"name":"wp","href":"https:\/\/api.w.org\/{rel}","templated":true}]}}