{"id":12304,"date":"2025-01-22T15:58:35","date_gmt":"2025-01-22T14:58:35","guid":{"rendered":"http:\/\/www.issn.org\/es\/?page_id=12304"},"modified":"2025-01-22T17:30:08","modified_gmt":"2025-01-22T16:30:08","slug":"red-issn","status":"publish","type":"page","link":"https:\/\/www.issn.org\/es\/el-centro-y-la-red\/nuestra-organizacion\/red-issn\/","title":{"rendered":"Red ISSN"},"content":{"rendered":"<p class=\"chapo\">Responsable de la aplicaci\u00f3n del est\u00e1ndar ISSN en el mundo, la Red ISSN est\u00e1 constituida por los Centros Nacionales del ISSN. Su actividad est\u00e1 coordinada por el Centro Internacional del ISSN.<\/p>\n<ul>\n<li>Red ISSN<\/li>\n<li>Centros Nacionales del ISSN<\/li>\n<li>Centro Internacional del ISSN<\/li>\n<\/ul>\n<h2>Red ISSN<\/h2>\n<p>La <a href=\"https:\/\/www.issn.org\/es\/el-centro-y-la-red\/paises-miembros\/la-red-hoy\/\">Red ISSN<\/a> est\u00e1 compuesta por 95 pa\u00edses y acoge peri\u00f3dicamente <a href=\"https:\/\/www.issn.org\/es\/el-centro-y-la-red\/paises-miembros\/ser-miembro-de-la-red-issn\/\">nuevos Estados miembros<\/a>.<\/p>\n<p>Sus misiones son:<br \/>\n&#8211;\u00a0asegurar la atribuci\u00f3n de los n\u00fameros ISSN,<br \/>\n&#8211;\u00a0mantener una base de datos mundial de las publicaciones en serie,<br \/>\n&#8211;\u00a0ser la autoridad de normalizaci\u00f3n en este \u00e1mbito,<br \/>\n&#8211;\u00a0difundir informaci\u00f3n sobre el ISSN y promover su utilizaci\u00f3n.<\/p>\n<h2>Centros Nacionales del ISSN<\/h2>\n<p>En general, <a href=\"https:\/\/www.issn.org\/es\/servicios-y-prestaciones\/solicitar-un-issn\/anuario-de-los-centros-nacionales\/\" target=\"_blank\" rel=\"noopener noreferrer\">los Centros Nacionales del ISSN<\/a> forman parte de organismos que tienen un papel preponderante en el sistema de informaci\u00f3n cient\u00edfica y t\u00e9cnica de un pa\u00eds.<\/p>\n<p>Sus misiones son:<br \/>\n&#8211;\u00a0atribuir los n\u00fameros ISSN,<br \/>\n&#8211;\u00a0mantener actualizadas las bases de datos locales del ISSN,<br \/>\n&#8211;\u00a0promover el sistema en su conjunto.<\/p>\n<p>Los Centros Nacionales del ISSN est\u00e1n en contacto con los editores y los organismos bibliogr\u00e1ficos de sus pa\u00edses respectivos, y a menudo est\u00e1n vinculados con el dep\u00f3sito legal.<\/p>\n<h2>Centro Internacional del ISSN<\/h2>\n<p><a href=\"https:\/\/www.issn.org\/es\/servicios-y-prestaciones\/solicitar-un-issn\/ponerse-en-contacto-con-el-centro-internacional-del-issn\/\">Con sede en Par\u00eds<\/a>, <a href=\"https:\/\/www.issn.org\/es\/el-centro-y-la-red\/nuestra-mision\/cieps-centro-internacional-de-registro-de-publicaciones-en-serie\/\" target=\"_blank\" rel=\"noopener noreferrer\">el Centro Internacional del ISSN<\/a>\u00a0asume las responsabilidades siguientes:<\/p>\n<p>&#8211; mantener actualizado y editar el <a href=\"https:\/\/www.issn.org\/es\/comprender-el-issn\/registro-internacional-del-issn\/\">Registro del ISSN<\/a>,<br \/>\n&#8211;\u00a0coordinar las actividades de los Centros Nacionales del ISSN,<br \/>\n&#8211;\u00a0atribuir los n\u00fameros ISSN a las publicaciones internacionales y a las publicaciones editadas en los pa\u00edses que no tienen un Centro Nacional del ISSN propio.<\/p>\n","protected":false},"excerpt":{"rendered":"<p>Responsable de la aplicaci\u00f3n del est\u00e1ndar ISSN en el mundo, la Red ISSN est\u00e1 constituida por los Centros Nacionales del ISSN. Su actividad est\u00e1 coordinada por el Centro Internacional del ISSN. Red ISSN Centros Nacionales del ISSN Centro Internacional del ISSN Red ISSN La Red ISSN est\u00e1 compuesta por 95 pa\u00edses y acoge peri\u00f3dicamente nuevos [&hellip;]<\/p>\n","protected":false},"author":1,"featured_media":0,"parent":12578,"menu_order":1,"comment_status":"closed","ping_status":"closed","template":"","meta":{"_acf_changed":false,"footnotes":""},"class_list":["post-12304","page","type-page","status-publish","hentry","caroussel-saffiche-dans-le-caroussel"],"acf":[],"_links":{"self":[{"href":"https:\/\/www.issn.org\/es\/wp-json\/wp\/v2\/pages\/12304","targetHints":{"allow":["GET"]}}],"collection":[{"href":"https:\/\/www.issn.org\/es\/wp-json\/wp\/v2\/pages"}],"about":[{"href":"https:\/\/www.issn.org\/es\/wp-json\/wp\/v2\/types\/page"}],"author":[{"embeddable":true,"href":"https:\/\/www.issn.org\/es\/wp-json\/wp\/v2\/users\/1"}],"replies":[{"embeddable":true,"href":"https:\/\/www.issn.org\/es\/wp-json\/wp\/v2\/comments?post=12304"}],"version-history":[{"count":4,"href":"https:\/\/www.issn.org\/es\/wp-json\/wp\/v2\/pages\/12304\/revisions"}],"predecessor-version":[{"id":45744,"href":"https:\/\/www.issn.org\/es\/wp-json\/wp\/v2\/pages\/12304\/revisions\/45744"}],"up":[{"embeddable":true,"href":"https:\/\/www.issn.org\/es\/wp-json\/wp\/v2\/pages\/12578"}],"wp:attachment":[{"href":"https:\/\/www.issn.org\/es\/wp-json\/wp\/v2\/media?parent=12304"}],"curies":[{"name":"wp","href":"https:\/\/api.w.org\/{rel}","templated":true}]}}