{"id":12309,"date":"2026-02-25T14:00:09","date_gmt":"2026-02-25T13:00:09","guid":{"rendered":"http:\/\/www.issn.org\/es\/?page_id=12309"},"modified":"2026-02-25T16:39:53","modified_gmt":"2026-02-25T15:39:53","slug":"instancias-que-constituyen-el-issn","status":"publish","type":"page","link":"https:\/\/www.issn.org\/es\/el-centro-y-la-red\/nuestra-organizacion\/instancias-que-constituyen-el-issn\/","title":{"rendered":"Instancias que constituyen el ISSN"},"content":{"rendered":"<p class=\"chapo\">Como organizaci\u00f3n intergubernamental, el Centro internacional del ISSN est\u00e1 rigiendo por diferentes instancias internacionales.<\/p>\n<ul>\n<li>Asamblea General<\/li>\n<li>Consejo de Administraci\u00f3n<\/li>\n<li>Reuniones de Directores<\/li>\n<li>Comit\u00e9 Asesor de Expertos<\/li>\n<\/ul>\n<h2>Asamblea General<\/h2>\n<p>La Asamblea General se re\u00fane cada dos a\u00f1os.<\/p>\n<p>Sus principales misiones son las siguientes:<br \/>\n&#8211;\u00a0 definir las orientaciones generales de las actividades del Centro internacional del ISSN,<br \/>\n&#8211;\u00a0 elegir a los miembros del Consejo de Administraci\u00f3n,<br \/>\n&#8211;\u00a0 establecer la suma de las contribuciones de los Estados miembros.<\/p>\n<p>La Asamblea General est\u00e1 compuesta del modo siguiente:<br \/>\n&#8211;\u00a0 un representante de cada Estado que ha firmado los Estatutos del Centro Internacional del ISSN, incluyendo el Estado hu\u00e9sped,<br \/>\n&#8211; y el representante del Director General de la UNESCO.<\/p>\n<p>El Estado hu\u00e9sped es aquel donde el Centro Internacional del ISSN ejerce sus actividades. Desde la fundaci\u00f3n del Centro ha sido Francia.<\/p>\n<p>Puede consultar el Reglamento revisado de la Asamblea General del ISSN (marzo de 2025) haciendo clic en el siguiente enlace: <a href=\"https:\/\/www.issn.org\/wp-content\/uploads\/2026\/02\/Rules_Procedure_GA_ENG_March2025.pdf\">Reglamento de la AG <\/a>(documento en ingl\u00e9s).<\/p>\n<h2>Consejo de Administraci\u00f3n<\/h2>\n<p>El Consejo de Administraci\u00f3n se re\u00fane una vez por a\u00f1o, en sesi\u00f3n ordinaria.<\/p>\n<p>Sus misiones principales son las siguientes:<br \/>\n&#8211; formular los programas y las directivas correspondientes al trabajo que debe realizar el Centro Internacional del ISSN,<br \/>\n&#8211; adoptar el programa de trabajo y el presupuesto del Centro,<br \/>\n&#8211; aprobar el informe anual presentado por el Director.<\/p>\n<p>Est\u00e1 compuesto por:<br \/>\n&#8211;\u00a0 un representante del Estado hu\u00e9sped,<br \/>\n&#8211;\u00a0 un representante del Director General de la UNESCO,<br \/>\n&#8211;\u00a0 diez representantes de los Estados que han firmado los Estatutos del Centro Internacional del ISSN, electos por la Asamblea General. El mandato de los representantes se renueva cada dos a\u00f1os.<\/p>\n<p>Hagan clic en el enlace para consultar la lista de los <a href=\"https:\/\/www.issn.org\/wp-content\/uploads\/2024\/07\/ISSN-GOVERNING-BOARD.pdf\">miembros del Consejo de Administraci\u00f3n<\/a>.<\/p>\n<p>Puede consultar el Reglamento revisado del Consejo de Administraci\u00f3n del ISSN (mayo de 2025) haciendo clic en el siguiente enlace: <a href=\"https:\/\/www.issn.org\/wp-content\/uploads\/2026\/02\/Rules-of-procedure-of-the-Governing-Board-as-amended-in-May-2025.pdf\">Reglamento del CA<\/a> (documento en ingl\u00e9s).<\/p>\n<h2>Las reuniones de los Directores<\/h2>\n<p>Las reuniones de los directores de los Centros Nacionales del ISSN se llevan a cabo cada a\u00f1o.<\/p>\n<p>En ellas se realizan las siguientes actividades:<br \/>\n&#8211;\u00a0intercambiar experiencias en el plano t\u00e9cnico,<br \/>\n&#8211; tomar decisiones t\u00e9cnicas concertadas,<br \/>\n&#8211; debatir los temas referentes a la coordinaci\u00f3n y a la comunicaci\u00f3n.<\/p>\n<p>Las instituciones que acogen a los Centros Nacionales del ISSN organizan estas reuniones.<\/p>\n<p><em>Para consultar la <a href=\"https:\/\/www.issn.org\/wp-content\/uploads\/List-DMeetings_2025.pdf\">lista de reuniones de Directores<\/a><\/em><em>\u00a0desde 1974, haga clic en el enlace (documento en ingl\u00e9s).<\/em><\/p>\n<h2>Comit\u00e9 Asesor de Expertos<\/h2>\n<p>Seg\u00fan lo dispuesto en los Estatutos del Centro Internacional del ISSN, la Directora del Centro podr\u00e1 contar con la asistencia de un Comit\u00e9 Asesor de Expertos para tratar cualquier asunto relacionado con la gesti\u00f3n y el desarrollo de los servicios de Keepers Registry.<br \/>\nLa creaci\u00f3n de este comit\u00e9 de expertos se decidi\u00f3 el 22 de junio de 2020 en una reuni\u00f3n entre los miembros de la Junta Directiva del Centro y los representantes de los organismos de archivo que participan en el Keepers Registry.<\/p>\n<p>Este comit\u00e9 de expertos ser\u00e1 el \u00f3rgano de gobierno del servicio de Keepers Registry.<br \/>\nEl comit\u00e9 est\u00e1 compuesto por siete miembros:<\/p>\n<p>&#8211; La Directora del Centro Internacional del ISSN es miembro de oficio,<br \/>\n&#8211; tres representantes de los organismos de archivo que participan en el Keepers Registry se nombrar\u00e1n mediante un proceso de candidaturas voluntaria, con un sorteo, si es necesario, si el n\u00famero de candidatos supera el n\u00famero de puestos efectivos,<br \/>\n&#8211; tres representantes de los diversos usuarios del servicio, entre los que se encuentran asociaciones de bibliotecarios y documentalistas, bibliotecas de investigaci\u00f3n, editoriales, organizaciones interesadas en la preservaci\u00f3n digital de los recursos cient\u00edficos, etc.<\/p>\n<p>El mandato de los miembros del comit\u00e9 de expertos ser\u00e1 de dos a\u00f1os, renovable una vez.<br \/>\nEl comit\u00e9 de expertos tambi\u00e9n podr\u00e1 recurrir al asesoramiento de dos consultores expertos por un per\u00edodo no renovable de dos a\u00f1os.<br \/>\nEl comit\u00e9 de expertos elaborar\u00e1 la estrategia del servicio de Keepers Registry con respecto a sus misiones y su raz\u00f3n de ser, que se revisar\u00e1 peri\u00f3dicamente recabando la opini\u00f3n de las partes interesadas, en particular para el desarrollo de su oferta de servicios y la optimizaci\u00f3n de sus recursos financieros y humanos y el impacto de sus acciones. El comit\u00e9 de expertos tambi\u00e9n definir\u00e1 una estrategia para la contrataci\u00f3n de nuevos organismos definiendo el proceso de solicitud, as\u00ed como las condiciones de selecci\u00f3n y retirada. El comit\u00e9 de expertos tambi\u00e9n promover\u00e1 el servicio a nivel internacional.<\/p>\n<p>Los siguientes expertos est\u00e1n actualmente en este comit\u00e9:<\/p>\n<p>Craig VanDyck, Director Ejecutivo de CLOCKSS, EE.UU. (2020-2022)<br \/>\nMaarten Steenhuis, Asesor de Estrategia, Biblioteca Nacional de los Pa\u00edses Bajos (2020-2022)<br \/>\nTed Westervelt, Jefe de la Secci\u00f3n de Publicaciones Peri\u00f3dicas de Artes, Humanidades y Ciencias Exactas, Biblioteca del Congreso, EE.UU. (2020-2022)<br \/>\nJudith Barnsby, Especialista en Publicaciones, DOAJ (Directory of Open Access Journals), Reino Unido, (2020-2022)<br \/>\nAna Mar\u00eda Cetto Kramis, Presidenta de Latindex, M\u00e9xico (2020-2022)<br \/>\nWendy Robertson, Servicio de Catalogaci\u00f3n de Metadatos Bibliogr\u00e1ficos y Repositorios Institucionales, Departamento de Metadatos, Biblioteca de la Universidad de Iowa, EE.UU. (2020-2022)<br \/>\nClifford Lynch, Director Ejecutivo de la Coalition for Networked Information, EE.UU. (2020-2022)<br \/>\nWilliam Kilbride, Director Ejecutivo de la Digital Preservation Coalition, Reino Unido (2020-2022)<\/p>\n","protected":false},"excerpt":{"rendered":"<p>Como organizaci\u00f3n intergubernamental, el Centro internacional del ISSN est\u00e1 rigiendo por diferentes instancias internacionales. Asamblea General Consejo de Administraci\u00f3n Reuniones de Directores Comit\u00e9 Asesor de Expertos Asamblea General La Asamblea General se re\u00fane cada dos a\u00f1os. Sus principales misiones son las siguientes: &#8211;\u00a0 definir las orientaciones generales de las actividades del Centro internacional del ISSN, [&hellip;]<\/p>\n","protected":false},"author":1,"featured_media":0,"parent":12578,"menu_order":3,"comment_status":"closed","ping_status":"closed","template":"","meta":{"_acf_changed":false,"footnotes":""},"class_list":["post-12309","page","type-page","status-publish","hentry"],"acf":[],"_links":{"self":[{"href":"https:\/\/www.issn.org\/es\/wp-json\/wp\/v2\/pages\/12309","targetHints":{"allow":["GET"]}}],"collection":[{"href":"https:\/\/www.issn.org\/es\/wp-json\/wp\/v2\/pages"}],"about":[{"href":"https:\/\/www.issn.org\/es\/wp-json\/wp\/v2\/types\/page"}],"author":[{"embeddable":true,"href":"https:\/\/www.issn.org\/es\/wp-json\/wp\/v2\/users\/1"}],"replies":[{"embeddable":true,"href":"https:\/\/www.issn.org\/es\/wp-json\/wp\/v2\/comments?post=12309"}],"version-history":[{"count":21,"href":"https:\/\/www.issn.org\/es\/wp-json\/wp\/v2\/pages\/12309\/revisions"}],"predecessor-version":[{"id":48032,"href":"https:\/\/www.issn.org\/es\/wp-json\/wp\/v2\/pages\/12309\/revisions\/48032"}],"up":[{"embeddable":true,"href":"https:\/\/www.issn.org\/es\/wp-json\/wp\/v2\/pages\/12578"}],"wp:attachment":[{"href":"https:\/\/www.issn.org\/es\/wp-json\/wp\/v2\/media?parent=12309"}],"curies":[{"name":"wp","href":"https:\/\/api.w.org\/{rel}","templated":true}]}}