{"id":12313,"date":"2017-02-21T10:19:34","date_gmt":"2017-02-21T09:19:34","guid":{"rendered":"http:\/\/www.issn.org\/es\/?page_id=12313"},"modified":"2017-03-15T12:05:18","modified_gmt":"2017-03-15T11:05:18","slug":"ser-miembro-de-la-red-issn","status":"publish","type":"page","link":"https:\/\/www.issn.org\/es\/el-centro-y-la-red\/paises-miembros\/ser-miembro-de-la-red-issn\/","title":{"rendered":"Ser miembro de la Red ISSN"},"content":{"rendered":"<p class=\"chapo\">Si su pa\u00eds desea crear un Centro Nacional del ISSN debe proceder del siguiente modo:<\/p>\n<ul>\n<li><strong>Membres\u00eda<\/strong><\/li>\n<li>Contribuci\u00f3n financiera anual<\/li>\n<li>M\u00e1s informaci\u00f3n<\/li>\n<\/ul>\n<h2>Membres\u00eda<\/h2>\n<h3>Aceptar los Estatutos del Centro Internacional del ISSN<\/h3>\n<p>Primero se debe conocer los <a href=\"https:\/\/www.issn.org\/es\/el-centro-y-la-red\/nuestra-organizacion\/funcionamiento-del-issn\/\">Estatutos del Centro Internacional del ISSN<\/a>.<\/p>\n<p>Despu\u00e9s, el pa\u00eds candidato debe designar la instituci\u00f3n que asumir\u00e1 las funciones de Centro Nacional del ISSN. Esa instituci\u00f3n debe tener accesoa losiguiente:<\/p>\n<ul>\n<li>las colecciones de publicaciones seriadas del pa\u00eds,<\/li>\n<li>el circuito de dep\u00f3sito legal.<\/li>\n<\/ul>\n<p>El Gobierno del pa\u00eds candidato representado por el Primer Ministro o el Ministro de Asuntos Exteriores exclusivamente debe enviar una carta al Director General de la UNESCO:<\/p>\n<ul>\n<li>indicando que el pa\u00eds est\u00e1 de acuerdo con los Estatutos del Centro Internacional de Registro de las Publicaciones en Serie (Centro Internacional del ISSN),<\/li>\n<li>indicando el organismo oficial que ha designado para que asuma las funciones de Centro Nacional del ISSN.<\/li>\n<\/ul>\n<h3>Creaci\u00f3n de un Centro Nacional del ISSN<\/h3>\n<p>Cuando la UNESCO reciba la solicitud del Gobierno del pa\u00eds candidato, notificar\u00e1 esta recepci\u00f3n al Centro Internacional del ISSN.<\/p>\n<p>Entonces se podr\u00e1 crear el Centro Nacional del ISSN.<\/p>\n<p>Esta creaci\u00f3n se concreta con la firma de un acuerdo de trabajo bilateral:<\/p>\n<ul>\n<li>entre el Director de la instituci\u00f3n designada para hospedar el Centro Nacional del ISSN de su pa\u00eds,<\/li>\n<li>y el Director del Centro Internacional del ISSN.<\/li>\n<\/ul>\n<p>Este acuerdo especifica lo siguiente:<\/p>\n<ul>\n<li>sus responsabilidades,<\/li>\n<li>las responsabilidades del Centro Internacional del ISSN,<\/li>\n<li>los acuerdos t\u00e9cnicos: periodicidad del env\u00edo de datos, modo t\u00e9cnico de transmisi\u00f3n de esos datos, etc.<\/li>\n<\/ul>\n<p>Despu\u00e9s de firmar el acuerdo de trabajo, el Centro Nacional del ISSN recibe la documentaci\u00f3n, las herramientas de trabajo y la formaci\u00f3n necesaria para poner en marcha los procedimientos operativos.<\/p>\n<h2>La contribuci\u00f3n financiera anual<\/h2>\n<p>La contribuci\u00f3n financiera de los pa\u00edses miembros se calcula sobre la basedel Producto Nacional Bruto de cada pa\u00eds, y se somete a la votaci\u00f3n de los pa\u00edses miembros cada dos a\u00f1os.<\/p>\n<p>A simple petici\u00f3n, el Centro Internacional del ISSN puede suministrar al Gobierno del pa\u00eds candidato una estimaci\u00f3n de la suma anual correspondiente a su contribuci\u00f3n<\/p>\n<p>No es obligatorio que esta suma sea sufragada por la instituci\u00f3n hu\u00e9sped delCentro Nacional del ISSN. Puede pagarla un organismo oficial designado por el Gobierno.<\/p>\n<h3>M\u00e1s informaci\u00f3n<\/h3>\n<p>Para cualquier consulta sobre el procedimiento de inscripci\u00f3n y la creaci\u00f3n de un Centro Nacional del ISSN operativo, no dude en ponerse en contacto con el <a href=\"https:\/\/www.issn.org\/es\/servicios-y-prestaciones\/solicitar-un-issn\/ponerse-en-contacto-con-el-centro-internacional-del-issn\/\">Centro Internacional del ISSN<\/a>.<\/p>\n<p>Tambi\u00e9n puede consultar la <a href=\"https:\/\/www.issn.org\/es\/el-centro-y-la-red\/paises-miembros\/la-red-hoy\/\">lista de Pa\u00edses miembros de la Red ISSN y de Centros Nacionales del ISSN<\/a>.<\/p>\n","protected":false},"excerpt":{"rendered":"<p>Si su pa\u00eds desea crear un Centro Nacional del ISSN debe proceder del siguiente modo: Membres\u00eda Contribuci\u00f3n financiera anual M\u00e1s informaci\u00f3n Membres\u00eda Aceptar los Estatutos del Centro Internacional del ISSN Primero se debe conocer los Estatutos del Centro Internacional del ISSN. Despu\u00e9s, el pa\u00eds candidato debe designar la instituci\u00f3n que asumir\u00e1 las funciones de Centro [&hellip;]<\/p>\n","protected":false},"author":1,"featured_media":0,"parent":12448,"menu_order":2,"comment_status":"closed","ping_status":"closed","template":"","meta":{"_acf_changed":false,"footnotes":""},"class_list":["post-12313","page","type-page","status-publish","hentry"],"acf":[],"_links":{"self":[{"href":"https:\/\/www.issn.org\/es\/wp-json\/wp\/v2\/pages\/12313","targetHints":{"allow":["GET"]}}],"collection":[{"href":"https:\/\/www.issn.org\/es\/wp-json\/wp\/v2\/pages"}],"about":[{"href":"https:\/\/www.issn.org\/es\/wp-json\/wp\/v2\/types\/page"}],"author":[{"embeddable":true,"href":"https:\/\/www.issn.org\/es\/wp-json\/wp\/v2\/users\/1"}],"replies":[{"embeddable":true,"href":"https:\/\/www.issn.org\/es\/wp-json\/wp\/v2\/comments?post=12313"}],"version-history":[{"count":0,"href":"https:\/\/www.issn.org\/es\/wp-json\/wp\/v2\/pages\/12313\/revisions"}],"up":[{"embeddable":true,"href":"https:\/\/www.issn.org\/es\/wp-json\/wp\/v2\/pages\/12448"}],"wp:attachment":[{"href":"https:\/\/www.issn.org\/es\/wp-json\/wp\/v2\/media?parent=12313"}],"curies":[{"name":"wp","href":"https:\/\/api.w.org\/{rel}","templated":true}]}}