{"id":12315,"date":"2017-02-21T10:22:53","date_gmt":"2017-02-21T09:22:53","guid":{"rendered":"http:\/\/www.issn.org\/es\/?page_id=12315"},"modified":"2017-02-21T10:22:53","modified_gmt":"2017-02-21T09:22:53","slug":"por-que-inscribirse-en-el-issn","status":"publish","type":"page","link":"https:\/\/www.issn.org\/es\/el-centro-y-la-red\/paises-miembros\/por-que-inscribirse-en-el-issn\/","title":{"rendered":"\u00bfPor qu\u00e9 inscribirse en el ISSN?"},"content":{"rendered":"<p class=\"chapo\">Convertirse en miembro del ISSN es dar un \u201cplus\u201d econ\u00f3mico, cient\u00edfico y cultural a la producci\u00f3n editorial de su pa\u00eds.<\/p>\n<p>Al incorporarse a la Red ISSN ofrecer\u00e1 a los peri\u00f3dicos, revistas cient\u00edficas o tem\u00e1ticas y a las revistas generales de su pa\u00eds la posibilidad de ser visibles y conocidos sin ambig\u00fcedad a nivel internacional.<\/p>\n<p>Ya sean cient\u00edficas, literarias, de informaci\u00f3n general o de ocios, las publicaciones seriadas hallan una serie de ventajas no desde\u00f1ables en el ISSN:<\/p>\n<ul>\n<li>incrementar su visibilidad,<\/li>\n<li>facilitar su venta, incluso en el extranjero,<\/li>\n<li>mejorar el reconocimiento del valor de su contenido.<\/li>\n<\/ul>\n","protected":false},"excerpt":{"rendered":"<p>Convertirse en miembro del ISSN es dar un \u201cplus\u201d econ\u00f3mico, cient\u00edfico y cultural a la producci\u00f3n editorial de su pa\u00eds. Al incorporarse a la Red ISSN ofrecer\u00e1 a los peri\u00f3dicos, revistas cient\u00edficas o tem\u00e1ticas y a las revistas generales de su pa\u00eds la posibilidad de ser visibles y conocidos sin ambig\u00fcedad a nivel internacional. Ya [&hellip;]<\/p>\n","protected":false},"author":1,"featured_media":0,"parent":12448,"menu_order":3,"comment_status":"closed","ping_status":"closed","template":"","meta":{"_acf_changed":false,"footnotes":""},"class_list":["post-12315","page","type-page","status-publish","hentry"],"acf":[],"_links":{"self":[{"href":"https:\/\/www.issn.org\/es\/wp-json\/wp\/v2\/pages\/12315","targetHints":{"allow":["GET"]}}],"collection":[{"href":"https:\/\/www.issn.org\/es\/wp-json\/wp\/v2\/pages"}],"about":[{"href":"https:\/\/www.issn.org\/es\/wp-json\/wp\/v2\/types\/page"}],"author":[{"embeddable":true,"href":"https:\/\/www.issn.org\/es\/wp-json\/wp\/v2\/users\/1"}],"replies":[{"embeddable":true,"href":"https:\/\/www.issn.org\/es\/wp-json\/wp\/v2\/comments?post=12315"}],"version-history":[{"count":0,"href":"https:\/\/www.issn.org\/es\/wp-json\/wp\/v2\/pages\/12315\/revisions"}],"up":[{"embeddable":true,"href":"https:\/\/www.issn.org\/es\/wp-json\/wp\/v2\/pages\/12448"}],"wp:attachment":[{"href":"https:\/\/www.issn.org\/es\/wp-json\/wp\/v2\/media?parent=12315"}],"curies":[{"name":"wp","href":"https:\/\/api.w.org\/{rel}","templated":true}]}}