{"id":12318,"date":"2017-02-21T16:19:31","date_gmt":"2017-02-21T15:19:31","guid":{"rendered":"http:\/\/www.issn.org\/es\/?page_id=12318"},"modified":"2017-02-21T16:20:44","modified_gmt":"2017-02-21T15:20:44","slug":"comprender-el-issn","status":"publish","type":"page","link":"https:\/\/www.issn.org\/es\/comprender-el-issn\/","title":{"rendered":"Comprender el ISSN"},"content":{"rendered":"<h2><a href=\"https:\/\/www.issn.org\/comprendre-lissn\/quest-ce-que-lissn\/\">ISSN en s\u00edntesis<\/a><\/h2>\n<h2><a href=\"https:\/\/www.issn.org\/comprendre-lissn\/regles-d-attribution\/\">Reglas de asignaci\u00f3n<\/a><\/h2>\n<ul>\n<li><a href=\"https:\/\/www.issn.org\/comprendre-lissn\/regles-d-attribution\/issn-les-grands-principes\/\">Pol\u00edtica de <\/a> asignaci\u00f3n<\/li>\n<li><a href=\"https:\/\/www.issn.org\/comprendre-lissn\/regles-d-attribution\/supports-numeriques\/\">Documentos digitales<\/a><\/li>\n<li><a href=\"https:\/\/www.issn.org\/comprendre-lissn\/regles-d-attribution\/issn-de-liaison\/\">ISSN de enlace<\/a><\/li>\n<li><a href=\"https:\/\/www.issn.org\/comprendre-lissn\/regles-d-attribution\/pour-en-savoir-plus\/\">M\u00e1s informaci\u00f3n <\/a><\/li>\n<li><a href=\"https:\/\/www.issn.org\/comprendre-lissn\/regles-d-attribution\/manuel-issn-en-ligne\/\">Manual del ISSN<\/a><\/li>\n<\/ul>\n<h2><a href=\"https:\/\/www.issn.org\/comprendre-lissn\/politique-dattribution\/\">Usos del ISSN<\/a><\/h2>\n<ul>\n<li><a href=\"https:\/\/www.issn.org\/comprendre-lissn\/politique-dattribution\/lidentification-avec-le-code-a-barres-ean-13\/\">Identificaci\u00f3n<\/a><\/li>\n<li><a href=\"https:\/\/www.issn.org\/comprendre-lissn\/politique-dattribution\/usages-pratiques-de-lissn\/\">Usos pr\u00e1cticos del ISSN<\/a><\/li>\n<\/ul>\n<h2><a href=\"https:\/\/www.issn.org\/comprendre-lissn\/le-registre-international\/\">El Registro Internacional<\/a><\/h2>\n<h2><a href=\"https:\/\/www.issn.org\/comprendre-lissn\/normalisation\/\">Normalizaci\u00f3n<\/a><\/h2>\n","protected":false},"excerpt":{"rendered":"<p>ISSN en s\u00edntesis Reglas de asignaci\u00f3n Pol\u00edtica de asignaci\u00f3n Documentos digitales ISSN de enlace M\u00e1s informaci\u00f3n Manual del ISSN Usos del ISSN Identificaci\u00f3n Usos pr\u00e1cticos del ISSN El Registro Internacional Normalizaci\u00f3n<\/p>\n","protected":false},"author":1,"featured_media":0,"parent":0,"menu_order":2,"comment_status":"closed","ping_status":"closed","template":"","meta":{"_acf_changed":false,"footnotes":""},"class_list":["post-12318","page","type-page","status-publish","hentry"],"acf":[],"_links":{"self":[{"href":"https:\/\/www.issn.org\/es\/wp-json\/wp\/v2\/pages\/12318","targetHints":{"allow":["GET"]}}],"collection":[{"href":"https:\/\/www.issn.org\/es\/wp-json\/wp\/v2\/pages"}],"about":[{"href":"https:\/\/www.issn.org\/es\/wp-json\/wp\/v2\/types\/page"}],"author":[{"embeddable":true,"href":"https:\/\/www.issn.org\/es\/wp-json\/wp\/v2\/users\/1"}],"replies":[{"embeddable":true,"href":"https:\/\/www.issn.org\/es\/wp-json\/wp\/v2\/comments?post=12318"}],"version-history":[{"count":0,"href":"https:\/\/www.issn.org\/es\/wp-json\/wp\/v2\/pages\/12318\/revisions"}],"wp:attachment":[{"href":"https:\/\/www.issn.org\/es\/wp-json\/wp\/v2\/media?parent=12318"}],"curies":[{"name":"wp","href":"https:\/\/api.w.org\/{rel}","templated":true}]}}