{"id":12322,"date":"2013-09-16T16:26:49","date_gmt":"2013-09-16T14:26:49","guid":{"rendered":"http:\/\/www.issn.org\/es\/?page_id=12322"},"modified":"2017-11-30T16:10:26","modified_gmt":"2017-11-30T15:10:26","slug":"que-es-el-numero-issn","status":"publish","type":"page","link":"https:\/\/www.issn.org\/es\/comprender-el-issn\/que-es-el-numero-issn\/","title":{"rendered":"\u00bfQu\u00e9 es el n\u00famero ISSN?"},"content":{"rendered":"<p class=\"chapo\">El n\u00famero ISSN es un c\u00f3digo de 8 d\u00edgitos que sirven para identificar publicaciones peri\u00f3dicas y recursos continuos de toda clase y editada en cualquier soporte, ya sean impresos en papel o en formato digital.<\/p>\n<ul>\n<li>\u00bfA qu\u00e9 publicaciones se les asigna el ISSN?<\/li>\n<li>\u00bfC\u00f3mo se presenta el ISSN?<\/li>\n<li>\u00bfQu\u00e9 funci\u00f3n tiene el ISSN?<\/li>\n<li>\u00bfD\u00f3nde debe aparecer el ISSN?<\/li>\n<\/ul>\n<h2>\u00bfA qu\u00e9 publicaciones se les asigna el ISSN?<\/h2>\n<p>El ISSN (<em>International Standard Serial Number<\/em> \u2013 N\u00famero Internacional Normalizado de Publicaciones Seriadas) identifica todas publicaciones peri\u00f3dicas y recursos continuos, de cualquier soporte, ya sean impresos en papel o en formato digital:<\/p>\n<ul>\n<li>peri\u00f3dicos,<\/li>\n<li>publicaciones anuales (informes, anuarios, repertorios, etc.),<\/li>\n<li>revistas tem\u00e1ticas o cient\u00edficas,<\/li>\n<li>revistas generales,<\/li>\n<li>colecciones,<\/li>\n<li>sitios web,<\/li>\n<li>bases de datos,<\/li>\n<li>blogs, etc.<\/li>\n<\/ul>\n<p>En muchos pa\u00edses el n\u00famero ISSN es obligatorio para todas las publicaciones sometidas al dep\u00f3sito legal.<\/p>\n<h2>\u00bfC\u00f3mo se presenta el ISSN?<\/h2>\n<p>El n\u00famero ISSN incluye el acr\u00f3nimo ISSN al que siguen dos grupos de cuatro d\u00edgitos separadas por un guion. El octavo d\u00edgito es un c\u00f3digo de control que se calcula en funci\u00f3n de un algoritmo M\u00f3dulo 11, sobre la base de los 7 d\u00edgitos anteriores; el octavo d\u00edgito puede ser una \u201cX\u201d si el resultado del c\u00e1lculo es igual a 10, con vistas a evitar toda ambig\u00fcedad.<\/p>\n<p>Ejemplo:<\/p>\n<ul>\n<li>ISSN 0317-8471<\/li>\n<li>ISSN 1050-124X<\/li>\n<\/ul>\n<h2>\u00bfQu\u00e9 funci\u00f3n tiene el ISSN?<\/h2>\n<p>La funci\u00f3n del n\u00famero ISSN es identificar la publicaci\u00f3n.<\/p>\n<p>Se trata de un c\u00f3digo num\u00e9rico que no tiene ning\u00fan significado intr\u00ednseco:<\/p>\n<ul>\n<li>no contiene ninguna informaci\u00f3n sobre el origen o el contenido de la publicaci\u00f3n,<\/li>\n<li>no busca asegurar la calidad o la validez del contenido.<\/li>\n<\/ul>\n<p>El n\u00famero ISSN est\u00e1 asociado al t\u00edtulo de la publicaci\u00f3n. Si el t\u00edtulo se modifica de modo significativo, se debe asignar a esa publicaci\u00f3n un nuevo n\u00famero ISSN.<\/p>\n<h2>\u00bfD\u00f3nde debe aparecer el ISSN?<\/h2>\n<p>En una <strong>publicaci\u00f3n impresa<\/strong>, el n\u00famero ISSN debe aparecer:<\/p>\n<ul>\n<li>preferentemente en el \u00e1ngulo superior derecho de la portada,<\/li>\n<li>en su defecto, en las p\u00e1ginas donde figura la informaci\u00f3n editorial (editor, periodicidad, fecha de impresi\u00f3n, etc.).<\/li>\n<\/ul>\n<p>Para una <strong>publicaci\u00f3n en soporte digital<\/strong>, el n\u00famero ISSN debe aparecer:<\/p>\n<ul>\n<li>en la p\u00e1gina de inicio o en el men\u00fa principal, si se trata de una publicaci\u00f3n en l\u00ednea,<\/li>\n<li>En cualquier parte visible a simple vista (encabezado de una microficha, etiqueta de CD-Rom o de DVD, caja, estuche, etc.), si se trata de una publicaci\u00f3n en un soporte f\u00edsico.<\/li>\n<\/ul>\n<p>Si se identifica una publicaci\u00f3n con un n\u00famero ISSN y un n\u00famero ISBN a la vez, se deben mencionar ambos.<\/p>\n","protected":false},"excerpt":{"rendered":"<p>El n\u00famero ISSN es un c\u00f3digo de 8 d\u00edgitos que sirven para identificar publicaciones peri\u00f3dicas y recursos continuos de toda clase y editada en cualquier soporte, ya sean impresos en papel o en formato digital. \u00bfA qu\u00e9 publicaciones se les asigna el ISSN? \u00bfC\u00f3mo se presenta el ISSN? \u00bfQu\u00e9 funci\u00f3n tiene el ISSN? \u00bfD\u00f3nde debe [&hellip;]<\/p>\n","protected":false},"author":1,"featured_media":0,"parent":12318,"menu_order":0,"comment_status":"closed","ping_status":"closed","template":"","meta":{"_acf_changed":false,"footnotes":""},"class_list":["post-12322","page","type-page","status-publish","hentry","caroussel-saffiche-dans-le-caroussel"],"acf":[],"_links":{"self":[{"href":"https:\/\/www.issn.org\/es\/wp-json\/wp\/v2\/pages\/12322","targetHints":{"allow":["GET"]}}],"collection":[{"href":"https:\/\/www.issn.org\/es\/wp-json\/wp\/v2\/pages"}],"about":[{"href":"https:\/\/www.issn.org\/es\/wp-json\/wp\/v2\/types\/page"}],"author":[{"embeddable":true,"href":"https:\/\/www.issn.org\/es\/wp-json\/wp\/v2\/users\/1"}],"replies":[{"embeddable":true,"href":"https:\/\/www.issn.org\/es\/wp-json\/wp\/v2\/comments?post=12322"}],"version-history":[{"count":0,"href":"https:\/\/www.issn.org\/es\/wp-json\/wp\/v2\/pages\/12322\/revisions"}],"up":[{"embeddable":true,"href":"https:\/\/www.issn.org\/es\/wp-json\/wp\/v2\/pages\/12318"}],"wp:attachment":[{"href":"https:\/\/www.issn.org\/es\/wp-json\/wp\/v2\/media?parent=12322"}],"curies":[{"name":"wp","href":"https:\/\/api.w.org\/{rel}","templated":true}]}}