{"id":12327,"date":"2018-11-30T08:39:43","date_gmt":"2018-11-30T07:39:43","guid":{"rendered":"http:\/\/www.issn.org\/es\/?page_id=12327"},"modified":"2024-12-05T17:27:26","modified_gmt":"2024-12-05T16:27:26","slug":"principios-generales-del-issn","status":"publish","type":"page","link":"https:\/\/www.issn.org\/es\/comprender-el-issn\/reglas-de-atribucion-y-formatos\/principios-generales-del-issn\/","title":{"rendered":"Principios generales del ISSN"},"content":{"rendered":"<p class=\"chapo\">\u00bfUn ISSN para qu\u00e9 clase de documento? \u00bfCu\u00e1ndo, c\u00f3mo y en qu\u00e9 caso hay que pedir un n\u00famero ISSN? Antes de pedir un n\u00famero ISSN para su publicaci\u00f3n, usted debe conocer los siguientes elementos:<\/p>\n<ul>\n<li>La regla b\u00e1sica del ISSN<\/li>\n<li>Pedir un n\u00famero ISSN<\/li>\n<li>Pedir m\u00faltiples n\u00fameros ISSN<\/li>\n<li>Cambiar de n\u00famero ISSN<\/li>\n<li>Casos particulares<\/li>\n<\/ul>\n<h2>La regla b\u00e1sica del ISSN<\/h2>\n<p>El n\u00famero ISSN identifica la publicaci\u00f3n como tal, en referencia a su t\u00edtulo y al tipo de soporte.<\/p>\n<p>As\u00ed, siempre se dar\u00e1 el mismo n\u00famero ISSN para:<\/p>\n<ul>\n<li>todos los fasc\u00edculos de un peri\u00f3dico,<\/li>\n<li>todos los n\u00fameros de una revista,<\/li>\n<li>todos los discos compactos (CD-Rom) de una serie\u2026<\/li>\n<\/ul>\n<h2>Pedir un n\u00famero ISSN<\/h2>\n<p><a href=\"https:\/\/www.issn.org\/es\/el-centro-y-la-red\/paises-miembros\/la-red-hoy\/\">Los Centros Nacionales<\/a> asignar\u00e1n n\u00famero de ISSN a las publicaciones editadas por los editores radicados en su propio pa\u00eds.<\/p>\n<p>Si un pa\u00eds no cuenta con un Centro Nacional del ISSN, <a href=\"https:\/\/www.issn.org\/es\/servicios-y-prestaciones\/solicitar-un-issn\/ponerse-en-contacto-con-el-centro-internacional-del-issn\/\">el Centro Internacional del ISSN<\/a> asignar\u00e1 el n\u00famero ISSN.<\/p>\n<p>Se pide al editor que adjunte a su petici\u00f3n una serie de datos y documentos justificativos (<a href=\"https:\/\/portal.issn.org\/sites\/default\/files\/guidelinespublishers_merged-spa-final_.pdf\">v\u00e9anse los detalles <\/a>).<\/p>\n<p>La petici\u00f3n de un n\u00famero ISSN puede presentarse <strong>hasta 3 meses antes de la publicaci\u00f3n<\/strong>, si la informaci\u00f3n suministrada y los documentos justificativos demuestran que el proyecto est\u00e1 suficientemente avanzado. Obs\u00e9rvese que este n\u00famero ISSN se incluir\u00e1 oficialmente en el <a href=\"https:\/\/www.issn.org\/es\/comprender-el-issn\/registro-internacional-del-issn\/\">Registro Internacional del ISSN<\/a> justo cuando se reciba la primera publicaci\u00f3n.<\/p>\n<p>Esta regla s\u00f3lo se aplica a las publicaciones impresas y a los CD-Rom.<\/p>\n<p><strong>A los recursos en l\u00ednea no se les atribuye un n\u00famero de ISSN antes de su publicaci\u00f3n<\/strong>. Adem\u00e1s, en el caso de todas nuevas publicaciones, se requiere <strong>como m\u00ednimo 5 art\u00edculos<\/strong> para considerar que una publicaci\u00f3n est\u00e1 completa.<\/p>\n<h2>Pedir m\u00faltiples n\u00fameros ISSN<\/h2>\n<p>Cuando la misma publicaci\u00f3n se edita:<\/p>\n<ul>\n<li>en soportes diferentes (versi\u00f3n en papel y versi\u00f3n en l\u00ednea, por ejemplo),<\/li>\n<li>o en idiomas diferentes (edici\u00f3n en franc\u00e9s y edici\u00f3n en ingl\u00e9s, por ejemplo), hay que pedir n\u00fameros ISSN diferentes para cada soporte de publicaci\u00f3n o para cada edici\u00f3n ling\u00fc\u00edstica.<\/li>\n<\/ul>\n<h2>Cambiar de n\u00famero ISSN<\/h2>\n<p>Hay que pedir un nuevo n\u00famero ISSN en los 2 casos siguientes:<\/p>\n<ul>\n<li>modificaci\u00f3n del soporte en el cual se hace la publicaci\u00f3n (por ejemplo, una revista impresa se convierte en una revista en l\u00ednea),<\/li>\n<li>modificaci\u00f3n del t\u00edtulo de la publicaci\u00f3n.<\/li>\n<\/ul>\n<p>Otras modificaciones como:<\/p>\n<ul>\n<li>cambio de editor,<\/li>\n<li>cambio de lugar de publicaci\u00f3n,<\/li>\n<li>cambio de periodicidad,<\/li>\n<li>cambio de pol\u00edtica editorial,<\/li>\n<li>etc.<\/li>\n<\/ul>\n<p>no inducen el cambio del n\u00famero ISSN.<\/p>\n<h2>Casos particulares<\/h2>\n<p>En caso de:<\/p>\n<ul>\n<li>fusi\u00f3n con otros t\u00edtulos,<\/li>\n<li>edici\u00f3n de suplementos,<\/li>\n<li>lanzamiento de otras ediciones,<\/li>\n<li>etc.,<\/li>\n<\/ul>\n<p>consulte a su <a href=\"https:\/\/www.issn.org\/es\/el-centro-y-la-red\/paises-miembros\/la-red-hoy\/\">Centro Nacional del ISSN<\/a> que determinar\u00e1 si se deben asignar otros n\u00fameros ISSN<\/p>\n","protected":false},"excerpt":{"rendered":"<p>\u00bfUn ISSN para qu\u00e9 clase de documento? \u00bfCu\u00e1ndo, c\u00f3mo y en qu\u00e9 caso hay que pedir un n\u00famero ISSN? Antes de pedir un n\u00famero ISSN para su publicaci\u00f3n, usted debe conocer los siguientes elementos: La regla b\u00e1sica del ISSN Pedir un n\u00famero ISSN Pedir m\u00faltiples n\u00fameros ISSN Cambiar de n\u00famero ISSN Casos particulares La regla [&hellip;]<\/p>\n","protected":false},"author":1,"featured_media":0,"parent":12580,"menu_order":0,"comment_status":"closed","ping_status":"closed","template":"","meta":{"_acf_changed":false,"footnotes":""},"class_list":["post-12327","page","type-page","status-publish","hentry"],"acf":[],"_links":{"self":[{"href":"https:\/\/www.issn.org\/es\/wp-json\/wp\/v2\/pages\/12327","targetHints":{"allow":["GET"]}}],"collection":[{"href":"https:\/\/www.issn.org\/es\/wp-json\/wp\/v2\/pages"}],"about":[{"href":"https:\/\/www.issn.org\/es\/wp-json\/wp\/v2\/types\/page"}],"author":[{"embeddable":true,"href":"https:\/\/www.issn.org\/es\/wp-json\/wp\/v2\/users\/1"}],"replies":[{"embeddable":true,"href":"https:\/\/www.issn.org\/es\/wp-json\/wp\/v2\/comments?post=12327"}],"version-history":[{"count":2,"href":"https:\/\/www.issn.org\/es\/wp-json\/wp\/v2\/pages\/12327\/revisions"}],"predecessor-version":[{"id":45038,"href":"https:\/\/www.issn.org\/es\/wp-json\/wp\/v2\/pages\/12327\/revisions\/45038"}],"up":[{"embeddable":true,"href":"https:\/\/www.issn.org\/es\/wp-json\/wp\/v2\/pages\/12580"}],"wp:attachment":[{"href":"https:\/\/www.issn.org\/es\/wp-json\/wp\/v2\/media?parent=12327"}],"curies":[{"name":"wp","href":"https:\/\/api.w.org\/{rel}","templated":true}]}}