{"id":12329,"date":"2019-04-04T08:00:35","date_gmt":"2019-04-04T06:00:35","guid":{"rendered":"http:\/\/www.issn.org\/es\/?page_id=12329"},"modified":"2019-07-01T11:39:54","modified_gmt":"2019-07-01T09:39:54","slug":"el-issn-para-los-soportes-electronicos","status":"publish","type":"page","link":"https:\/\/www.issn.org\/es\/comprender-el-issn\/reglas-de-atribucion-y-formatos\/el-issn-para-los-soportes-electronicos\/","title":{"rendered":"El ISSN para los soportes electr\u00f3nicos"},"content":{"rendered":"<p class=\"chapo\">Se puede atribuir un n\u00famero ISSN a todos los recursos electr\u00f3nicos: CD-ROM, DVD, sitios Internet, etc. Seg\u00fan el tipo de recurso, deben responder a criterios muy espec\u00edficos.<\/p>\n<ul>\n<li>Publicaciones electr\u00f3nicas: peri\u00f3dicos en l\u00ednea, CD-ROM, DVD, etc.<\/li>\n<li>\u00abRecursos integrables continuados\u00bb: sitios web, bases de datos, <em>wikis,<\/em> etc.<\/li>\n<li>\u00bfC\u00f3mo presentar el n\u00famero ISSN en las publicaciones electr\u00f3nicas?<\/li>\n<li>Solicitar un ISSN para una publicaci\u00f3n electr\u00f3nica<\/li>\n<\/ul>\n<h2>Publicaciones electr\u00f3nicas: peri\u00f3dicos en l\u00ednea, CD-ROM, DVD, etc.<\/h2>\n<p>Desde el momento en que su publicaci\u00f3n electr\u00f3nica responde a la definici\u00f3n de publicaci\u00f3n seriada, se puede identificar con un n\u00famero ISSN, sea cual sea su forma f\u00edsica.<\/p>\n<p>Si su publicaci\u00f3n electr\u00f3nica es una versi\u00f3n de una publicaci\u00f3n impresa existente, debe tener su propio n\u00famero ISSN, incluso si tiene el mismo t\u00edtulo.<\/p>\n<p>El mismo n\u00famero ISSN debe utilizarse en todos los formatos electr\u00f3nicos en que se difunda su publicaci\u00f3n (HTML, PDF, etc.).<\/p>\n<p>Si su publicaci\u00f3n impresa incluye una versi\u00f3n CD-ROM se trata entonces de una publicaci\u00f3n \u00abmultimedia\u00bb: se asigna un solo n\u00famero ISSN.<\/p>\n<h2>\u00abRecursos integrables continuados\u00bb: sitios web, bases de datos, <em>wikis,<\/em> etc.<\/h2>\n<p>En su calidad de \u00abrecurso integrable continuado\u00bb, su sitio web, su base de datos, su <em>wiki<\/em> o su blog puede tener un n\u00famero ISSN en determinadas condiciones.<\/p>\n<h3>Para identificarlo con un n\u00famero ISSN, su recurso integrable continuado debe:<\/h3>\n<ul>\n<li>presentar un contenido editorial (texto redactado),<\/li>\n<li>mencionar la responsabilidad editorial, compuesta generalmente por m\u00e1s de una persona (nombre del editor o del productor) y, como m\u00ednimo, el pa\u00eds de publicaci\u00f3n,<\/li>\n<li>tener un t\u00edtulo f\u00e1cilmente identificable y que no cambie con sus futuras actualizaciones,<\/li>\n<li>contar con una direcci\u00f3n URL v\u00e1lida,<\/li>\n<li>tratar de un tema determinado o dirigirse a un p\u00fablico espec\u00edfico.<\/li>\n<\/ul>\n<h3>Su recurso integrable continuado no puede obtener un n\u00famero ISSN si:<\/h3>\n<ul>\n<li>tiene un contenido de \u00edndole personal: sitio web personal, diario \u00edntimo en l\u00ednea, etc.,<\/li>\n<li>constituye un recurso ef\u00edmero cuya finalizaci\u00f3n est\u00e1 determinada desde su creaci\u00f3n,<\/li>\n<li>est\u00e1 centrado en una empresa, un producto, una instituci\u00f3n o un organismo:\n<ul>\n<li>sitio web publicitario, comercial o promocional,<\/li>\n<li>sitio de informaci\u00f3n sobre uno o varios productos,<\/li>\n<li>sitio institucional de empresa o de colectividad.<\/li>\n<\/ul>\n<\/li>\n<\/ul>\n<p>Si su recurso integrable continuado tiene un inter\u00e9s exclusivamente local, no se identificar\u00e1 sistem\u00e1ticamente con un n\u00famero ISSN: en este caso, debe consultar su <a href=\"https:\/\/www.issn.org\/es\/el-centro-y-la-red\/paises-miembros\/la-red-hoy\/\">Centro Nacional del ISSN<\/a>, que determinar\u00e1 si se le puede atribuir un n\u00famero ISSN.<\/p>\n<h2>\u00bfC\u00f3mo presentar el ISSN en los recursos electr\u00f3nicos?<\/h2>\n<h3>Publicaciones en l\u00ednea (sitios, blogs, <em>wikis,<\/em> bases de datos, etc.)<\/h3>\n<p>El n\u00famero ISSN debe figurar en la p\u00e1gina de inicio o, en su defecto, en el men\u00fa principal.<\/p>\n<h3>Soportes f\u00edsicos (CD-ROM, DVD, microfichas, etc.)<\/h3>\n<p>El n\u00famero ISSN debe figurar en toda etiqueta que est\u00e9 presente permanentemente en la publicaci\u00f3n. De no ser posible, debe figurar en la caja o el estuche.<\/p>\n<h3>ISSN m\u00faltiples<\/h3>\n<p>Si edita una misma publicaci\u00f3n en soportes diferentes (versi\u00f3n impresa y versi\u00f3n en CD-ROM, por ejemplo), puede hacer figurar sus respectivos n\u00fameros ISSN en cada versi\u00f3n, mencionando las informaciones complementarias que las distinguen.<\/p>\n<p>Por ejemplo:<br \/>\nISSN 1562-6865 (En l\u00ednea)<br \/>\nISSN 1063-7710 (Impresa)<\/p>\n<p>o bien:<\/p>\n<p>Edici\u00f3n en l\u00ednea: ISSN 1562-6865<br \/>\nEdici\u00f3n impresa: ISSN 1063-7710<\/p>\n<h2>Solicitar un n\u00famero ISSN para un recurso electr\u00f3nico<\/h2>\n<p>Los procedimientos para solicitar el n\u00famero ISSN son id\u00e9nticos para todas las publicaciones (<a href=\"https:\/\/www.issn.org\/es\/comprender-el-issn\/reglas-de-atribucion-y-formatos\/principios-generales-del-issn\/\">v\u00e9anse los detalles<\/a>).<\/p>\n<p>Los documentos justificativos pedidos pueden variar en funci\u00f3n del soporte (impreso, digital, etc.).<\/p>\n<p>Para una publicaci\u00f3n impresa o una publicaci\u00f3n en CD-ROM, podr\u00e1 pedir el n\u00famero ISSN <strong>hasta 3 meses antes de la publicaci\u00f3n efectiva, <\/strong>si la informaci\u00f3n y los documentos que usted ha suministrado muestran un proyecto suficientemente avanzado.<\/p>\n<p>Observe que <strong>a los recursos en l\u00ednea no se suministra un n\u00famero ISSN antes de la publicaci\u00f3n<\/strong>.<\/p>\n<p>El n\u00famero ISSN atribuido s\u00f3lo se incluye en el <a href=\"https:\/\/www.issn.org\/es\/comprender-el-issn\/registro-internacional-del-issn\/\">Registro Internacional del ISSN<\/a> cuando se recibe el primer n\u00famero de la publicaci\u00f3n.<\/p>\n","protected":false},"excerpt":{"rendered":"<p>Se puede atribuir un n\u00famero ISSN a todos los recursos electr\u00f3nicos: CD-ROM, DVD, sitios Internet, etc. Seg\u00fan el tipo de recurso, deben responder a criterios muy espec\u00edficos. Publicaciones electr\u00f3nicas: peri\u00f3dicos en l\u00ednea, CD-ROM, DVD, etc. \u00abRecursos integrables continuados\u00bb: sitios web, bases de datos, wikis, etc. \u00bfC\u00f3mo presentar el n\u00famero ISSN en las publicaciones electr\u00f3nicas? Solicitar [&hellip;]<\/p>\n","protected":false},"author":1,"featured_media":0,"parent":12580,"menu_order":2,"comment_status":"closed","ping_status":"closed","template":"","meta":{"_acf_changed":false,"footnotes":""},"class_list":["post-12329","page","type-page","status-publish","hentry"],"acf":[],"_links":{"self":[{"href":"https:\/\/www.issn.org\/es\/wp-json\/wp\/v2\/pages\/12329","targetHints":{"allow":["GET"]}}],"collection":[{"href":"https:\/\/www.issn.org\/es\/wp-json\/wp\/v2\/pages"}],"about":[{"href":"https:\/\/www.issn.org\/es\/wp-json\/wp\/v2\/types\/page"}],"author":[{"embeddable":true,"href":"https:\/\/www.issn.org\/es\/wp-json\/wp\/v2\/users\/1"}],"replies":[{"embeddable":true,"href":"https:\/\/www.issn.org\/es\/wp-json\/wp\/v2\/comments?post=12329"}],"version-history":[{"count":0,"href":"https:\/\/www.issn.org\/es\/wp-json\/wp\/v2\/pages\/12329\/revisions"}],"up":[{"embeddable":true,"href":"https:\/\/www.issn.org\/es\/wp-json\/wp\/v2\/pages\/12580"}],"wp:attachment":[{"href":"https:\/\/www.issn.org\/es\/wp-json\/wp\/v2\/media?parent=12329"}],"curies":[{"name":"wp","href":"https:\/\/api.w.org\/{rel}","templated":true}]}}