{"id":12357,"date":"2017-02-23T15:07:01","date_gmt":"2017-02-23T14:07:01","guid":{"rendered":"http:\/\/www.issn.org\/es\/?page_id=12357"},"modified":"2022-04-21T15:03:37","modified_gmt":"2022-04-21T13:03:37","slug":"mas-informacion-sobre-la-atribucion-del-numero-issn","status":"publish","type":"page","link":"https:\/\/www.issn.org\/es\/comprender-el-issn\/reglas-de-atribucion-y-formatos\/mas-informacion-sobre-la-atribucion-del-numero-issn\/","title":{"rendered":"M\u00e1s informaci\u00f3n sobre la atribuci\u00f3n del n\u00famero ISSN"},"content":{"rendered":"<p class=\"chapo\">Si necesita profundizar en algunos puntos, puede descargar estos documentos para conocer el ISSN de forma detallada.<\/p>\n<ul>\n<li>Manual del ISSN<\/li>\n<li>Lista de C\u00f3digos de lengua<\/li>\n<li>Lista de C\u00f3digos de pa\u00eds y de C\u00f3digos de Centro ISSN<\/li>\n<\/ul>\n<h2>Manual del ISSN<\/h2>\n<p>Esta edici\u00f3n del Manual del ISSN es la m\u00e1s reciente disponible.<\/p>\n<p>Incluye las nuevas reglas y los nuevos criterios de atribuci\u00f3n del n\u00famero ISSN adoptado por la Red ISSN, en particular en el caso de los recursos electr\u00f3nicos.<\/p>\n<p><span style=\"color: #800080;\">Descargue<\/span> la versi\u00f3n francesa del manual: <a href=\"https:\/\/www.issn.org\/wp-content\/uploads\/2021\/09\/ISSNManual_FRA2014Janvier2015_25-01-2016.pdf\">ISSN Manual 2015-FRA<\/a><\/p>\n<p><span style=\"color: #800080;\">Descargue<\/span> la versi\u00f3n inglesa del manual: <a href=\"https:\/\/www.issn.org\/wp-content\/uploads\/2021\/09\/ISSNManual_ENG2015_23-01-2015.pdf\">ISSN Manual 2015-ENG <\/a><\/p>\n<p><span style=\"color: #800080;\">Descargue<\/span> la versi\u00f3n espa\u00f1ola del manual: <a href=\"https:\/\/www.issn.org\/wp-content\/uploads\/2017\/03\/ISSN-Manual_2015_SPA1.pdf\">ISSN Manual_2015-SPA<\/a><\/p>\n<p><span style=\"color: #800080;\">Descargue<\/span> la versi\u00f3n rusa del manual:\u00a0<a href=\"https:\/\/www.issn.org\/wp-content\/uploads\/2021\/04\/ISSNManual_rus_07.06.2017.pdf\">ISSN Manual_2015-RUS<\/a><\/p>\n<h2>Lista de C\u00f3digos de lengua<\/h2>\n<p>Esta lista proviene de la norma ISO 639-2: C\u00f3digos para representar los nombres de las lenguas &#8211; Parte 2: C\u00f3digo Alpha-3 \u2013 C\u00f3digo bibliogr\u00e1fico (C\u00f3digo B).<\/p>\n<p>La Biblioteca del Congreso, que es el organismo de autoridad para esta norma ISO, actualiza esta lista.<\/p>\n<p>Los c\u00f3digos de lengua se introducen en los registros bibliogr\u00e1ficos ISSN en funci\u00f3n de las lenguas de la publicaci\u00f3n.<\/p>\n<p>Siga este enlace para consultar la <a href=\"https:\/\/www.loc.gov\/standards\/iso639-2\/php\/code_list.php\">Lista de C\u00f3digos de lengua<\/a>.<\/p>\n<h2>Lista de C\u00f3digos de pa\u00eds y de C\u00f3digos de Centros Nacionales del ISSN<\/h2>\n<p>Los C\u00f3digos de pa\u00eds resultan de la norma ISO 3166 \u2013 C\u00f3digos para representar los nombres de los pa\u00edses y sus subdivisiones.<\/p>\n<p>El Centro Internacional del ISSN ha creado y actualiza el c\u00f3digo de los Centros Nacionales del ISSN.<br \/>\nEstos c\u00f3digos se incorporan a los registros bibliogr\u00e1ficos ISSN en funci\u00f3n de los pa\u00edses de publicaci\u00f3n de los recursos continuados y en funci\u00f3n del Centro Nacional del ISSN responsable de su registro.<\/p>\n<p>Puede seguir este enlace para consultar la <a href=\"https:\/\/www.iso.org\/obp\/ui\/\">Lista de C\u00f3digos de pa\u00eds<\/a>.<\/p>\n","protected":false},"excerpt":{"rendered":"<p>Si necesita profundizar en algunos puntos, puede descargar estos documentos para conocer el ISSN de forma detallada. Manual del ISSN Lista de C\u00f3digos de lengua Lista de C\u00f3digos de pa\u00eds y de C\u00f3digos de Centro ISSN Manual del ISSN Esta edici\u00f3n del Manual del ISSN es la m\u00e1s reciente disponible. Incluye las nuevas reglas y [&hellip;]<\/p>\n","protected":false},"author":1,"featured_media":0,"parent":12580,"menu_order":4,"comment_status":"closed","ping_status":"closed","template":"","meta":{"_acf_changed":false,"footnotes":""},"class_list":["post-12357","page","type-page","status-publish","hentry"],"acf":[],"_links":{"self":[{"href":"https:\/\/www.issn.org\/es\/wp-json\/wp\/v2\/pages\/12357","targetHints":{"allow":["GET"]}}],"collection":[{"href":"https:\/\/www.issn.org\/es\/wp-json\/wp\/v2\/pages"}],"about":[{"href":"https:\/\/www.issn.org\/es\/wp-json\/wp\/v2\/types\/page"}],"author":[{"embeddable":true,"href":"https:\/\/www.issn.org\/es\/wp-json\/wp\/v2\/users\/1"}],"replies":[{"embeddable":true,"href":"https:\/\/www.issn.org\/es\/wp-json\/wp\/v2\/comments?post=12357"}],"version-history":[{"count":0,"href":"https:\/\/www.issn.org\/es\/wp-json\/wp\/v2\/pages\/12357\/revisions"}],"up":[{"embeddable":true,"href":"https:\/\/www.issn.org\/es\/wp-json\/wp\/v2\/pages\/12580"}],"wp:attachment":[{"href":"https:\/\/www.issn.org\/es\/wp-json\/wp\/v2\/media?parent=12357"}],"curies":[{"name":"wp","href":"https:\/\/api.w.org\/{rel}","templated":true}]}}