{"id":12359,"date":"2017-02-23T15:10:36","date_gmt":"2017-02-23T14:10:36","guid":{"rendered":"http:\/\/www.issn.org\/es\/?page_id=12359"},"modified":"2017-03-16T11:13:35","modified_gmt":"2017-03-16T10:13:35","slug":"formato-marc21-y-unimarc-del-issn","status":"publish","type":"page","link":"https:\/\/www.issn.org\/es\/comprender-el-issn\/reglas-de-atribucion-y-formatos\/formato-marc21-y-unimarc-del-issn\/","title":{"rendered":"Formato MARC21 y UNIMARC del ISSN"},"content":{"rendered":"<p>Los formatos <a href=\"https:\/\/www.issn.org\/wp-content\/uploads\/2016\/11\/ISSN-MARC-21-ENG-Revised-September-2016.pdf\" target=\"_blank\">MARC21<\/a> y UNIMARC del ISSN otorganinformaci\u00f3n m\u00ednima (campos, indicadores, subcamposy c\u00f3digos) que se debe utilizar en la catalogaci\u00f3n de un Registro ISSN.<\/p>\n<p>Estos formatos ayudan a los catalogadores a identificar en unregistroISSN que informaci\u00f3n es obligatoria u opcional, indicando d\u00f3nde registrar esta informaci\u00f3n. Tambi\u00e9n debe ayudar a los desarrolladores a comprender el tipo de informaci\u00f3n que pueden encontrar en el Registro del ISSN. Estos formatos se secomplementan con el Manual del ISSN.<\/p>\n<p>El formato no es una lista exhaustiva de toda la informaci\u00f3n que pueden registrar en el ISSN. Algunos registros del ISSN pueden contener informaci\u00f3n en los campos que no est\u00e1n descritos en este formato. Se considera que estos registros son v\u00e1lidos, pero la informaci\u00f3n adicional no ha sido verificada y a veces tampoco est\u00e1 a disposici\u00f3n del p\u00fablico.<\/p>\n<p>En algunos casos, el Manual del ISSN no suministra informaci\u00f3n sobre las reglas que se deben seguir para registrar la informaci\u00f3n en los campos MARC21 o UNIMARC. Para obtener m\u00e1s precisiones, hay que consultar los Manuales MARC21 o UNIMARC.<\/p>\n<p>Obs\u00e9rvese que:<\/p>\n<ul>\n<li><strong>El signo \u201c#\u201d significa que el campo debe quedar vac\u00edo. El signo numeral o almohadilla \u201c#\u201d nunca se debe utilizar en los registrosMARC.<\/strong><\/li>\n<li>El signo \u201c|: no attempt to code\u201d no significa que est\u00e9 prohibido utilizar un c\u00f3digo en este campo. Significa, sencillamente que no es ni obligatorio, ni recomendado, ni prohibido utilizar un c\u00f3digo MARC21 o UNIMARC en este campo. El Registro del ISSN no utilizar\u00e1 el contenido del campo.<\/li>\n<li>En el caso de una divergencia entre las reglas de los perfiles MARC21 o UNIMARC y la versi\u00f3n inglesa del Manual del ISSN, prevalecer\u00e1n las reglas del Manual del ISSN. Le rogamos que declare al Centro Internacional del ISSN cualquier incoherencia que observe.<\/li>\n<\/ul>\n","protected":false},"excerpt":{"rendered":"<p>Los formatos MARC21 y UNIMARC del ISSN otorganinformaci\u00f3n m\u00ednima (campos, indicadores, subcamposy c\u00f3digos) que se debe utilizar en la catalogaci\u00f3n de un Registro ISSN. Estos formatos ayudan a los catalogadores a identificar en unregistroISSN que informaci\u00f3n es obligatoria u opcional, indicando d\u00f3nde registrar esta informaci\u00f3n. Tambi\u00e9n debe ayudar a los desarrolladores a comprender el tipo [&hellip;]<\/p>\n","protected":false},"author":1,"featured_media":0,"parent":12580,"menu_order":0,"comment_status":"closed","ping_status":"closed","template":"","meta":{"_acf_changed":false,"footnotes":""},"class_list":["post-12359","page","type-page","status-publish","hentry"],"acf":[],"_links":{"self":[{"href":"https:\/\/www.issn.org\/es\/wp-json\/wp\/v2\/pages\/12359","targetHints":{"allow":["GET"]}}],"collection":[{"href":"https:\/\/www.issn.org\/es\/wp-json\/wp\/v2\/pages"}],"about":[{"href":"https:\/\/www.issn.org\/es\/wp-json\/wp\/v2\/types\/page"}],"author":[{"embeddable":true,"href":"https:\/\/www.issn.org\/es\/wp-json\/wp\/v2\/users\/1"}],"replies":[{"embeddable":true,"href":"https:\/\/www.issn.org\/es\/wp-json\/wp\/v2\/comments?post=12359"}],"version-history":[{"count":0,"href":"https:\/\/www.issn.org\/es\/wp-json\/wp\/v2\/pages\/12359\/revisions"}],"up":[{"embeddable":true,"href":"https:\/\/www.issn.org\/es\/wp-json\/wp\/v2\/pages\/12580"}],"wp:attachment":[{"href":"https:\/\/www.issn.org\/es\/wp-json\/wp\/v2\/media?parent=12359"}],"curies":[{"name":"wp","href":"https:\/\/api.w.org\/{rel}","templated":true}]}}