{"id":12363,"date":"2017-02-23T15:18:13","date_gmt":"2017-02-23T14:18:13","guid":{"rendered":"http:\/\/www.issn.org\/es\/?page_id=12363"},"modified":"2018-11-05T12:59:56","modified_gmt":"2018-11-05T11:59:56","slug":"la-identificacion-con-el-codigo-de-barras-ean-13","status":"publish","type":"page","link":"https:\/\/www.issn.org\/es\/comprender-el-issn\/usos-del-issn\/la-identificacion-con-el-codigo-de-barras-ean-13\/","title":{"rendered":"La identificaci\u00f3n con el c\u00f3digo de barras GTIN 13"},"content":{"rendered":"<p class=\"chapo\">En su calidad de identificaci\u00f3n de una publicaci\u00f3n, el n\u00famero ISSN forma parte del c\u00f3digo de barras EAN 13.<\/p>\n<ul>\n<li>\u00bfQu\u00e9 es el c\u00f3digo de barras GTIN 13?<\/li>\n<li>Estructura del c\u00f3digo de barras GTIN 13 para las publicaciones seriadas<\/li>\n<li>Calcular un c\u00f3digo GTIN 13<\/li>\n<li>Crear la imagen de un c\u00f3digo GTIN 13<\/li>\n<\/ul>\n<h2>\u00bfQu\u00e9 es el c\u00f3digo de barras GTIN 13?<\/h2>\n<p>El c\u00f3digo GTIN , compuesto por 13 cifras, es el c\u00f3digo de distribuci\u00f3n comercial que m\u00e1s se utiliza en todo el mundo.<br \/>\nEste c\u00f3digo figura en todos los productos comercializados.<br \/>\nGS1 Internacional, un organismo que se encuentra en Bruselas, administra este c\u00f3digo.<\/p>\n<h2>Estructura del c\u00f3digo de barras GTIN 13 para las publicaciones seriadas<\/h2>\n<p>Para las publicaciones en serie, el c\u00f3digo de barras GTIN 13 est\u00e1 estructurado del modo siguiente:<\/p>\n<ul>\n<li>las 3 primeras cifras corresponden al prefijo 977 que se atribuye a las publicaciones en serie,<\/li>\n<li>las 7 cifras siguientes corresponden al n\u00famero ISSN (sin el guion ni el d\u00edgito de control final),<\/li>\n<li>las cifras en las posiciones 11\u00ba y 12\u00ba son variables y pueden ser utilizadas por el editor para indicar una informaci\u00f3n complementaria (por ejemplo un cambio de precio),<\/li>\n<li>la cifra en la posici\u00f3n 13\u00ba es una clave de control que se calcula seg\u00fan el m\u00f3dulo 10.<\/li>\n<\/ul>\n<p>Para calcular o verificar este n\u00famero, puede utilizar el <a href=\"http:\/\/www.gs1.org\/barcodes\/support\/check_digit_calculator\" target=\"_blank\" rel=\"noopener\">simulador<\/a> en el sitio internet de GS1 Internacional.<\/p>\n<a href=\"https:\/\/www.issn.org\/wp-content\/uploads\/2013\/07\/issn_code_barre.png\"><img loading=\"lazy\" decoding=\"async\" class=\"alignnone size-full wp-image-2042\" src=\"https:\/\/www.issn.org\/wp-content\/uploads\/2013\/07\/issn_code_barre.png\" alt=\"issn_code_barre\" width=\"262\" height=\"127\" srcset=\"https:\/\/www.issn.org\/wp-content\/uploads\/2013\/07\/issn_code_barre.png 262w, https:\/\/www.issn.org\/wp-content\/uploads\/2013\/07\/issn_code_barre-150x72.png 150w\" sizes=\"auto, (max-width: 262px) 100vw, 262px\" \/><\/a>\n<p>El c\u00f3digo GTIN 13 se puede completar a\u00f1adiendo de 2 a 5 cifras que suelen indicar el n\u00famero de entrega.<\/p>\n<h2>Calcular un c\u00f3digo GTIN 13<\/h2>\n<p>Para calcular el c\u00f3digo GTIN 13 de su publicaci\u00f3n seriada, es indispensable <a href=\"https:\/\/www.issn.org\/es\/servicios-y-prestaciones\/solicitar-un-issn\/\">pedir primero su n\u00famero ISSN<\/a>.<\/p>\n<h2>Crear la imagen de un c\u00f3digo GTIN 13<\/h2>\n<p>Despu\u00e9s de calcular el c\u00f3digo GTIN 13, hay que crear la imagen correspondiente (una sucesi\u00f3n de barras verticales) que se imprimir\u00e1 en los ejemplares de su publicaci\u00f3n.<\/p>\n<p>Usted podr\u00e1:<br \/>\n&#8211;\u00a0\u00a0\u00a0\u00a0\u00a0\u00a0 crear usted mismo esta imagen utilizando un software adecuado,<br \/>\n&#8211;\u00a0\u00a0\u00a0\u00a0\u00a0\u00a0 o bien adquirir estos filmes de alta definici\u00f3n en una empresa especializada (el Centro Internacional del ISSN no suministra los datos de estas sociedades).<\/p>\n","protected":false},"excerpt":{"rendered":"<p>En su calidad de identificaci\u00f3n de una publicaci\u00f3n, el n\u00famero ISSN forma parte del c\u00f3digo de barras EAN 13. \u00bfQu\u00e9 es el c\u00f3digo de barras GTIN 13? Estructura del c\u00f3digo de barras GTIN 13 para las publicaciones seriadas Calcular un c\u00f3digo GTIN 13 Crear la imagen de un c\u00f3digo GTIN 13 \u00bfQu\u00e9 es el c\u00f3digo [&hellip;]<\/p>\n","protected":false},"author":1,"featured_media":0,"parent":12582,"menu_order":1,"comment_status":"closed","ping_status":"closed","template":"","meta":{"_acf_changed":false,"footnotes":""},"class_list":["post-12363","page","type-page","status-publish","hentry"],"acf":[],"_links":{"self":[{"href":"https:\/\/www.issn.org\/es\/wp-json\/wp\/v2\/pages\/12363","targetHints":{"allow":["GET"]}}],"collection":[{"href":"https:\/\/www.issn.org\/es\/wp-json\/wp\/v2\/pages"}],"about":[{"href":"https:\/\/www.issn.org\/es\/wp-json\/wp\/v2\/types\/page"}],"author":[{"embeddable":true,"href":"https:\/\/www.issn.org\/es\/wp-json\/wp\/v2\/users\/1"}],"replies":[{"embeddable":true,"href":"https:\/\/www.issn.org\/es\/wp-json\/wp\/v2\/comments?post=12363"}],"version-history":[{"count":0,"href":"https:\/\/www.issn.org\/es\/wp-json\/wp\/v2\/pages\/12363\/revisions"}],"up":[{"embeddable":true,"href":"https:\/\/www.issn.org\/es\/wp-json\/wp\/v2\/pages\/12582"}],"wp:attachment":[{"href":"https:\/\/www.issn.org\/es\/wp-json\/wp\/v2\/media?parent=12363"}],"curies":[{"name":"wp","href":"https:\/\/api.w.org\/{rel}","templated":true}]}}