{"id":12365,"date":"2017-02-23T15:23:07","date_gmt":"2017-02-23T14:23:07","guid":{"rendered":"http:\/\/www.issn.org\/es\/?page_id=12365"},"modified":"2017-03-16T11:30:26","modified_gmt":"2017-03-16T10:30:26","slug":"utilizar-el-numero-issn-en-el-sistema-de-identificacion-doi","status":"publish","type":"page","link":"https:\/\/www.issn.org\/es\/comprender-el-issn\/usos-del-issn\/utilizar-el-numero-issn-en-el-sistema-de-identificacion-doi\/","title":{"rendered":"Utilizar el n\u00famero ISSN en el sistema de identificaci\u00f3n DOI"},"content":{"rendered":"<p>Se recomienda encarecidamente que los editores utilicen el n\u00famero ISSN como componente del DOI a nivel del t\u00edtulo, para contar con un enlace estable que se pueda utilizar para enlazar a la publicaci\u00f3n, haciendo clic en dicho t\u00edtulo.<\/p>\n<p>El DOI es una identificaci\u00f3n de una entidad f\u00edsica, num\u00e9rica o abstracta. Su sintaxis ha sido definida por la norma ISO 26324:2012 Informaci\u00f3n y Documentaci\u00f3n \u2013 <em>Digital Object Identifier System<\/em> (DOI). Est\u00e1 compuesto por un prefijo y un sufijo:<\/p>\n<ul>\n<li>La agencia de registro DOI atribuye un prefijo DOI a una organizaci\u00f3n.<\/li>\n<li>La organizaci\u00f3n que registra el DOI de un recurso en el sistema DOI crea el sufijo de un DOI.<\/li>\n<\/ul>\n<p>Entre las agencias oficiales de registro DOI, CrossRef se ha especializado en las publicaciones cient\u00edficas y profesionales. Atribuye los prefijos DOI a los editores que pueden as\u00ed identificar los art\u00edculos o los cap\u00edtulos de obras que tengan una identificaci\u00f3n DOI. Se les recomienda encarecidamente a crear los DOI correspondientes a los t\u00edtulos de las revistas.<\/p>\n<p>La norma ISSN ISO 3297:2007 entrega las recomendaciones internacionalmente reconocidas para utilizar el n\u00famero ISSN como sufijo de los DOI a nivel del t\u00edtulo: \u201cPara construir un sufijo DOI que integre un n\u00famero ISSN, es conveniente colocar antes del ISSN (incluyendo los guiones) el prefijo \u00abissn\u00bb en min\u00fasculas y un punto\u201d.<\/p>\n<p><a href=\"http:\/\/www.niso.org\/apps\/group_public\/download.php\/10368\/rp-16-2013_pie-j.pdf\" target=\"_blank\">PIE-J: The Presentation &amp; Identification of E-Journals<\/a>, una gu\u00eda de pr\u00e1cticas recomendadas por la Agencia de Normalizaci\u00f3n NISO (NISO RP-16-2013), suministra el ejemplo siguiente:<\/p>\n<p>Title\u00a0: \u00a0 \u00a0 \u00a0 \u00a0 \u00a0 \u00a0 \u00a0 \u00a0U\u010denye zapiski universiteta imeni P.F. Lesgafta<\/p>\n<p>ISSN\u00a0: \u00a0\u00a0\u00a0\u00a0\u00a0\u00a0\u00a0\u00a0\u00a0\u00a0\u00a0\u00a0\u00a0\u00a0\u00a0\u00a0\u00a0\u00a0 1994-4683<br \/>\nTitle-level DOI: <a href=\"http:\/\/dx.doi.org\/10.5930\/issn.1994-4683\" target=\"_blank\">http:\/\/dx.doi.org\/10.5930\/issn.1994-4683<\/a><\/p>\n<p>Se alienta a los editores a que adopten las buenas pr\u00e1cticas del DOIque han sido definidas por Crossref, en particular las siguientes:<\/p>\n<ul>\n<li>Se debe crear un DOI diferente para cada versi\u00f3n de un t\u00edtulo registrado en CrossRef. Todo cambio de t\u00edtulo que requiera un nuevo ISSN debe generar un nuevo DOI al nivel del t\u00edtulo, para asegurar la coherencia entre la base de datos de CrossRef y el Registro del ISSN.<\/li>\n<li>Un DOI a nivel del t\u00edtulo debe enlazar a la p\u00e1gina donde est\u00e9n presente los mismos t\u00edtulos y el mismo n\u00famero ISSN que los del Registro del ISSN y de la base de datos CrossRef.<\/li>\n<li>Una vez que se asigna un DOI al nivel del t\u00edtulo, lo debe conservar.<\/li>\n<li>La responsabilidad de mantener un DOI a nivel de t\u00edtulo se transfiere al nuevo propietario cuando cambia la propiedad del t\u00edtulo<\/li>\n<\/ul>\n","protected":false},"excerpt":{"rendered":"<p>Se recomienda encarecidamente que los editores utilicen el n\u00famero ISSN como componente del DOI a nivel del t\u00edtulo, para contar con un enlace estable que se pueda utilizar para enlazar a la publicaci\u00f3n, haciendo clic en dicho t\u00edtulo. El DOI es una identificaci\u00f3n de una entidad f\u00edsica, num\u00e9rica o abstracta. Su sintaxis ha sido definida [&hellip;]<\/p>\n","protected":false},"author":1,"featured_media":0,"parent":12582,"menu_order":2,"comment_status":"closed","ping_status":"closed","template":"","meta":{"_acf_changed":false,"footnotes":""},"class_list":["post-12365","page","type-page","status-publish","hentry"],"acf":[],"_links":{"self":[{"href":"https:\/\/www.issn.org\/es\/wp-json\/wp\/v2\/pages\/12365","targetHints":{"allow":["GET"]}}],"collection":[{"href":"https:\/\/www.issn.org\/es\/wp-json\/wp\/v2\/pages"}],"about":[{"href":"https:\/\/www.issn.org\/es\/wp-json\/wp\/v2\/types\/page"}],"author":[{"embeddable":true,"href":"https:\/\/www.issn.org\/es\/wp-json\/wp\/v2\/users\/1"}],"replies":[{"embeddable":true,"href":"https:\/\/www.issn.org\/es\/wp-json\/wp\/v2\/comments?post=12365"}],"version-history":[{"count":0,"href":"https:\/\/www.issn.org\/es\/wp-json\/wp\/v2\/pages\/12365\/revisions"}],"up":[{"embeddable":true,"href":"https:\/\/www.issn.org\/es\/wp-json\/wp\/v2\/pages\/12582"}],"wp:attachment":[{"href":"https:\/\/www.issn.org\/es\/wp-json\/wp\/v2\/media?parent=12365"}],"curies":[{"name":"wp","href":"https:\/\/api.w.org\/{rel}","templated":true}]}}