{"id":12367,"date":"2017-02-23T15:28:05","date_gmt":"2017-02-23T14:28:05","guid":{"rendered":"http:\/\/www.issn.org\/es\/?page_id=12367"},"modified":"2017-03-16T11:32:44","modified_gmt":"2017-03-16T10:32:44","slug":"usos-practicos-del-numero-issn","status":"publish","type":"page","link":"https:\/\/www.issn.org\/es\/comprender-el-issn\/usos-del-issn\/usos-practicos-del-numero-issn\/","title":{"rendered":"Usos pr\u00e1cticos del n\u00famero ISSN"},"content":{"rendered":"<p class=\"chapo\">M\u00e1s all\u00e1 de su funci\u00f3n en la identificaci\u00f3n de los t\u00edtulos, el n\u00famero ISSN es una herramienta indispensable en el trabajo cotidiano de todos los profesionales de las publicaciones seriadas.<\/p>\n<ul>\n<li>Archivado electr\u00f3nico<\/li>\n<li>Catalogaci\u00f3n<\/li>\n<li>Distribuci\u00f3n, suscripci\u00f3n y gesti\u00f3n<\/li>\n<\/ul>\n<h2>Archivado electr\u00f3nico<\/h2>\n<p>El <a href=\"https:\/\/www.issn.org\/es\/comprender-el-issn\/registro-internacional-del-issn\/\">Registro internacional del ISSN<\/a> es el cat\u00e1logo mundial de la publicaciones seriadas. En \u00e9l, las publicaciones en serie est\u00e1n registradas de forma exhaustiva.<\/p>\n<p>As\u00ed, el n\u00famero ISSN es una herramienta bibliogr\u00e1fica con la cual los estudiantes, investigadores, redactores de res\u00famenes y bibliotecarios pueden suministrar una referencia exacta de una publicaci\u00f3n seriada.<\/p>\n<h2>Catalogaci\u00f3n<\/h2>\n<p>Utilizado como c\u00f3digo num\u00e9rico normalizado de identificaci\u00f3n, el n\u00famero ISSN se emplea en aplicaciones inform\u00e1ticas para:<br \/>\n&#8211; actualizar los archivos,<br \/>\n&#8211;\u00a0establecer v\u00ednculos entre archivos diferentes,<br \/>\n&#8211;\u00a0buscar e intercambiar datos.<\/p>\n<h2>Distribuci\u00f3n, suscripci\u00f3n y gesti\u00f3n<\/h2>\n<p>Las bibliotecas utilizan el n\u00famero ISSN para:<br \/>\n&#8211;\u00a0identificar los t\u00edtulos,<br \/>\n&#8211;\u00a0hacer un pedido y verificar las publicaciones en serie,<br \/>\n&#8211;\u00a0reclamar los fasc\u00edculos faltantes.<\/p>\n<p>El n\u00famero ISSN simplifica las operaciones de pr\u00e9stamo entre bibliotecas, al igual que los controles y verificaciones en los cat\u00e1logos colectivos.<\/p>\n<p>La utilizaci\u00f3n exacta del n\u00famero de ISSN es indispensable para asegurar una buena resoluci\u00f3n de los enlaces basados en OpenURL.<\/p>\n<p>Entre los editores y los proveedores, el n\u00famero ISSN es una herramienta de comunicaci\u00f3n pr\u00e1ctica y econ\u00f3mica.<br \/>\nContribuye a la rapidez y a la eficacia de los sistemas de distribuci\u00f3n comercial.<\/p>\n","protected":false},"excerpt":{"rendered":"<p>M\u00e1s all\u00e1 de su funci\u00f3n en la identificaci\u00f3n de los t\u00edtulos, el n\u00famero ISSN es una herramienta indispensable en el trabajo cotidiano de todos los profesionales de las publicaciones seriadas. Archivado electr\u00f3nico Catalogaci\u00f3n Distribuci\u00f3n, suscripci\u00f3n y gesti\u00f3n Archivado electr\u00f3nico El Registro internacional del ISSN es el cat\u00e1logo mundial de la publicaciones seriadas. En \u00e9l, las [&hellip;]<\/p>\n","protected":false},"author":1,"featured_media":0,"parent":12582,"menu_order":2,"comment_status":"closed","ping_status":"closed","template":"","meta":{"_acf_changed":false,"footnotes":""},"class_list":["post-12367","page","type-page","status-publish","hentry"],"acf":[],"_links":{"self":[{"href":"https:\/\/www.issn.org\/es\/wp-json\/wp\/v2\/pages\/12367","targetHints":{"allow":["GET"]}}],"collection":[{"href":"https:\/\/www.issn.org\/es\/wp-json\/wp\/v2\/pages"}],"about":[{"href":"https:\/\/www.issn.org\/es\/wp-json\/wp\/v2\/types\/page"}],"author":[{"embeddable":true,"href":"https:\/\/www.issn.org\/es\/wp-json\/wp\/v2\/users\/1"}],"replies":[{"embeddable":true,"href":"https:\/\/www.issn.org\/es\/wp-json\/wp\/v2\/comments?post=12367"}],"version-history":[{"count":0,"href":"https:\/\/www.issn.org\/es\/wp-json\/wp\/v2\/pages\/12367\/revisions"}],"up":[{"embeddable":true,"href":"https:\/\/www.issn.org\/es\/wp-json\/wp\/v2\/pages\/12582"}],"wp:attachment":[{"href":"https:\/\/www.issn.org\/es\/wp-json\/wp\/v2\/media?parent=12367"}],"curies":[{"name":"wp","href":"https:\/\/api.w.org\/{rel}","templated":true}]}}