{"id":12371,"date":"2024-01-18T14:00:37","date_gmt":"2024-01-18T13:00:37","guid":{"rendered":"http:\/\/www.issn.org\/es\/?page_id=12371"},"modified":"2024-01-18T16:20:10","modified_gmt":"2024-01-18T15:20:10","slug":"registro-internacional-del-issn","status":"publish","type":"page","link":"https:\/\/www.issn.org\/es\/comprender-el-issn\/registro-internacional-del-issn\/","title":{"rendered":"Registro Internacional del ISSN"},"content":{"rendered":"<p>Publicado por el Centro Internacional del ISSN, el <a href=\"https:\/\/portal.issn.org\">Portal del ISSN<\/a> clasifica y lista todos los n\u00fameros ISSN atribuidos a las publicaciones en serie. Es la fuente de referencia m\u00e1s completa del mundo para la identificaci\u00f3n de las publicaciones en serie.<\/p>\n<ul>\n<li><a href=\"https:\/\/portal.issn.org\">Portal del ISSN<\/a>: algunas cifras<\/li>\n<li>Datos exhaustivos<\/li>\n<li>Consultar el Registro Internacional del ISSN<\/li>\n<\/ul>\n<h2>Portal del ISSN: algunas cifras<\/h2>\n<p>La Red ISSN ha atribuido m\u00e1s de <strong>2.5 millones de n\u00fameros ISSN<\/strong>.<\/p>\n<p>Actualizada constantemente por la Red ISSN, la base de datos <strong>crece a un ritmo de unos 50.000 a 70.000 nuevos n\u00fameros ISSN por a\u00f1o<\/strong>, lo que corresponde a un n\u00famero equivalente de noticias y de publicaciones identificadas.<\/p>\n<p>Cada a\u00f1o se efect\u00faan unas <strong>130.000 correcciones y modificaciones<\/strong>.<\/p>\n<p>La versi\u00f3n en l\u00ednea, que se puede consultar en Internet, se actualiza permanentemente.<\/p>\n<p>Para m\u00e1s informaci\u00f3n sobre el contenido y el crecimiento del <a href=\"https:\/\/portal.issn.org\">Portal del ISSN<\/a>, consulte las estad\u00edsticas del ISSN (en ingl\u00e9s):<\/p>\n<ul>\n<li><a href=\"https:\/\/www.issn.org\/wp-content\/uploads\/2023\/02\/Total-number-of-records.pdf\">Cantidad total de noticias<\/a><\/li>\n<li><a href=\"https:\/\/www.issn.org\/wp-content\/uploads\/2021\/09\/Records-for-countries-with-NC_v3.pdf\">Cantidad de noticias por pa\u00eds que tenga un centro nacional del ISSN<\/a><\/li>\n<li><a href=\"https:\/\/www.issn.org\/wp-content\/uploads\/2021\/09\/Records-for-countries-under-IC-1.pdf\">Cantidad de noticias para los pa\u00edses bajo la responsabilidad del Centro Internacional<\/a><\/li>\n<li><a href=\"https:\/\/www.issn.org\/wp-content\/uploads\/2021\/09\/Records-per-type.pdf\">Cantidad de noticias por tipo<\/a><\/li>\n<li><a href=\"https:\/\/www.issn.org\/wp-content\/uploads\/2021\/09\/Records-per-medium.pdf\">Cantidad de noticias por soporte<\/a><\/li>\n<li><a href=\"https:\/\/www.issn.org\/wp-content\/uploads\/2021\/09\/Records-per-status.pdf\">Cantidad de noticias por estatus<\/a><\/li>\n<li><a href=\"https:\/\/www.issn.org\/wp-content\/uploads\/2021\/09\/Records-per-languages-most-represented.pdf\">Cantidad de noticias por idiomas m\u00e1s utilizados<\/a><\/li>\n<\/ul>\n<h2>Datos exhaustivos<\/h2>\n<p>Cada noticia bibliogr\u00e1fica del <a href=\"https:\/\/portal.issn.org\">Portal del ISSN<\/a> contiene:<\/p>\n<ul>\n<li>los elementos \u00fanicos de referencia de la publicaci\u00f3n:<\/li>\n<li>ISSN,<\/li>\n<li>t\u00edtulo clave,<\/li>\n<li>t\u00edtulo clave abreviado,<\/li>\n<\/ul>\n<ul>\n<li>elementos suplementarios que permiten identificar la publicaci\u00f3n correspondiente:<\/li>\n<li>periodicidad,<\/li>\n<li>idioma,<\/li>\n<li>otras formas del t\u00edtulo,<\/li>\n<li>lugar de edici\u00f3n,<\/li>\n<li>editor,<\/li>\n<li>soporte.<\/li>\n<\/ul>\n<ul>\n<li>seg\u00fan corresponda, los enlaces que correlacionan ese t\u00edtulo con otros t\u00edtulos que tambi\u00e9n han sido identificados por un n\u00famero ISSN:\n<ul>\n<li>t\u00edtulo(s) anterior(es),<\/li>\n<li>ediciones en otros idiomas,<\/li>\n<li>ediciones en otros soportes\u2026<\/li>\n<\/ul>\n<\/li>\n<\/ul>\n<h2>Consultar el Portal del ISSN<\/h2>\n<p>El Registro Internacional del ISSN se puede consultar <strong>por suscripci\u00f3n<\/strong> en l\u00ednea en el Portal del ISSN.<\/p>\n<p>Tambi\u00e9n se lo puede consultar por otras v\u00edas posibles:<\/p>\n<ul>\n<li><a href=\"https:\/\/www.issn.org\/es\/servicios-y-prestaciones\/el-registro-internacional-del-issn-una-herramienta-de-trabajo-imprescindible\/las-opciones-de-suscripcion\/\">Z39.50<\/a>,<\/li>\n<li><a href=\"https:\/\/www.issn.org\/es\/servicios-y-prestaciones\/el-registro-internacional-del-issn-una-herramienta-de-trabajo-imprescindible\/las-opciones-de-suscripcion\/\">protocolo OAI-PMH<\/a>,<\/li>\n<li><a href=\"https:\/\/www.issn.org\/es\/servicios-y-prestaciones\/el-registro-internacional-del-issn-una-herramienta-de-trabajo-imprescindible\/las-opciones-de-suscripcion\/\">archivo de datos brutos<\/a>.<\/li>\n<\/ul>\n<p>Las noticias ISSN se pueden obtener en los formatos siguientes:<\/p>\n<ul>\n<li><a href=\"https:\/\/www.issn.org\/wp-content\/uploads\/2016\/11\/ISSN-MARC-21-ENG-Revised-September-2016.pdf\">ISSN MARC 21<\/a><\/li>\n<li><a href=\"https:\/\/www.issn.org\/wp-content\/uploads\/2013\/07\/issn-unimarc-eng.pdf\">issn-unimarc-eng<\/a>,<\/li>\n<li><a href=\"http:\/\/www.loc.gov\/standards\/marcxml\/\">MARC XML<\/a><\/li>\n<\/ul>\n<p>Los cuadros indican las zonas de MARC 21 y de UNIMARC requeridas para la creaci\u00f3n de registros ISSN.<br \/>\nEl formato de intercambio es <a href=\"https:\/\/www.issn.org\/es\/comprender-el-issn\/issn-un-codigo-normalizado\/\" target=\"_blank\" rel=\"noopener noreferrer\">ISO 2709<\/a>.<\/p>\n","protected":false},"excerpt":{"rendered":"<p>Publicado por el Centro Internacional del ISSN, el Portal del ISSN clasifica y lista todos los n\u00fameros ISSN atribuidos a las publicaciones en serie. Es la fuente de referencia m\u00e1s completa del mundo para la identificaci\u00f3n de las publicaciones en serie. Portal del ISSN: algunas cifras Datos exhaustivos Consultar el Registro Internacional del ISSN Portal [&hellip;]<\/p>\n","protected":false},"author":1,"featured_media":0,"parent":12318,"menu_order":4,"comment_status":"closed","ping_status":"closed","template":"","meta":{"_acf_changed":false,"footnotes":""},"class_list":["post-12371","page","type-page","status-publish","hentry","caroussel-saffiche-dans-le-caroussel"],"acf":[],"_links":{"self":[{"href":"https:\/\/www.issn.org\/es\/wp-json\/wp\/v2\/pages\/12371","targetHints":{"allow":["GET"]}}],"collection":[{"href":"https:\/\/www.issn.org\/es\/wp-json\/wp\/v2\/pages"}],"about":[{"href":"https:\/\/www.issn.org\/es\/wp-json\/wp\/v2\/types\/page"}],"author":[{"embeddable":true,"href":"https:\/\/www.issn.org\/es\/wp-json\/wp\/v2\/users\/1"}],"replies":[{"embeddable":true,"href":"https:\/\/www.issn.org\/es\/wp-json\/wp\/v2\/comments?post=12371"}],"version-history":[{"count":10,"href":"https:\/\/www.issn.org\/es\/wp-json\/wp\/v2\/pages\/12371\/revisions"}],"predecessor-version":[{"id":42592,"href":"https:\/\/www.issn.org\/es\/wp-json\/wp\/v2\/pages\/12371\/revisions\/42592"}],"up":[{"embeddable":true,"href":"https:\/\/www.issn.org\/es\/wp-json\/wp\/v2\/pages\/12318"}],"wp:attachment":[{"href":"https:\/\/www.issn.org\/es\/wp-json\/wp\/v2\/media?parent=12371"}],"curies":[{"name":"wp","href":"https:\/\/api.w.org\/{rel}","templated":true}]}}