{"id":12376,"date":"2017-02-23T15:47:55","date_gmt":"2017-02-23T14:47:55","guid":{"rendered":"http:\/\/www.issn.org\/es\/?page_id=12376"},"modified":"2017-03-16T11:50:13","modified_gmt":"2017-03-16T10:50:13","slug":"issn-un-codigo-normalizado","status":"publish","type":"page","link":"https:\/\/www.issn.org\/es\/comprender-el-issn\/issn-un-codigo-normalizado\/","title":{"rendered":"ISSN: un c\u00f3digo normalizado"},"content":{"rendered":"<p>El ISSN se rige por una norma ISO espec\u00edfica. Tambi\u00e9n obedece a otras normas ISO que se utilizan en el mundo de las bibliotecas y de la edici\u00f3n.<\/p>\n<ul>\n<li>ISSN y normas ISO<\/li>\n<li>Otras normas<\/li>\n<li>Otros c\u00f3digos de identificaci\u00f3n<\/li>\n<\/ul>\n<h2>ISSN y normas ISO<\/h2>\n<h3>La norma del ISSN: ISO 3297<\/h3>\n<p>La norma ISO 3297, que contiene la definici\u00f3n del ISSN y las reglas de aplicaci\u00f3n normalizadas, se comenz\u00f3 a redactar en 1971 y se public\u00f3 por primera vez en 1975. Desde entonces, es revisada peri\u00f3dicamente.<br \/>\nCon esta norma el ISSN se ha convertido en una herramienta internacional en los \u00e1mbitos m\u00e1s diversos.<\/p>\n<p>ISO ha designado el Centro Internacional del ISSN como organismo que rige el registro de los n\u00fameros ISSN.<\/p>\n<h3>La norme ISO 4 para las abreviaturas<\/h3>\n<p>La norme ISO 4 define las reglas para abreviar las palabras de los t\u00edtulos y los t\u00edtulos de las publicaciones.<\/p>\n<p>Las palabras de la <a href=\"https:\/\/www.issn.org\/es\/servicios-y-prestaciones\/servicios-en-linea\/consultar-la-ltwa\/\">Lista de Abreviaturas<\/a> de Palabras de los T\u00edtulos se abrevian conforme a esta norma.<\/p>\n<p>El Centro Internacional del ISSN es la agencia de mantenimiento de esta norma.<\/p>\n<p>Conforme al \u00e1mbito de aplicaci\u00f3n de esta norma, las abreviaturas tambi\u00e9n se pueden utilizar en los t\u00edtulos de las publicaciones no seriadas.<\/p>\n<h3>La norma ISO 2709 para los registros bibliogr\u00e1ficos<\/h3>\n<p>El formato digital ISO 2709 constituye la norma universal que se utiliza en el universo bibliotecario para los registros bibliogr\u00e1ficos.<\/p>\n<p>Las bibliotecas que no cuentan con un sistema de gesti\u00f3n integrado pueden utilizar los registros realizados seg\u00fan el formato ISO 2709 utilizando herramientas como MARC RTP, MARC.pm e incluso las que ofrece la Biblioteca del Congreso .<\/p>\n<h2>Otras normas<\/h2>\n<p>En su car\u00e1cter de identificaci\u00f3n internacional, el n\u00famero ISSN tambi\u00e9n recurre a otras normas:<\/p>\n<ul>\n<li>reglas de transliteraci\u00f3n,<\/li>\n<li>fuentes o tipos,<\/li>\n<li>c\u00f3digos de lenguas,<\/li>\n<li>c\u00f3digos de pa\u00edses.<\/li>\n<\/ul>\n<h2>Otros c\u00f3digos de identificaci\u00f3n<\/h2>\n<p>El principio general de un c\u00f3digo de identificaci\u00f3n internacional normalizado tambi\u00e9n existe en otros \u00e1mbitos.<br \/>\nDe este modo:<\/p>\n<ul>\n<li>las monograf\u00edas (libros) se identifican con un n\u00famero <a href=\"http:\/\/www.isbn-international.org\/\">ISBN<\/a> (<em>International Standard Book Number<\/em>),<\/li>\n<li>las partituras musicales se identifican con un n\u00famero <a href=\"http:\/\/www.ismn-international.org\/\">ISMN<\/a> (<em>International Standard Music Number<\/em>),<\/li>\n<li>los registros sonoros se identifican con un n\u00famero <a href=\"http:\/\/isrc.ifpi.org\/\">ISRC<\/a> (<em>International Standard Recording Code<\/em>),<\/li>\n<li>etc.<\/li>\n<\/ul>\n<p>A cada uno de esos c\u00f3digos corresponde un \u00e1mbito de aplicaci\u00f3n espec\u00edfico y claramente definido, al igual que una l\u00f3gica propia.<\/p>\n<p><strong><em>Las normas que se indican a continuaci\u00f3n est\u00e1n bajo la responsabilidad del Subcomit\u00e9 9 del <\/em><\/strong><a href=\"http:\/\/www.iso.org\/iso\/fr\/home\/standards_development\/list_of_iso_technical_committees\/iso_technical_committee.htm?commid=48836\"><strong><em>Comit\u00e9 T\u00e9cnico 46 (ISO TC46\/SC9)<\/em><\/strong><\/a><strong><em> dedicado a la identificaci\u00f3n y a la descripci\u00f3n.<\/em><\/strong><em>\u00a0<\/em><\/p>\n<p><strong>ISO 2108:2005 <\/strong>Informaci\u00f3n y documentaci\u00f3n \u2013 N\u00famero internacional normalizado del libro (ISBN)\u00a0<a href=\"http:\/\/www.isbn-international.org\/\">http:\/\/www.isbn-international.org\/<\/a><\/p>\n<p><strong>ISO 3297:2007 <\/strong>Informaci\u00f3n y documentaci\u00f3n \u2013 N\u00famero internacional normalizado de publicaciones en serie (ISSN)\u00a0<a href=\"https:\/\/www.issn.org\/\">https:\/\/www.issn.org\/<\/a><\/p>\n<p><strong>ISO 3901:2001 <\/strong>Informaci\u00f3n y documentaci\u00f3n \u2013 N\u00famero internacional normalizado de registros (ISRC) <a href=\"http:\/\/isrc.ifpi.org\/\">http:\/\/isrc.ifpi.org\/<\/a><\/p>\n<p><strong>ISO 10957:2009 <\/strong>Informaci\u00f3n y documentaci\u00f3n \u2013 N\u00famero internacional normalizado de m\u00fasica (ISMN) <a href=\"http:\/\/www.ismn-international.org\/\">http:\/\/www.ismn-international.org\/<\/a><\/p>\n<p><strong>ISO 15706-1:2002 <\/strong>Informaci\u00f3n y documentaci\u00f3n \u2013 N\u00famero internacional normalizado de obras audiovisuales (ISAN) &#8212; Parte 1: N\u00famero de identificaci\u00f3n del trabajo audiovisual <a href=\"http:\/\/www.isan.org\/\">http:\/\/www.isan.org\/<\/a><\/p>\n<p><strong>ISO 15706-2:2007 <\/strong>Informaci\u00f3n y documentaci\u00f3n \u2013 N\u00famero internacional normalizado de obras audiovisuales (ISAN) &#8212; Parte 2: N\u00famero de identificaci\u00f3n de la versi\u00f3n <a href=\"http:\/\/www.isan.org\/\">http:\/\/www.isan.org\/<\/a><\/p>\n<p><strong>ISO 15707:2001 <\/strong>Informaci\u00f3n y documentaci\u00f3n \u2013 C\u00f3digo internacional normalizado de obras musicales (ISWC) <a href=\"http:\/\/www.iswc.org\/\">http:\/\/www.iswc.org\/<\/a><\/p>\n<p><strong>ISO 21047:2009 <\/strong>Informaci\u00f3n y documentaci\u00f3n \u2013 C\u00f3digo internacional normalizado de obras textuales (ISTC) <a href=\"http:\/\/www.istc-international.org\/\">http:\/\/www.istc-international.org\/<\/a><\/p>\n<p><strong>ISO 27729:2012 <\/strong>Informaci\u00f3n y documentaci\u00f3n \u2013 C\u00f3digo internacional normalizado de nombres (ISNI) <a href=\"http:\/\/www.isni.org\/\">http:\/\/www.isni.org\/<\/a><\/p>\n<p><strong>ISO 27730:2012 <\/strong>Informaci\u00f3n y documentaci\u00f3n \u2013 C\u00f3digo internacional normalizado de colecciones (ISCI) <a href=\"http:\/\/www.iso.org\/iso\/catalogue_detail.htm?csnumber=44293\">http:\/\/www.iso.org\/iso\/catalogue_detail.htm?csnumber=44293<\/a><\/p>\n<p><strong>ISO 26324:2012<\/strong> Informaci\u00f3n y documentaci\u00f3n \u2013 Sistema de identificaci\u00f3n digital de objeto (DOI) <a href=\"http:\/\/www.doi.org\">http:\/\/www.doi.org<\/a><\/p>\n<p><strong><em><u>La Agencia de Registro del DOI<\/u><\/em>:<\/strong> <strong>International Digital Object Identifier Foundation, Inc., <\/strong>Linkside Avenue 5, GB-Oxford OX2 8HY, Reino Unido \u2022 Tel:\u00a0 +44 1865 559070 \u2022 Fax: +44 1865 31 44 75\u00a0\u2022 Web: <a href=\"http:\/\/www.doi.org\">http:\/\/www.doi.org<\/a><\/p>\n","protected":false},"excerpt":{"rendered":"<p>El ISSN se rige por una norma ISO espec\u00edfica. Tambi\u00e9n obedece a otras normas ISO que se utilizan en el mundo de las bibliotecas y de la edici\u00f3n. ISSN y normas ISO Otras normas Otros c\u00f3digos de identificaci\u00f3n ISSN y normas ISO La norma del ISSN: ISO 3297 La norma ISO 3297, que contiene la [&hellip;]<\/p>\n","protected":false},"author":1,"featured_media":0,"parent":12318,"menu_order":5,"comment_status":"closed","ping_status":"closed","template":"","meta":{"_acf_changed":false,"footnotes":""},"class_list":["post-12376","page","type-page","status-publish","hentry"],"acf":[],"_links":{"self":[{"href":"https:\/\/www.issn.org\/es\/wp-json\/wp\/v2\/pages\/12376","targetHints":{"allow":["GET"]}}],"collection":[{"href":"https:\/\/www.issn.org\/es\/wp-json\/wp\/v2\/pages"}],"about":[{"href":"https:\/\/www.issn.org\/es\/wp-json\/wp\/v2\/types\/page"}],"author":[{"embeddable":true,"href":"https:\/\/www.issn.org\/es\/wp-json\/wp\/v2\/users\/1"}],"replies":[{"embeddable":true,"href":"https:\/\/www.issn.org\/es\/wp-json\/wp\/v2\/comments?post=12376"}],"version-history":[{"count":0,"href":"https:\/\/www.issn.org\/es\/wp-json\/wp\/v2\/pages\/12376\/revisions"}],"up":[{"embeddable":true,"href":"https:\/\/www.issn.org\/es\/wp-json\/wp\/v2\/pages\/12318"}],"wp:attachment":[{"href":"https:\/\/www.issn.org\/es\/wp-json\/wp\/v2\/media?parent=12376"}],"curies":[{"name":"wp","href":"https:\/\/api.w.org\/{rel}","templated":true}]}}