{"id":12385,"date":"2017-02-23T16:03:40","date_gmt":"2017-02-23T15:03:40","guid":{"rendered":"http:\/\/www.issn.org\/es\/?page_id=12385"},"modified":"2021-04-06T13:49:10","modified_gmt":"2021-04-06T11:49:10","slug":"ponerse-en-contacto-con-el-centro-internacional-del-issn","status":"publish","type":"page","link":"https:\/\/www.issn.org\/es\/servicios-y-prestaciones\/solicitar-un-issn\/ponerse-en-contacto-con-el-centro-internacional-del-issn\/","title":{"rendered":"Ponerse en contacto con el Centro Internacional del ISSN"},"content":{"rendered":"<p class=\"chapo\">Si necesita ponerse en contacto con el Centro Internacional del ISSN encontrar\u00e1 todos los datos necesarios m\u00e1s abajo.<\/p>\n<ul>\n<li>Para una pedida de inscripci\u00f3n al ISSN<\/li>\n<li>Para cualquier otra consulta<\/li>\n<\/ul>\n<h2>Para todas las solicitudes de atribuci\u00f3n de un n\u00famero ISSN<\/h2>\n<p>Utilice el <a href=\"https:\/\/www.issn.org\/es\/servicios-y-prestaciones\/solicitar-un-issn\/\">formulario<\/a> correspondiente a este enlace.<\/p>\n<p>O p\u00f3ngase en contacto con el Departamento de Datos, Red ISSN y Normas, escribiendo a la siguiente direcci\u00f3n de correo electr\u00f3nico: issnic[at]issn.org<\/p>\n<p>Tel\u00e9fono: <strong>+33 1 44 88 22 20 <\/strong><\/p>\n<h2>Para cualquier otra consulta<\/h2>\n<p>Para cualquier otra consulta, p\u00f3ngase en contacto con el Centro Internacional del ISSN, exclusivamente por correo postal, correo electr\u00f3nico o llamando por tel\u00e9fono (el Centro Internacional del ISSN no recibe al p\u00fablico en sus locales).<\/p>\n<p>Direcci\u00f3n de correo postal:<br \/>\n<strong>Centro Internacional del ISSN<\/strong><br \/>\n<strong>45 rue de Turbigo<\/strong><br \/>\n<strong>75003 Par\u00eds<\/strong><br \/>\n<strong>Francia<\/strong><\/p>\n<p>Fax: <strong>+33 1 40 26 32 43<\/strong><\/p>\n<p>Correo electr\u00f3nico: secretariat[at]issn.org<\/p>\n","protected":false},"excerpt":{"rendered":"<p>Si necesita ponerse en contacto con el Centro Internacional del ISSN encontrar\u00e1 todos los datos necesarios m\u00e1s abajo. Para una pedida de inscripci\u00f3n al ISSN Para cualquier otra consulta Para todas las solicitudes de atribuci\u00f3n de un n\u00famero ISSN Utilice el formulario correspondiente a este enlace. O p\u00f3ngase en contacto con el Departamento de Datos, [&hellip;]<\/p>\n","protected":false},"author":1,"featured_media":0,"parent":12381,"menu_order":3,"comment_status":"closed","ping_status":"closed","template":"","meta":{"_acf_changed":false,"footnotes":""},"class_list":["post-12385","page","type-page","status-publish","hentry"],"acf":[],"_links":{"self":[{"href":"https:\/\/www.issn.org\/es\/wp-json\/wp\/v2\/pages\/12385","targetHints":{"allow":["GET"]}}],"collection":[{"href":"https:\/\/www.issn.org\/es\/wp-json\/wp\/v2\/pages"}],"about":[{"href":"https:\/\/www.issn.org\/es\/wp-json\/wp\/v2\/types\/page"}],"author":[{"embeddable":true,"href":"https:\/\/www.issn.org\/es\/wp-json\/wp\/v2\/users\/1"}],"replies":[{"embeddable":true,"href":"https:\/\/www.issn.org\/es\/wp-json\/wp\/v2\/comments?post=12385"}],"version-history":[{"count":3,"href":"https:\/\/www.issn.org\/es\/wp-json\/wp\/v2\/pages\/12385\/revisions"}],"predecessor-version":[{"id":32872,"href":"https:\/\/www.issn.org\/es\/wp-json\/wp\/v2\/pages\/12385\/revisions\/32872"}],"up":[{"embeddable":true,"href":"https:\/\/www.issn.org\/es\/wp-json\/wp\/v2\/pages\/12381"}],"wp:attachment":[{"href":"https:\/\/www.issn.org\/es\/wp-json\/wp\/v2\/media?parent=12385"}],"curies":[{"name":"wp","href":"https:\/\/api.w.org\/{rel}","templated":true}]}}