{"id":12387,"date":"2023-09-07T14:06:22","date_gmt":"2023-09-07T12:06:22","guid":{"rendered":"http:\/\/www.issn.org\/es\/?page_id=12387"},"modified":"2023-09-08T09:11:41","modified_gmt":"2023-09-08T07:11:41","slug":"el-issn-para-los-editores-multinacionales","status":"publish","type":"page","link":"https:\/\/www.issn.org\/es\/servicios-y-prestaciones\/solicitar-un-issn\/el-issn-para-los-editores-multinacionales\/","title":{"rendered":"El ISSN para los editores multinacionales"},"content":{"rendered":"<p>Los editores multinacionales operan en diferentes pa\u00edses y generalmente poseen varias marcas.<\/p>\n<p>Para evitar la duplicaci\u00f3n de las asignaciones de ISSN para las publicaciones de los editores multinacionales, la red del ISSN ha desarrollado una herramienta din\u00e1mica para asignar responsabilidades entre los Centros Nacionales del ISSN. Los Centros Nacionales colaboran a trav\u00e9s de una wiki para determinar qu\u00e9 Centro identificar\u00e1 los recursos de un editor determinado.<\/p>\n<p>El documento que figura a continuaci\u00f3n contiene la lista actualizada de editores y los Centros Nacionales responsables (s\u00f3lo en ingl\u00e9s).<\/p>\n<p><a href=\"https:\/\/www.issn.org\/wp-content\/uploads\/List_Multinational_Publishers.pdf\">Multinational Publishers List<\/a><\/p>\n<p>&nbsp;<\/p>\n","protected":false},"excerpt":{"rendered":"<p>Los editores multinacionales operan en diferentes pa\u00edses y generalmente poseen varias marcas. Para evitar la duplicaci\u00f3n de las asignaciones de ISSN para las publicaciones de los editores multinacionales, la red del ISSN ha desarrollado una herramienta din\u00e1mica para asignar responsabilidades entre los Centros Nacionales del ISSN. Los Centros Nacionales colaboran a trav\u00e9s de una wiki [&hellip;]<\/p>\n","protected":false},"author":1,"featured_media":0,"parent":12381,"menu_order":4,"comment_status":"closed","ping_status":"closed","template":"","meta":{"_acf_changed":false,"footnotes":""},"class_list":["post-12387","page","type-page","status-publish","hentry"],"acf":[],"_links":{"self":[{"href":"https:\/\/www.issn.org\/es\/wp-json\/wp\/v2\/pages\/12387","targetHints":{"allow":["GET"]}}],"collection":[{"href":"https:\/\/www.issn.org\/es\/wp-json\/wp\/v2\/pages"}],"about":[{"href":"https:\/\/www.issn.org\/es\/wp-json\/wp\/v2\/types\/page"}],"author":[{"embeddable":true,"href":"https:\/\/www.issn.org\/es\/wp-json\/wp\/v2\/users\/1"}],"replies":[{"embeddable":true,"href":"https:\/\/www.issn.org\/es\/wp-json\/wp\/v2\/comments?post=12387"}],"version-history":[{"count":2,"href":"https:\/\/www.issn.org\/es\/wp-json\/wp\/v2\/pages\/12387\/revisions"}],"predecessor-version":[{"id":40720,"href":"https:\/\/www.issn.org\/es\/wp-json\/wp\/v2\/pages\/12387\/revisions\/40720"}],"up":[{"embeddable":true,"href":"https:\/\/www.issn.org\/es\/wp-json\/wp\/v2\/pages\/12381"}],"wp:attachment":[{"href":"https:\/\/www.issn.org\/es\/wp-json\/wp\/v2\/media?parent=12387"}],"curies":[{"name":"wp","href":"https:\/\/api.w.org\/{rel}","templated":true}]}}