{"id":12390,"date":"2013-09-13T16:11:28","date_gmt":"2013-09-13T14:11:28","guid":{"rendered":"http:\/\/www.issn.org\/es\/?page_id=12390"},"modified":"2020-02-24T14:37:03","modified_gmt":"2020-02-24T13:37:03","slug":"el-registro-internacional-del-issn-una-herramienta-de-trabajo-imprescindible","status":"publish","type":"page","link":"https:\/\/www.issn.org\/es\/servicios-y-prestaciones\/el-registro-internacional-del-issn-una-herramienta-de-trabajo-imprescindible\/","title":{"rendered":"El Portal Internacional del ISSN, una herramienta de trabajo imprescindible"},"content":{"rendered":"<p>Navegar a trav\u00e9s del oc\u00e9ano de publicaciones peri\u00f3dicas con la ayuda del ISSN: \u00a1Inscr\u00edbase en el <a href=\"https:\/\/portal.issn.org\/\">Portal del ISSN<\/a>!<\/p>\n<ul>\n<li>Cat\u00e1logo exhaustivo de todos los n\u00fameros ISSN<\/li>\n<li>Herramienta de gesti\u00f3n para los profesionales del sector<\/li>\n<li>Una ayuda important\u00edsima para la gesti\u00f3n cotidiana de los t\u00edtulos<\/li>\n<\/ul>\n<h2>Cat\u00e1logo exhaustivo de todos los n\u00fameros ISSN<\/h2>\n<p>Todos los n\u00fameros ISSN atribuidos se registran en una base de datos internacional que es el <a href=\"https:\/\/portal.issn.org\/\">Portal del ISSN<\/a>.<\/p>\n<p>Se considera que esta base de datos, que se puede consultar por Internet a trav\u00e9s del <a href=\"https:\/\/portal.issn.org\/\">Portal del ISSN<\/a>, es el cat\u00e1logo mundial de las publicaciones seriadas y dem\u00e1s recursos continuos.<\/p>\n<p>Ya se han atribuido m\u00e1s de 2.5 millones de n\u00fameros ISSN.<\/p>\n<p>Este sistema constituye unafuente de informaci\u00f3nla m\u00e1s reconocida y la m\u00e1s difundida en el mundo para la identificaci\u00f3n de las publicaciones seriadas.<\/p>\n<h2>Herramienta de gesti\u00f3n para los profesionales del sector<\/h2>\n<p>El n\u00famero ISSN es una clave y un medio de gesti\u00f3n para acceder a todos los peri\u00f3dicos electr\u00f3nicos o impresos.<\/p>\n<p>Presta un servicio cotidiano a muchos actores del sector:<\/p>\n<ul>\n<li>editores,<\/li>\n<li>difusores,<\/li>\n<li>agencias de suscripci\u00f3n,<\/li>\n<li>librer\u00edas,<\/li>\n<li>agencias de copyright,<\/li>\n<li>bibliotecarios y documentalistas.<\/li>\n<\/ul>\n<p>Constituye una referencia indispensable en el complejo universo de las publicaciones seriadas para identificar por ejemplo t\u00edtulos ef\u00edmeros o relaciones ambiguas entre diferentes t\u00edtulos.<\/p>\n<h2>Una ayuda cotidiana para gestionar los t\u00edtulos<\/h2>\n<p>El n\u00famero ISSN constituye tambi\u00e9n:<\/p>\n<ul>\n<li>una herramienta de comunicaci\u00f3n sencilla y segura entre editores y difusores,<\/li>\n<li>una herramienta al servicio de las bibliotecas y los centros de documentaci\u00f3n,<\/li>\n<li>una herramienta al servicio de la comunidad cient\u00edfica,<\/li>\n<li>una herramienta al servicio de los organismos de gesti\u00f3n de los derechos de copia,<\/li>\n<li>un criterio que, en algunos pa\u00edses, permite obtener una tarifa postal especial.<\/li>\n<\/ul>\n","protected":false},"excerpt":{"rendered":"<p>Navegar a trav\u00e9s del oc\u00e9ano de publicaciones peri\u00f3dicas con la ayuda del ISSN: \u00a1Inscr\u00edbase en el Portal del ISSN! Cat\u00e1logo exhaustivo de todos los n\u00fameros ISSN Herramienta de gesti\u00f3n para los profesionales del sector Una ayuda important\u00edsima para la gesti\u00f3n cotidiana de los t\u00edtulos Cat\u00e1logo exhaustivo de todos los n\u00fameros ISSN Todos los n\u00fameros ISSN [&hellip;]<\/p>\n","protected":false},"author":1,"featured_media":0,"parent":12572,"menu_order":2,"comment_status":"closed","ping_status":"closed","template":"","meta":{"_acf_changed":false,"footnotes":""},"class_list":["post-12390","page","type-page","status-publish","hentry","caroussel-saffiche-dans-le-caroussel"],"acf":[],"_links":{"self":[{"href":"https:\/\/www.issn.org\/es\/wp-json\/wp\/v2\/pages\/12390","targetHints":{"allow":["GET"]}}],"collection":[{"href":"https:\/\/www.issn.org\/es\/wp-json\/wp\/v2\/pages"}],"about":[{"href":"https:\/\/www.issn.org\/es\/wp-json\/wp\/v2\/types\/page"}],"author":[{"embeddable":true,"href":"https:\/\/www.issn.org\/es\/wp-json\/wp\/v2\/users\/1"}],"replies":[{"embeddable":true,"href":"https:\/\/www.issn.org\/es\/wp-json\/wp\/v2\/comments?post=12390"}],"version-history":[{"count":3,"href":"https:\/\/www.issn.org\/es\/wp-json\/wp\/v2\/pages\/12390\/revisions"}],"predecessor-version":[{"id":27381,"href":"https:\/\/www.issn.org\/es\/wp-json\/wp\/v2\/pages\/12390\/revisions\/27381"}],"up":[{"embeddable":true,"href":"https:\/\/www.issn.org\/es\/wp-json\/wp\/v2\/pages\/12572"}],"wp:attachment":[{"href":"https:\/\/www.issn.org\/es\/wp-json\/wp\/v2\/media?parent=12390"}],"curies":[{"name":"wp","href":"https:\/\/api.w.org\/{rel}","templated":true}]}}