{"id":12392,"date":"2017-02-23T16:17:33","date_gmt":"2017-02-23T15:17:33","guid":{"rendered":"http:\/\/www.issn.org\/es\/?page_id=12392"},"modified":"2020-05-28T10:56:09","modified_gmt":"2020-05-28T08:56:09","slug":"las-opciones-de-suscripcion","status":"publish","type":"page","link":"https:\/\/www.issn.org\/es\/servicios-y-prestaciones\/el-registro-internacional-del-issn-una-herramienta-de-trabajo-imprescindible\/las-opciones-de-suscripcion\/","title":{"rendered":"opciones de suscripci\u00f3n"},"content":{"rendered":"<p>B\u00fasquedas frecuentes, actualizaciones de informaci\u00f3n, etc. Dependiendo de sus necesidades, elija su acceso a el Registro Internacional del ISSN<\/p>\n<ul>\n<li><a href=\"https:\/\/portal.issn.org\">Portal del ISSN<\/a><\/li>\n<li>Protocolos de acceso automatizados<\/li>\n<\/ul>\n<h2><a href=\"https:\/\/portal.issn.org\">Portal del ISSN<\/a><\/h2>\n<p>\u00bfNecesita consultar frecuentemente el Registro internacional del ISSN? Suscr\u00edbase al Portal del ISSN.<\/p>\n<p>El <a href=\"https:\/\/portal.issn.org\">Portal del ISSN<\/a> es un interfaz web accesible mediante una suscripci\u00f3n.<\/p>\n<p>Puede elegir entre dos tipos de suscripci\u00f3n:<\/p>\n<ul>\n<li>Identificaci\u00f3n mediante usuario y contrase\u00f1a<\/li>\n<li>Identificaci\u00f3n mediante autentificaci\u00f3n de IP.<\/li>\n<\/ul>\n<p>Las suscripciones son v\u00e1lidas por a\u00f1os naturales (de enero a diciembre) o por trimestres.<\/p>\n<p><a href=\"https:\/\/www.issn.org\/es\/ponerse-en-contacto-con-el-servicio-comercial\/\">M\u00e1s informaci\u00f3n sobre las suscripciones<\/a><\/p>\n<h2>Protocolos de acceso automatizado<\/h2>\n<h3><\/h3>\n<h3>-Mediante el acceso Z39.50<\/h3>\n<p>Si trabaja en una biblioteca o centro de documentaci\u00f3n y necesita hacer b\u00fasquedas en varias bases de datos simult\u00e1neamente, puede elegir el acceso al Registro Internacional del ISSN a trav\u00e9s del protocolo Z39.50 (normas ISO 23950 y ANSI\/NISO Z39.50).<\/p>\n<h3>-Mediante APIs<\/h3>\n<p>Necesita actualizar autom\u00e1ticamente su base de datos regularmente o acceso autom\u00e1tico a los metadatos correspondientes a los ISSN locales. Puede elegir el acceso al Registro Internacional del ISSN a trav\u00e9s de APIs.<\/p>\n<p><a href=\"https:\/\/www.issn.org\/es\/ponerse-en-contacto-con-el-servicio-comercial\/\">M\u00e1s informaci\u00f3n sobre las suscripciones<\/a><\/p>\n<h3>-Protocolo OAI-PMH<\/h3>\n<p>Si debe actualizar autom\u00e1ticamente su versi\u00f3n local del Registro Internacional del ISSN de forma muy frecuente o consultar autom\u00e1ticamente los metadatos correspondientes al ISSN, elija consultar el Registro Internacional del ISSN a trav\u00e9s del protocolo OAI-PMH.<\/p>\n<p>Con este protocolo puede:<\/p>\n<ul>\n<li>hacer un seguimiento permanente de los cambios en el Registro Internacional del ISSN a un ritmo que responda a sus necesidades (mensual, semanal, diario, etc.),<\/li>\n<li>acceder autom\u00e1ticamente y en cualquier momento a un registro del Registro Internacional del ISSN, efectuando una b\u00fasqueda por n\u00famero ISSN,<\/li>\n<li>eventualmente, alimentar un portal tem\u00e1tico a partir de un perfil previamente definido.<\/li>\n<\/ul>\n<p>Su aplicaci\u00f3n env\u00eda las consultas http a nuestro servidor y el servidor responde enviando un flujo de datos (registros bibliogr\u00e1ficos) en formato Marc XML.<\/p>\n<p>Las especificaciones del protocolo se pueden consultar libremente en el sitio web de <a href=\"http:\/\/www.openarchives.org\/\">Openarchives<\/a>.<\/p>\n<p><a href=\"https:\/\/www.issn.org\/es\/ponerse-en-contacto-con-el-servicio-comercial\/\">M\u00e1s informaci\u00f3n sobre las suscripciones<\/a><\/p>\n","protected":false},"excerpt":{"rendered":"<p>B\u00fasquedas frecuentes, actualizaciones de informaci\u00f3n, etc. Dependiendo de sus necesidades, elija su acceso a el Registro Internacional del ISSN Portal del ISSN Protocolos de acceso automatizados Portal del ISSN \u00bfNecesita consultar frecuentemente el Registro internacional del ISSN? Suscr\u00edbase al Portal del ISSN. El Portal del ISSN es un interfaz web accesible mediante una suscripci\u00f3n. Puede [&hellip;]<\/p>\n","protected":false},"author":1,"featured_media":0,"parent":12390,"menu_order":2,"comment_status":"closed","ping_status":"closed","template":"","meta":{"_acf_changed":false,"footnotes":""},"class_list":["post-12392","page","type-page","status-publish","hentry"],"acf":[],"_links":{"self":[{"href":"https:\/\/www.issn.org\/es\/wp-json\/wp\/v2\/pages\/12392","targetHints":{"allow":["GET"]}}],"collection":[{"href":"https:\/\/www.issn.org\/es\/wp-json\/wp\/v2\/pages"}],"about":[{"href":"https:\/\/www.issn.org\/es\/wp-json\/wp\/v2\/types\/page"}],"author":[{"embeddable":true,"href":"https:\/\/www.issn.org\/es\/wp-json\/wp\/v2\/users\/1"}],"replies":[{"embeddable":true,"href":"https:\/\/www.issn.org\/es\/wp-json\/wp\/v2\/comments?post=12392"}],"version-history":[{"count":0,"href":"https:\/\/www.issn.org\/es\/wp-json\/wp\/v2\/pages\/12392\/revisions"}],"up":[{"embeddable":true,"href":"https:\/\/www.issn.org\/es\/wp-json\/wp\/v2\/pages\/12390"}],"wp:attachment":[{"href":"https:\/\/www.issn.org\/es\/wp-json\/wp\/v2\/media?parent=12392"}],"curies":[{"name":"wp","href":"https:\/\/api.w.org\/{rel}","templated":true}]}}