{"id":12394,"date":"2017-02-23T17:02:55","date_gmt":"2017-02-23T16:02:55","guid":{"rendered":"http:\/\/www.issn.org\/es\/?page_id=12394"},"modified":"2017-02-23T17:02:55","modified_gmt":"2017-02-23T16:02:55","slug":"pago-de-facturas-por-internet","status":"publish","type":"page","link":"https:\/\/www.issn.org\/es\/servicios-y-prestaciones\/el-registro-internacional-del-issn-una-herramienta-de-trabajo-imprescindible\/pago-de-facturas-por-internet\/","title":{"rendered":"Pago de facturas por Internet"},"content":{"rendered":"<p>El Centro Internacional del ISSN ha organizado un medio de pago m\u00e1s r\u00e1pido, fiable y pr\u00e1ctico por tarjeta de cr\u00e9dito, como complemento de otros medios de pago a su disposici\u00f3n (por giro o transferencia bancaria, por cheque o tal\u00f3n, o por tarjeta de cr\u00e9dito en un terminal de pago).<br \/>\nPuede pagar en l\u00ednea las facturas emitidas por el Centro Internacional del ISSN para pagar los productos y servicios del ISSN, o su contribuci\u00f3n como pa\u00eds miembro.<br \/>\nEl servicio est\u00e1 disponible 24 horas al d\u00eda, con la ventaja de realizar una transacci\u00f3n segura sin ninguna formalidad previa.<\/p>\n<p>Este servicio est\u00e1 disponible desde el 1 de abril de 2015. El sitio es seguro y utiliza el sistema Paypal.<\/p>\n<h2>Para pagar en l\u00ednea con tarjeta de cr\u00e9dito, siga las etapas que se describen a continuaci\u00f3n:<\/h2>\n<ul>\n<li><strong>Tenga a mano la factura emitida por el Centro Internacional del ISSN.<\/strong><\/li>\n<li><strong>Las \u00fanicas referencias que se piden son el c\u00f3digo de cliente y la referencia de la factura. <\/strong>Despu\u00e9s de completar los campos del formulario y hacer clic en el bot\u00f3n \u00abcontinuar\u00bb, el nombre de la instituci\u00f3n y la suma de la factura se completan autom\u00e1ticamente.<br \/>\nControle y confirme los datos y las cifras que aparecen.<\/li>\n<li><strong>El formulario le enviar\u00e1 hacia el servidor de pago seguro <\/strong>en el que podr\u00e1 finalizar el pago con su tarjeta de cr\u00e9dito.<\/li>\n<li><strong>Recibir\u00e1 un correo electr\u00f3nico de confirmaci\u00f3n de la operaci\u00f3n<\/strong> a la direcci\u00f3n de correo electr\u00f3nico que ha indicado.<\/li>\n<\/ul>\n<p><strong>No se le pedir\u00e1 ninguna informaci\u00f3n personal<\/strong>. No se registrar\u00e1 ni conservar\u00e1 ning\u00fan dato que suministre en el sitio <a href=\"https:\/\/www.issn.org\">www.issn.org<\/a> al efectuar estos pagos en l\u00ednea.<\/p>\n","protected":false},"excerpt":{"rendered":"<p>El Centro Internacional del ISSN ha organizado un medio de pago m\u00e1s r\u00e1pido, fiable y pr\u00e1ctico por tarjeta de cr\u00e9dito, como complemento de otros medios de pago a su disposici\u00f3n (por giro o transferencia bancaria, por cheque o tal\u00f3n, o por tarjeta de cr\u00e9dito en un terminal de pago). Puede pagar en l\u00ednea las facturas [&hellip;]<\/p>\n","protected":false},"author":1,"featured_media":0,"parent":12390,"menu_order":3,"comment_status":"closed","ping_status":"closed","template":"paiement.php","meta":{"_acf_changed":false,"footnotes":""},"class_list":["post-12394","page","type-page","status-publish","hentry"],"acf":[],"_links":{"self":[{"href":"https:\/\/www.issn.org\/es\/wp-json\/wp\/v2\/pages\/12394","targetHints":{"allow":["GET"]}}],"collection":[{"href":"https:\/\/www.issn.org\/es\/wp-json\/wp\/v2\/pages"}],"about":[{"href":"https:\/\/www.issn.org\/es\/wp-json\/wp\/v2\/types\/page"}],"author":[{"embeddable":true,"href":"https:\/\/www.issn.org\/es\/wp-json\/wp\/v2\/users\/1"}],"replies":[{"embeddable":true,"href":"https:\/\/www.issn.org\/es\/wp-json\/wp\/v2\/comments?post=12394"}],"version-history":[{"count":0,"href":"https:\/\/www.issn.org\/es\/wp-json\/wp\/v2\/pages\/12394\/revisions"}],"up":[{"embeddable":true,"href":"https:\/\/www.issn.org\/es\/wp-json\/wp\/v2\/pages\/12390"}],"wp:attachment":[{"href":"https:\/\/www.issn.org\/es\/wp-json\/wp\/v2\/media?parent=12394"}],"curies":[{"name":"wp","href":"https:\/\/api.w.org\/{rel}","templated":true}]}}