{"id":12396,"date":"2019-09-03T13:00:52","date_gmt":"2019-09-03T11:00:52","guid":{"rendered":"http:\/\/www.issn.org\/es\/?page_id=12396"},"modified":"2021-08-24T15:11:43","modified_gmt":"2021-08-24T13:11:43","slug":"road-directorio-de-recursos-cientificos-y-universitarios-en-acceso-abierto","status":"publish","type":"page","link":"https:\/\/www.issn.org\/es\/servicios-y-prestaciones\/servicios-en-linea\/road-directorio-de-recursos-cientificos-y-universitarios-en-acceso-abierto\/","title":{"rendered":"ROAD, Directorio de Recursos Cient\u00edficos y Universitarios en acceso abierto"},"content":{"rendered":"<p><a href=\"http:\/\/road.issn.org\">ROAD<\/a> es un servicio que ofrece el Centro Internacional del ISSN, con el apoyo del <a href=\"http:\/\/www.unesco.org\/new\/fr\/communication-and-information\/\">Sector Comunicaci\u00f3n e Informaci\u00f3n de la UNESCO<\/a>.<\/p>\n<p>Iniciado a finales de 2013, ROAD proporciona un acceso gratuito a un conjunto de <a href=\"https:\/\/www.issn.org\/es\/comprender-el-issn\/registro-internacional-del-issn\/\">registros bibliogr\u00e1ficos del ISSN<\/a> de acceso abierto: revistas, series monogr\u00e1ficas, actas de conferencias, reposotorios acad\u00e9micos. Estos registros, creados por la <a href=\"https:\/\/www.issn.org\/es\/el-centro-y-la-red\/nuestra-organizacion\/red-issn\/\">Red ISSN<\/a> (93 Centros Nacionales m\u00e1s el Centro Internacional del ISSN), se han enriquecido con metadatos procedentes de bases de indexaci\u00f3n, directorios (DOAJ, Latindex, The Keepers Registry) e indicadores de revistas (Scopus).<\/p>\n<p>ROAD est\u00e1 vinculado con las acciones realizadas por la UNESCO para promover el acceso p\u00fablico a los recursos cient\u00edficos.\u00a0ROAD es un complemento de\u00a0<a href=\"http:\/\/www.unesco.org\/new\/en\/communication-and-information\/portals-and-platforms\/goap\/\" target=\"_blank\" rel=\"noopener\">GOAP (Global Open Access Portal<\/a>), desarrollado por la UNESCO. Este portal presenta el estado de la informaci\u00f3n cient\u00edfica en acceso abierto\u00a0(libre y gratuito) en todo el mundo.<\/p>\n<p><strong><u>Principales funciones<\/u><\/strong><\/p>\n<p>\u2022 B\u00fasqueda por faceta.<br \/>\n\u2022 B\u00fasqueda por zona geogr\u00e1fica.<br \/>\n\u2022 <a href=\"https:\/\/road.issn.org\/advancedsearch\" target=\"_blank\" rel=\"noopener\">B\u00fasqueda avanzada<\/a> por pa\u00eds, por tema, por \u00edndice, por indicador de desempe\u00f1o\u2026 y desde luego por n\u00famero de ISSN.<br \/>\n\u2022 Presentaci\u00f3n de las <a href=\"http:\/\/road.issn.org\/en\/contenu\/issn-register#.VoFhyfkrFD8\" target=\"_blank\" rel=\"noopener\">bases de\u00a0datos fuente<\/a>, cuya informaci\u00f3n se utiliza para enriquecer los registros bibliogr\u00e1ficos.<\/p>\n<p><strong><u>Principales objetivos<\/u><\/strong><\/p>\n<p>\u2022 Suministrar un punto de acceso \u00fanico a diferentes tipos de recursos cient\u00edficospublicados en el mundo y disponibles gratuitamente.<br \/>\n\u2022 Suministrar informaci\u00f3n sobre la calidad y la importancia de los recursos en acceso abierto, en el mundo cient\u00edfico.<br \/>\n\u2022 Dar una visi\u00f3n de la producci\u00f3n mundial de recursos cient\u00edficos en acceso abierto\u00a0(por ejemplo, con fines estad\u00edsticos).<br \/>\n\u2022 Mostrar nuevas formas de utilizar el n\u00famero ISSN para compilar informaci\u00f3n procedente de diferentes fuentes.<\/p>\n<p><span style=\"text-decoration: underline;\"><span style=\"color: #800080;\"><strong>Criterios de inclusi\u00f3n<\/strong><\/span><\/span><\/p>\n<p>Para figurar en el ROAD (Directory of Open Access Resources), un recurso debe cumplir los siguientes criterios. <strong>La falsificaci\u00f3n es un criterio de exclusi\u00f3n que anula todos los dem\u00e1s criterios.<\/strong><\/p>\n<p>&#8211; <strong>Tipos de recursos<\/strong>: ROAD incluye todo tipo de recursos acad\u00e9micos: revistas, blogs, series monogr\u00e1ficas, conferencias, repositorios institucionales, recursos integrados como bases de datos.<br \/>\n&#8211; <strong>Accesibilidad<\/strong>: Todo el contenido debe ser de acceso abierto, sin necesidad de registro; todo el contenido (art\u00edculos, tesis, documentos de trabajo) est\u00e1 disponible desde el inicio de la publicaci\u00f3n hasta el \u00faltimo n\u00famero. El recurso debe tener una URL dedicada. (Ver Localizaci\u00f3n del recurso).<br \/>\n&#8211; <strong>Declaraci\u00f3n de licencia<\/strong>: La licencia abierta y la pol\u00edtica de acceso abierto deben estar descritas en el sitio web.<br \/>\n&#8211; <strong>Definici\u00f3n del recurso<\/strong>: El recurso debe describir su prop\u00f3sito o l\u00ednea editorial, su cobertura tem\u00e1tica y su p\u00fablico objetivo, que debe ser principalmente el nivel de investigaci\u00f3n.<br \/>\n&#8211; <strong>Contenido<\/strong>: El contenido debe ser de car\u00e1cter acad\u00e9mico o erudito en todos los campos del conocimiento. En el momento de la solicitud del ISSN o de la inclusi\u00f3n retrospectiva en ROAD, cada n\u00famero del recurso debe contener al menos cinco (5) art\u00edculos (originales, art\u00edculos de revisi\u00f3n o ensayos).<br \/>\n&#8211; <strong>Responsabilidad editorial<\/strong>: El recurso debe mencionar por su nombre a la persona que tiene la responsabilidad editorial y cient\u00edfica y que dirige la publicaci\u00f3n. En el caso de las revistas, deben especificarse las personas que componen los \u00f3rganos editoriales (consejo de redacci\u00f3n, consejo editorial u otras denominaciones) y la afiliaci\u00f3n institucional de las personas mencionadas.<br \/>\n&#8211; <strong>Afiliaci\u00f3n acad\u00e9mica<\/strong>: El recurso debe tener una afiliaci\u00f3n acad\u00e9mica claramente expresada (nombre completo, ubicaci\u00f3n). La instituci\u00f3n puede ser p\u00fablica (universidad o centro de investigaci\u00f3n) o privada (sociedad cient\u00edfica, comit\u00e9 o asociaci\u00f3n).<br \/>\n&#8211; <strong>Entidad editora del recurso<\/strong>: La revista debe mencionar de forma destacada el nombre de la organizaci\u00f3n o instituci\u00f3n editora, as\u00ed como su direcci\u00f3n f\u00edsica completa y su p\u00e1gina web. Se recomienda la menci\u00f3n del ISNI si la entidad editora est\u00e1 identificada por un ISNI (International Standard Name Identifier).<br \/>\n&#8211; <strong>Ubicaci\u00f3n del recurso<\/strong>: El pa\u00eds indicado en el formulario de solicitud del ISSN o de la ROAD y en el sitio web del recurso es el pa\u00eds en el que el editor est\u00e1 registrado y lleva a cabo sus actividades acad\u00e9micas y editoriales. Adem\u00e1s, el centro del ISSN correspondiente puede pedir al editor que presente una prueba de inscripci\u00f3n en un registro de editores publicado por una instituci\u00f3n o asociaci\u00f3n nacional reconocida de editores o universidades.<br \/>\n&#8211; <strong>Revisi\u00f3n por pares<\/strong>: En el caso de las revistas, el procedimiento utilizado para la selecci\u00f3n de art\u00edculos para su publicaci\u00f3n debe estar detallado en el sitio web de la revista.<br \/>\n&#8211; <strong>C\u00f3digo deontol\u00f3gico e indexaci\u00f3n<\/strong>: La revista debe mencionar las normas o c\u00f3digos deontol\u00f3gicos que utiliza (COPE, OASPA, Think. Check. Submit., &#8230;) y los servicios de indexaci\u00f3n que los registran.<br \/>\n&#8211; <strong>Instrucciones para los autores<\/strong>: La revista debe proporcionar instrucciones claras y completas a los autores, incluyendo informaci\u00f3n sobre los derechos de autor y las tasas de publicaci\u00f3n. Si no hay tasas, debe indicarse claramente.<\/p>\n<p><strong>Toda esta informaci\u00f3n debe ser verificable y estar disponible p\u00fablicamente en el sitio web del recurso. Los Centros del ISSN se reservan el derecho de verificar el cumplimiento de estos criterios por cualquier medio a su discreci\u00f3n. Los Centros del ISSN pueden negarse a indexar en ROAD las publicaciones que no tengan una afiliaci\u00f3n directa con una instituci\u00f3n acad\u00e9mica, independientemente del campo de conocimiento.<\/strong><\/p>\n<p><em>No dude en ponerse en contacto con <\/em><strong><em>road[at]issn.org<\/em><\/strong><\/p>\n","protected":false},"excerpt":{"rendered":"<p>ROAD es un servicio que ofrece el Centro Internacional del ISSN, con el apoyo del Sector Comunicaci\u00f3n e Informaci\u00f3n de la UNESCO. Iniciado a finales de 2013, ROAD proporciona un acceso gratuito a un conjunto de registros bibliogr\u00e1ficos del ISSN de acceso abierto: revistas, series monogr\u00e1ficas, actas de conferencias, reposotorios acad\u00e9micos. Estos registros, creados por [&hellip;]<\/p>\n","protected":false},"author":1,"featured_media":0,"parent":12584,"menu_order":2,"comment_status":"closed","ping_status":"closed","template":"","meta":{"_acf_changed":false,"footnotes":""},"class_list":["post-12396","page","type-page","status-publish","hentry","caroussel-saffiche-dans-le-caroussel"],"acf":[],"_links":{"self":[{"href":"https:\/\/www.issn.org\/es\/wp-json\/wp\/v2\/pages\/12396","targetHints":{"allow":["GET"]}}],"collection":[{"href":"https:\/\/www.issn.org\/es\/wp-json\/wp\/v2\/pages"}],"about":[{"href":"https:\/\/www.issn.org\/es\/wp-json\/wp\/v2\/types\/page"}],"author":[{"embeddable":true,"href":"https:\/\/www.issn.org\/es\/wp-json\/wp\/v2\/users\/1"}],"replies":[{"embeddable":true,"href":"https:\/\/www.issn.org\/es\/wp-json\/wp\/v2\/comments?post=12396"}],"version-history":[{"count":2,"href":"https:\/\/www.issn.org\/es\/wp-json\/wp\/v2\/pages\/12396\/revisions"}],"predecessor-version":[{"id":34247,"href":"https:\/\/www.issn.org\/es\/wp-json\/wp\/v2\/pages\/12396\/revisions\/34247"}],"up":[{"embeddable":true,"href":"https:\/\/www.issn.org\/es\/wp-json\/wp\/v2\/pages\/12584"}],"wp:attachment":[{"href":"https:\/\/www.issn.org\/es\/wp-json\/wp\/v2\/media?parent=12396"}],"curies":[{"name":"wp","href":"https:\/\/api.w.org\/{rel}","templated":true}]}}