{"id":12398,"date":"2017-02-23T17:16:32","date_gmt":"2017-02-23T16:16:32","guid":{"rendered":"http:\/\/www.issn.org\/es\/?page_id=12398"},"modified":"2017-03-16T14:22:35","modified_gmt":"2017-03-16T13:22:35","slug":"consultar-la-tabla-de-numeros-issn-l","status":"publish","type":"page","link":"https:\/\/www.issn.org\/es\/servicios-y-prestaciones\/servicios-en-linea\/consultar-la-tabla-de-numeros-issn-l\/","title":{"rendered":"Consultar la tabla de n\u00fameros ISSN-L"},"content":{"rendered":"<p class=\"chapo\">Podr\u00e1 descargar la tabla de n\u00fameros ISSN-L (que se actualiza diariamente) previa petici\u00f3n al Centro Internacional del ISSN.<\/p>\n<ul>\n<li>\u00bfQu\u00e9 es el ISSN-L?<\/li>\n<li>\u00bfC\u00f3mo descargar la tabla de n\u00fameros ISSN-L?<\/li>\n<\/ul>\n<h2>\u00bfQu\u00e9 es el ISSN-L?<\/h2>\n<p>El n\u00famero ISSN de enlace o ISSN-L, es un n\u00famero ISSN espec\u00edfico que re\u00fane las ediciones en diferentes soportes (impreso, electr\u00f3nico\u2026) de una misma publicaci\u00f3n seriada (cada edici\u00f3n tiene su propio n\u00famero ISSN).<\/p>\n<p>La tabla de n\u00fameros ISSN-L es un archivo con el cual los administradores de bases de datos o de cat\u00e1logos podr\u00e1n procesar con mayor eficacia los n\u00fameros ISSN presentes en sus fuentes, ya que el n\u00famero ISSN-L se utiliza como clave de enlace entre las diferentes ediciones identificadas por sus n\u00fameros ISSN espec\u00edficos.<\/p>\n<p>Para m\u00e1s informaci\u00f3n sobre el n\u00famero ISSN-L, consulte la p\u00e1gina correspondiente al <a href=\"https:\/\/www.issn.org\/es\/comprender-el-issn\/reglas-de-atribucion-y-formatos\/el-issn-l-para-las-publicaciones-editadas-en-multiples-soportes\/\">ISSN de enlace.<\/a><\/p>\n<h2>\u00bfC\u00f3mo descargar la tabla de n\u00fameros ISSN-L?<\/h2>\n<p>La tabla de n\u00fameros ISSN-L (que lista los diferentes n\u00fameros ISSN correspondientes al mismo n\u00famero ISSN-L) se actualiza diariamente y se puede descargar a petici\u00f3n (es un archivo comprimido de unos 17 megabytes).<\/p>\n<p>Los usuarios de esta tabla de n\u00fameros ISSN-L deben tener presente que la tabla s\u00f3lo incluye n\u00fameros (ISSN-L e ISSN), y que el archivo no incluye el t\u00edtulo ni ning\u00fan otro elemento o dato textual. Si necesita consultar la base completa del ISSN (con los t\u00edtulos, nombre de las editoriales, etc.) consulte el apartado dedicado a los diferentes tipos de suscripci\u00f3n al Registro del ISSN.<\/p>\n<p>A t\u00edtulo indicativo, transcribimos un extracto de la tabla ISSN-L:<\/p>\n<table border=\"1\" cellspacing=\"0\" cellpadding=\"0\">\n<tbody>\n<tr>\n<td valign=\"top\" width=\"140\"><b><i>ISSN-L <\/i><\/b><\/td>\n<td valign=\"top\" width=\"151\"><b><i>ISSN<\/i><\/b><\/td>\n<td valign=\"top\" width=\"132\"><b><i>ISSN<\/i><\/b><\/td>\n<\/tr>\n<tr>\n<td valign=\"top\" width=\"140\"><i>0000-0019 <\/i><\/td>\n<td valign=\"top\" width=\"151\"><i>0000-0019<\/i><\/td>\n<td valign=\"top\" width=\"132\"><i>2150-4008<\/i><\/td>\n<\/tr>\n<tr>\n<td valign=\"top\" width=\"140\"><i>0000-0027<\/i><\/td>\n<td valign=\"top\" width=\"151\"><i>0000-0027<\/i><\/td>\n<td valign=\"top\" width=\"132\"><\/td>\n<\/tr>\n<tr>\n<td valign=\"top\" width=\"140\"><i>0000-0043<\/i><\/td>\n<td valign=\"top\" width=\"151\"><i>0000-0043<\/i><\/td>\n<td valign=\"top\" width=\"132\"><\/td>\n<\/tr>\n<\/tbody>\n<\/table>\n<p>Para descargar la tabla de n\u00fameros ISSN-L debe cumplimentar las etapas siguientes:<\/p>\n<p>1- Complete cuidadosamente el formulario que est\u00e1 m\u00e1s abajo.<\/p>\n<p>2- Cuando se acepte su petici\u00f3n, recibir\u00e1 el nombre de usuario para conectarse en el plazo m\u00e1s breve posible. Cuando haya recibido su nombre de usuario (por correo electr\u00f3nico), deber\u00e1 indicarlo en la parte \u00abAcceda a la extranet\u00bb, que se encuentra en la parte inferior de nuestra p\u00e1gina web.<\/p>\n<p>3- Ahora podr\u00e1 descargar la tabla de n\u00fameros ISSN-L.<br \/>\n\n<div class=\"wpcf7 no-js\" id=\"wpcf7-f13624-o1\" lang=\"\" dir=\"ltr\" data-wpcf7-id=\"13624\">\n<div class=\"screen-reader-response\"><p role=\"status\" aria-live=\"polite\" aria-atomic=\"true\"><\/p> <ul><\/ul><\/div>\n<form action=\"\/es\/wp-json\/wp\/v2\/pages\/12398#wpcf7-f13624-o1\" method=\"post\" class=\"wpcf7-form init\" aria-label=\"Formulario de contacto\" novalidate=\"novalidate\" data-status=\"init\">\n<fieldset class=\"hidden-fields-container\"><input type=\"hidden\" name=\"_wpcf7\" value=\"13624\" \/><input type=\"hidden\" name=\"_wpcf7_version\" value=\"6.1.5\" \/><input type=\"hidden\" name=\"_wpcf7_locale\" value=\"\" \/><input type=\"hidden\" name=\"_wpcf7_unit_tag\" value=\"wpcf7-f13624-o1\" \/><input type=\"hidden\" name=\"_wpcf7_container_post\" value=\"0\" \/><input type=\"hidden\" name=\"_wpcf7_posted_data_hash\" value=\"\" \/><input type=\"hidden\" name=\"_wpcf7dtx_version\" value=\"5.0.5\" \/><input type=\"hidden\" name=\"_wpcf7_recaptcha_response\" value=\"\" \/>\n<\/fieldset>\n<p>Direcci\u00f3n de correo electr\u00f3nico (obligatorio)\n<\/p>\n<p><span class=\"wpcf7-form-control-wrap\" data-name=\"your-email\"><input size=\"40\" maxlength=\"400\" class=\"wpcf7-form-control wpcf7-email wpcf7-validates-as-required wpcf7-text wpcf7-validates-as-email\" aria-required=\"true\" aria-invalid=\"false\" value=\"\" type=\"email\" name=\"your-email\" \/><\/span>\n<\/p>\n<p>Apellido (obligatorio)\n<\/p>\n<p><span class=\"wpcf7-form-control-wrap\" data-name=\"your-name\"><input size=\"40\" maxlength=\"400\" class=\"wpcf7-form-control wpcf7-text wpcf7-validates-as-required\" aria-required=\"true\" aria-invalid=\"false\" value=\"\" type=\"text\" name=\"your-name\" \/><\/span>\n<\/p>\n<p>Nombre (obligatorio)\n<\/p>\n<p><span class=\"wpcf7-form-control-wrap\" data-name=\"your-firstname\"><input size=\"40\" maxlength=\"400\" class=\"wpcf7-form-control wpcf7-text wpcf7-validates-as-required\" aria-required=\"true\" aria-invalid=\"false\" value=\"\" type=\"text\" name=\"your-firstname\" \/><\/span>\n<\/p>\n<p>Organizaci\u00f3n o empresa (obligatorio)\n<\/p>\n<p><span class=\"wpcf7-form-control-wrap\" data-name=\"your-society\"><input size=\"40\" maxlength=\"400\" class=\"wpcf7-form-control wpcf7-text wpcf7-validates-as-required\" aria-required=\"true\" aria-invalid=\"false\" value=\"\" type=\"text\" name=\"your-society\" \/><\/span>\n<\/p>\n<p>Direcci\u00f3n (obligatorio)\n<\/p>\n<p><span class=\"wpcf7-form-control-wrap\" data-name=\"your-adress\"><textarea cols=\"40\" rows=\"10\" maxlength=\"2000\" class=\"wpcf7-form-control wpcf7-textarea wpcf7-validates-as-required\" aria-required=\"true\" aria-invalid=\"false\" name=\"your-adress\"><\/textarea><\/span>\n<\/p>\n<p>C\u00f3digo postal (obligatorio)\n<\/p>\n<p><span class=\"wpcf7-form-control-wrap\" data-name=\"your-code\"><input size=\"40\" maxlength=\"400\" class=\"wpcf7-form-control wpcf7-text wpcf7-validates-as-required\" aria-required=\"true\" aria-invalid=\"false\" value=\"\" type=\"text\" name=\"your-code\" \/><\/span>\n<\/p>\n<p>Ciudad (obligatorio)\n<\/p>\n<p><span class=\"wpcf7-form-control-wrap\" data-name=\"your-ville\"><input size=\"40\" maxlength=\"400\" class=\"wpcf7-form-control wpcf7-text wpcf7-validates-as-required\" aria-required=\"true\" aria-invalid=\"false\" value=\"\" type=\"text\" name=\"your-ville\" \/><\/span>\n<\/p>\n<p>Pa\u00eds (obligatorio)\n<\/p>\n<p><span class=\"wpcf7-form-control-wrap\" data-name=\"your-pays\"><input size=\"40\" maxlength=\"400\" class=\"wpcf7-form-control wpcf7-text wpcf7-validates-as-required\" aria-required=\"true\" aria-invalid=\"false\" value=\"\" type=\"text\" name=\"your-pays\" \/><\/span>\n<\/p>\n<p>Usos previstos (obligatorio)\n<\/p>\n<p><span class=\"wpcf7-form-control-wrap\" data-name=\"your-usage\"><textarea cols=\"40\" rows=\"10\" maxlength=\"2000\" class=\"wpcf7-form-control wpcf7-textarea wpcf7-validates-as-required\" aria-required=\"true\" aria-invalid=\"false\" name=\"your-usage\"><\/textarea><\/span>\n<\/p>\n\n<p><span class=\"wpcf7-form-control-wrap\" data-name=\"send_c\"><span class=\"wpcf7-form-control wpcf7-checkbox\"><span class=\"wpcf7-list-item first last\"><input type=\"checkbox\" name=\"send_c[]\" value=\"Deseo recibir una copia del correo\" \/><span class=\"wpcf7-list-item-label\">Deseo recibir una copia del correo<\/span><\/span><\/span><\/span>\n<\/p>\n<p><input class=\"wpcf7-form-control wpcf7-submit has-spinner\" type=\"submit\" value=\"Mandar\" \/>\n<\/p><div class=\"wpcf7-response-output\" aria-hidden=\"true\"><\/div>\n<\/form>\n<\/div>\n<\/p>\n","protected":false},"excerpt":{"rendered":"<p>Podr\u00e1 descargar la tabla de n\u00fameros ISSN-L (que se actualiza diariamente) previa petici\u00f3n al Centro Internacional del ISSN. \u00bfQu\u00e9 es el ISSN-L? \u00bfC\u00f3mo descargar la tabla de n\u00fameros ISSN-L? \u00bfQu\u00e9 es el ISSN-L? El n\u00famero ISSN de enlace o ISSN-L, es un n\u00famero ISSN espec\u00edfico que re\u00fane las ediciones en diferentes soportes (impreso, electr\u00f3nico\u2026) de [&hellip;]<\/p>\n","protected":false},"author":1,"featured_media":0,"parent":12584,"menu_order":1,"comment_status":"closed","ping_status":"closed","template":"","meta":{"_acf_changed":false,"footnotes":""},"class_list":["post-12398","page","type-page","status-publish","hentry"],"acf":[],"_links":{"self":[{"href":"https:\/\/www.issn.org\/es\/wp-json\/wp\/v2\/pages\/12398","targetHints":{"allow":["GET"]}}],"collection":[{"href":"https:\/\/www.issn.org\/es\/wp-json\/wp\/v2\/pages"}],"about":[{"href":"https:\/\/www.issn.org\/es\/wp-json\/wp\/v2\/types\/page"}],"author":[{"embeddable":true,"href":"https:\/\/www.issn.org\/es\/wp-json\/wp\/v2\/users\/1"}],"replies":[{"embeddable":true,"href":"https:\/\/www.issn.org\/es\/wp-json\/wp\/v2\/comments?post=12398"}],"version-history":[{"count":0,"href":"https:\/\/www.issn.org\/es\/wp-json\/wp\/v2\/pages\/12398\/revisions"}],"up":[{"embeddable":true,"href":"https:\/\/www.issn.org\/es\/wp-json\/wp\/v2\/pages\/12584"}],"wp:attachment":[{"href":"https:\/\/www.issn.org\/es\/wp-json\/wp\/v2\/media?parent=12398"}],"curies":[{"name":"wp","href":"https:\/\/api.w.org\/{rel}","templated":true}]}}