{"id":12404,"date":"2017-02-23T17:25:20","date_gmt":"2017-02-23T16:25:20","guid":{"rendered":"http:\/\/www.issn.org\/es\/?page_id=12404"},"modified":"2017-03-16T14:42:43","modified_gmt":"2017-03-16T13:42:43","slug":"issn-premium-procesamiento-personalizado-de-sus-datos","status":"publish","type":"page","link":"https:\/\/www.issn.org\/es\/servicios-y-prestaciones\/servicios-personalizados\/issn-premium-procesamiento-personalizado-de-sus-datos\/","title":{"rendered":"ISSN Premium: procesamiento personalizado de sus datos"},"content":{"rendered":"<p class=\"chapo\">Si desea verificar o actualizar su base de datos, comparar archivos, extraer determinados datos, etc., env\u00edenos el archivo que desea procesar.<\/p>\n<ul>\n<li>Extracci\u00f3n de datos en funci\u00f3n de sus necesidades<\/li>\n<li>Ejemplo de requerimiento<\/li>\n<\/ul>\n<h2>Una extracci\u00f3n de datos en funci\u00f3n de sus necesidades<\/h2>\n<p>\u00bfBusca los n\u00fameros ISSN correspondientes a una lista de t\u00edtulos, los e-ISSN o los ISSN-L, los editores, los pa\u00edses y las fechas de publicaci\u00f3n?<\/p>\n<p>\u00bfO bien usted tiene los n\u00fameros ISSN pero no est\u00e1 seguro si son v\u00e1lidos y desea consultar los metadatos correspondientes?<\/p>\n<p>El Centro Internacional del ISSN puede extraer los datos actualizados en formato tabulado, a partir de los criterios que usted desee:<\/p>\n<ul>\n<li>por pa\u00eds,<\/li>\n<li>por editor,<\/li>\n<li>por t\u00edtulo,<\/li>\n<li>por n\u00famero de ISSN\u2026<\/li>\n<\/ul>\n<h2>Ejemplo de requerimiento<\/h2>\n<p>Usted tiene una lista de t\u00edtulos con los n\u00fameros ISSN no v\u00e1lidos y desea corregirlos: le suministramos un archivo Excel con los n\u00fameros ISSN v\u00e1lidos.<\/p>\n<p><strong>Requerimiento:<\/strong><\/p>\n<table>\n<tbody>\n<tr>\n<td valign=\"top\" width=\"106\">Publisher<\/td>\n<td valign=\"top\" width=\"106\">Products_Name<\/td>\n<td valign=\"top\" width=\"106\">Product_Id<\/td>\n<td valign=\"top\" width=\"106\">UMC<\/td>\n<td valign=\"top\" width=\"106\">Invalid ISSN<\/td>\n<\/tr>\n<tr>\n<td valign=\"top\" width=\"106\">F + W Publications<\/td>\n<td valign=\"top\" width=\"106\">Watercolor Artist<\/td>\n<td valign=\"top\" width=\"106\">5010722<\/td>\n<td valign=\"top\" width=\"106\">5010722<\/td>\n<td valign=\"top\" width=\"106\">BZ0805071603<\/td>\n<\/tr>\n<tr>\n<td valign=\"top\" width=\"106\">Source Interlink<\/td>\n<td valign=\"top\" width=\"106\">ATV Rider<\/td>\n<td valign=\"top\" width=\"106\">510727<\/td>\n<td valign=\"top\" width=\"106\">502<\/td>\n<td valign=\"top\" width=\"106\">BZ0805091403<\/td>\n<\/tr>\n<tr>\n<td valign=\"top\" width=\"106\">Reiman<\/td>\n<td valign=\"top\" width=\"106\">Healthy Cooking<\/td>\n<td valign=\"top\" width=\"106\">5010732<\/td>\n<td valign=\"top\" width=\"106\">7253<\/td>\n<td valign=\"top\" width=\"106\">BZ08050945<\/td>\n<\/tr>\n<tr>\n<td valign=\"top\" width=\"106\">Reader&#8217;s Digest<\/td>\n<td valign=\"top\" width=\"106\">Every Day with Rachael Ray<\/td>\n<td valign=\"top\" width=\"106\">5010731<\/td>\n<td valign=\"top\" width=\"106\">109U<\/td>\n<td valign=\"top\" width=\"106\">BZ0805120934<\/td>\n<\/tr>\n<\/tbody>\n<\/table>\n<p><strong>Resultado:<\/strong><\/p>\n<table border=\"1\" cellspacing=\"0\" cellpadding=\"0\">\n<tbody>\n<tr>\n<td valign=\"top\" width=\"89\">Publisher<\/td>\n<td valign=\"top\" width=\"89\">Products_Name<\/td>\n<td valign=\"top\" width=\"89\">Product_Id<\/td>\n<td valign=\"top\" width=\"89\">UMC<\/td>\n<td valign=\"top\" width=\"89\">Invalid ISSN<\/td>\n<td valign=\"top\" width=\"89\">Replacement ISSN<\/td>\n<\/tr>\n<tr>\n<td valign=\"top\" width=\"89\">F + W Publications<\/td>\n<td valign=\"top\" width=\"89\">Watercolor Artist<\/td>\n<td valign=\"top\" width=\"89\">5010722<\/td>\n<td valign=\"top\" width=\"89\">5010722<\/td>\n<td valign=\"top\" width=\"89\">BZ0805071603<\/td>\n<td valign=\"top\" width=\"89\">1941-5451<\/td>\n<\/tr>\n<tr>\n<td valign=\"top\" width=\"89\">Source Interlink<\/td>\n<td valign=\"top\" width=\"89\">ATV Rider<\/td>\n<td valign=\"top\" width=\"89\">510727<\/td>\n<td valign=\"top\" width=\"89\">502<\/td>\n<td valign=\"top\" width=\"89\">BZ0805091403<\/td>\n<td valign=\"top\" width=\"89\">1548-6303<\/td>\n<\/tr>\n<tr>\n<td valign=\"top\" width=\"89\">Reiman<\/td>\n<td valign=\"top\" width=\"89\">Healthy Cooking<\/td>\n<td valign=\"top\" width=\"89\">5010732<\/td>\n<td valign=\"top\" width=\"89\">7253<\/td>\n<td valign=\"top\" width=\"89\">BZ08050945<\/td>\n<td valign=\"top\" width=\"89\">1547-1993<\/td>\n<\/tr>\n<tr>\n<td valign=\"top\" width=\"89\">Reader&#8217;s Digest<\/td>\n<td valign=\"top\" width=\"89\">Every Day with Rachael Ray<\/td>\n<td valign=\"top\" width=\"89\">5010731<\/td>\n<td valign=\"top\" width=\"89\">109U<\/td>\n<td valign=\"top\" width=\"89\">BZ0805120934<\/td>\n<td valign=\"top\" width=\"89\">1932-0590<\/td>\n<\/tr>\n<\/tbody>\n<\/table>\n<p>Para m\u00e1s informaci\u00f3n o para pedir un presupuesto p\u00f3ngase en <a href=\"https:\/\/www.issn.org\/es\/produit\/issn-premium\/\">contacto con el Servicio de Venta<u>s<\/u><\/a>\u00a0del Centro Internacional ISSN.<\/p>\n","protected":false},"excerpt":{"rendered":"<p>Si desea verificar o actualizar su base de datos, comparar archivos, extraer determinados datos, etc., env\u00edenos el archivo que desea procesar. Extracci\u00f3n de datos en funci\u00f3n de sus necesidades Ejemplo de requerimiento Una extracci\u00f3n de datos en funci\u00f3n de sus necesidades \u00bfBusca los n\u00fameros ISSN correspondientes a una lista de t\u00edtulos, los e-ISSN o los [&hellip;]<\/p>\n","protected":false},"author":1,"featured_media":0,"parent":12586,"menu_order":1,"comment_status":"closed","ping_status":"closed","template":"","meta":{"_acf_changed":false,"footnotes":""},"class_list":["post-12404","page","type-page","status-publish","hentry"],"acf":[],"_links":{"self":[{"href":"https:\/\/www.issn.org\/es\/wp-json\/wp\/v2\/pages\/12404","targetHints":{"allow":["GET"]}}],"collection":[{"href":"https:\/\/www.issn.org\/es\/wp-json\/wp\/v2\/pages"}],"about":[{"href":"https:\/\/www.issn.org\/es\/wp-json\/wp\/v2\/types\/page"}],"author":[{"embeddable":true,"href":"https:\/\/www.issn.org\/es\/wp-json\/wp\/v2\/users\/1"}],"replies":[{"embeddable":true,"href":"https:\/\/www.issn.org\/es\/wp-json\/wp\/v2\/comments?post=12404"}],"version-history":[{"count":0,"href":"https:\/\/www.issn.org\/es\/wp-json\/wp\/v2\/pages\/12404\/revisions"}],"up":[{"embeddable":true,"href":"https:\/\/www.issn.org\/es\/wp-json\/wp\/v2\/pages\/12586"}],"wp:attachment":[{"href":"https:\/\/www.issn.org\/es\/wp-json\/wp\/v2\/media?parent=12404"}],"curies":[{"name":"wp","href":"https:\/\/api.w.org\/{rel}","templated":true}]}}