{"id":12408,"date":"2021-03-29T13:48:06","date_gmt":"2021-03-29T11:48:06","guid":{"rendered":"http:\/\/www.issn.org\/es\/?page_id=12408"},"modified":"2021-08-24T15:09:19","modified_gmt":"2021-08-24T13:09:19","slug":"certificado-issn","status":"publish","type":"page","link":"https:\/\/www.issn.org\/es\/servicios-y-prestaciones\/servicios-personalizados\/certificado-issn\/","title":{"rendered":"Certificado ISSN"},"content":{"rendered":"<p>Si desea obtener un documento original y oficial para certificar que una publicaci\u00f3n ha obtenido el n\u00famero ISSN, solicite un certificado ISSN.<\/p>\n<ul>\n<li>\u00a0 \u00a0 \u00a0 Certificado ISSN: un documento que constituye una prueba.<\/li>\n<li>\u00a0 \u00a0 \u00a0 Ejemplo de certificado<\/li>\n<\/ul>\n<h2>Certificado ISSN: un documento que constituye una prueba<\/h2>\n<p>El certificado ISSN\u00a0se entrega impreso en papel y firmado por la Direcci\u00f3n del CIEPS. Tiene validez como prueba oficial y certifica que se ha asignado un n\u00famero ISSN a una publicaci\u00f3n impresa, digital, a su blog o sitio web\u2026 y que este n\u00famero ISSN figura en el Registro del ISSN.<\/p>\n<p>El certificado incluye la descripci\u00f3n completa de la publicaci\u00f3n (v\u00e9ase m\u00e1s abajo).<\/p>\n<h2>Ejemplo de certificado<\/h2>\n<p>El Centro Internacional de Registro de Publicaciones Seriadas (CIEPS \u2013 Centro Internacional ISSN), se encuentra en Par\u00eds (Francia), 45 rue de Turbigo. Es una organizaci\u00f3n intergubernamental creada a partir de un tratado firmado entre la UNESCO y la Rep\u00fablica Francesa en 1975. La organizaci\u00f3n incluye a 93 pa\u00edses miembros. Es la \u00fanica agencia internacional que registra las publicaciones seriadas y los recursos continuados.<\/p>\n<p>Por la presente, el CIEPS \u2013 Centro Internacional del ISSN \u2013 certifica que se ha asignado el n\u00famero ISSN 1819-1819 al documento titulado \u00abEl Portal del ISSN\u00bb, cuyas caracter\u00edsticas se describen a continuaci\u00f3n<\/p>\n<table border=\"0\" width=\"100%\" cellpadding=\"0\">\n<tbody>\n<tr>\n<td valign=\"top\" width=\"20%\">ISSN<\/td>\n<td>1819-1819<\/td>\n<\/tr>\n<tr>\n<td valign=\"top\" width=\"20%\">ISSN-L<\/td>\n<td>0256-8888<\/td>\n<\/tr>\n<tr>\n<td valign=\"top\" width=\"20%\">Medium<\/td>\n<td>Computer remote<\/td>\n<\/tr>\n<tr>\n<td valign=\"top\" width=\"20%\">Key Title<\/td>\n<td>The ISSN portal<\/td>\n<\/tr>\n<tr>\n<td valign=\"top\" width=\"20%\">First or current publisher<\/td>\n<td>Paris : ISSN International Centre<\/td>\n<\/tr>\n<tr>\n<td valign=\"top\" width=\"20%\">Country of publication<\/td>\n<td>INTERNATIONAL<\/td>\n<\/tr>\n<tr>\n<td valign=\"top\" width=\"20%\">Dates of publication<\/td>\n<td>2005 \/ 9999 current<\/td>\n<\/tr>\n<tr>\n<td valign=\"top\" width=\"20%\">Issuing body (as on the piece)<\/td>\n<td>ISSN International Centre<\/td>\n<\/tr>\n<tr>\n<td valign=\"top\" width=\"20%\">Frequency<\/td>\n<td>Continuously updated<\/td>\n<\/tr>\n<tr>\n<td valign=\"top\" width=\"20%\">Type of publication<\/td>\n<td>Updating database<\/td>\n<\/tr>\n<tr>\n<td valign=\"top\" width=\"20%\">Language<\/td>\n<td>Multiple languages<\/td>\n<\/tr>\n<tr>\n<td valign=\"top\" width=\"20%\">Title script<\/td>\n<td>Extended roman<\/td>\n<\/tr>\n<tr>\n<td valign=\"top\" width=\"20%\">Title proper<\/td>\n<td>The ISSN portal<\/td>\n<\/tr>\n<tr>\n<td valign=\"top\" width=\"20%\">Variant title<\/td>\n<td>The International Standard Serial Number portal<\/td>\n<\/tr>\n<tr>\n<td valign=\"top\" width=\"20%\">Abbreviated key title<\/td>\n<td>ISSN portal<\/td>\n<\/tr>\n<tr>\n<td valign=\"top\" width=\"20%\">Universal Decimal Classification<\/td>\n<td>016:050<\/td>\n<\/tr>\n<tr>\n<td valign=\"top\" width=\"20%\">Universal Decimal Classification<\/td>\n<td>050:016<\/td>\n<\/tr>\n<tr>\n<td valign=\"top\" width=\"20%\">URL<\/td>\n<td><a href=\"http:\/\/portal.issn.org\/cgi-bin\/gw\/chameleon\">http:\/\/portal.issn.org<\/a><\/td>\n<\/tr>\n<tr>\n<td valign=\"top\" width=\"20%\">Additional Physical Form Entry<\/td>\n<td>ISSN compact [ISSN 1018-4783]<\/td>\n<\/tr>\n<tr>\n<td valign=\"top\" width=\"20%\">Issued with Entry<\/td>\n<td>Liste d&#8217;abr\u00e9viations de mots de titres. Titres de publications en s\u00e9rie et autres ressources en continu [ISSN 1726-9032]<\/td>\n<\/tr>\n<tr>\n<td valign=\"top\" width=\"20%\">Supersedes<\/td>\n<td>ISSN Online [ISSN 1560-1560]<\/td>\n<\/tr>\n<tr>\n<td valign=\"top\" width=\"20%\">ISSN Centre<\/td>\n<td>International<\/td>\n<\/tr>\n<tr>\n<td valign=\"top\" width=\"20%\">Category<\/td>\n<td>&#8212; Register<\/td>\n<\/tr>\n<\/tbody>\n<\/table>\n<p id=\"tw-target-text\" class=\"tw-data-text tw-ta tw-text-small\" dir=\"ltr\" data-placeholder=\"Traduction\">Para solicitar un certificado ISSN, reg\u00edstrense en la Extranet del ISSN: https:\/\/portal.issn.org\/requesting-issn<\/p>\n","protected":false},"excerpt":{"rendered":"<p>Si desea obtener un documento original y oficial para certificar que una publicaci\u00f3n ha obtenido el n\u00famero ISSN, solicite un certificado ISSN. \u00a0 \u00a0 \u00a0 Certificado ISSN: un documento que constituye una prueba. \u00a0 \u00a0 \u00a0 Ejemplo de certificado Certificado ISSN: un documento que constituye una prueba El certificado ISSN\u00a0se entrega impreso en papel y [&hellip;]<\/p>\n","protected":false},"author":1,"featured_media":0,"parent":12586,"menu_order":2,"comment_status":"closed","ping_status":"closed","template":"","meta":{"_acf_changed":false,"footnotes":""},"class_list":["post-12408","page","type-page","status-publish","hentry"],"acf":[],"_links":{"self":[{"href":"https:\/\/www.issn.org\/es\/wp-json\/wp\/v2\/pages\/12408","targetHints":{"allow":["GET"]}}],"collection":[{"href":"https:\/\/www.issn.org\/es\/wp-json\/wp\/v2\/pages"}],"about":[{"href":"https:\/\/www.issn.org\/es\/wp-json\/wp\/v2\/types\/page"}],"author":[{"embeddable":true,"href":"https:\/\/www.issn.org\/es\/wp-json\/wp\/v2\/users\/1"}],"replies":[{"embeddable":true,"href":"https:\/\/www.issn.org\/es\/wp-json\/wp\/v2\/comments?post=12408"}],"version-history":[{"count":1,"href":"https:\/\/www.issn.org\/es\/wp-json\/wp\/v2\/pages\/12408\/revisions"}],"predecessor-version":[{"id":32706,"href":"https:\/\/www.issn.org\/es\/wp-json\/wp\/v2\/pages\/12408\/revisions\/32706"}],"up":[{"embeddable":true,"href":"https:\/\/www.issn.org\/es\/wp-json\/wp\/v2\/pages\/12586"}],"wp:attachment":[{"href":"https:\/\/www.issn.org\/es\/wp-json\/wp\/v2\/media?parent=12408"}],"curies":[{"name":"wp","href":"https:\/\/api.w.org\/{rel}","templated":true}]}}