{"id":12410,"date":"2017-02-23T17:50:25","date_gmt":"2017-02-23T16:50:25","guid":{"rendered":"http:\/\/www.issn.org\/es\/?page_id=12410"},"modified":"2017-02-23T17:51:02","modified_gmt":"2017-02-23T16:51:02","slug":"aviso-legal","status":"publish","type":"page","link":"https:\/\/www.issn.org\/es\/aviso-legal\/","title":{"rendered":"Aviso legal"},"content":{"rendered":"<p>El presente sitio web es propiedad del Centro Internacional de Registro de Publicaciones en Serie (CIEPS ISSN), organizaci\u00f3n internacional matriculada en el INSEE con el n\u00famero de SIRET 306 535 501 00028, cuya sede se encuentra en el 45 rue de Turbigo, 75003 Par\u00eds, Francia. El usuario del sitio web reconoce tener la competencia y los medios necesarios para acceder y utilizar este sitio. El usuario del sitio web \u00abCentro Internacional del ISSN\u00bb reconoce haber verificado que la configuraci\u00f3n inform\u00e1tica utilizada no contiene ning\u00fan virus y que funciona correctamente. El usuario declara asimismo conocer el presente aviso legal y se compromete a acatarlo.<\/p>\n<p>Se informa al usuario de que tiene derecho de consultar, rectificar, completar, actualizar o bloquear los datos incompletos, equivocados u obsoletos, y asimismo tiene derecho de oposici\u00f3n por motivos leg\u00edtimos a todos los datos que le conciernan, escribiendo al CIEPS a la direcci\u00f3n siguiente: 45 rue de Turbigo, 75003 Par\u00eds, Francia. Se informa al usuario de que, cuando visita este sitio web, una <em>cookie<\/em> puede instalarse autom\u00e1ticamente en su navegador. Una <em>cookie<\/em> es un documento con datos que no permiten identificar al usuario pero que sirve para registrar informaci\u00f3n sobre su navegaci\u00f3n en estas p\u00e1ginas web, con el fin de facilitar su navegaci\u00f3n ulterior. En funci\u00f3n de los par\u00e1metros de su navegador, ser\u00e1 informado de la presencia de una <em>cookie<\/em> y podr\u00e1, eventualmente, no autorizar su instalaci\u00f3n. El usuario puede oponerse a la instalaci\u00f3n de esta <em>cookie<\/em> utilizando las funciones correspondientes de su navegador. Los usuarios del sitio web \u00abCentro Internacional del ISSN\u00bb deben acatar las disposiciones relativas a la ley sobre privacidad inform\u00e1tica, los archivos de datos y la libertad, cuya violaci\u00f3n conlleva sanciones penales. En particular, debe abstenerse, trat\u00e1ndose de informaci\u00f3n nominativa que consulta, de recolectar o hacer un mal uso de la informaci\u00f3n consultada y, en t\u00e9rminos generales, debe abstenerse de toda acci\u00f3n que pueda vulnerar la vida privada o la reputaci\u00f3n de las personas.<\/p>\n<p>Tanto la estructura general como el <em>software,<\/em> los textos, las im\u00e1genes (animadas o no), los sonidos, el saber hacer, etc., y todos los dem\u00e1s elementos que componen el sitio web son propiedad exclusiva del CIEPS. Queda absolutamente prohibida toda representaci\u00f3n total o parcial de este sitio, por parte de cualquier sociedad, sin la autorizaci\u00f3n expresa del operador del sitio, y se considerar\u00e1 una falsificaci\u00f3n sancionada por los art\u00edculos L.335-2 y siguientes del C\u00f3digo de Propiedad Intelectual. Lo mismo vale para las bases de datos que figuran en el sitio web \u00abCentro Internacional del ISSN\u00bb o que se pueden consultar a partir de ese sitio web, que est\u00e1n protegidas por la ley del 1 de julio de 1998 sobre la transposici\u00f3n en el C\u00f3digo de Propiedad Intelectual de la directiva europea del 11 de marzo de 1996 sobre la protecci\u00f3n jur\u00eddica de las bases de datos. Las marcas del CIEPS y de sus socios, al igual que los logotipos que figuran en el sitio web, son marcas semifigurativas o no y han sido registradas. Queda prohibida toda reproducci\u00f3n total o parcial de estas marcas o de estos logotipos, efectuada a partir de los elementos del sitio web sin autorizaci\u00f3n expresa del CIEPS, seg\u00fan lo estipula el art\u00edculo L.713-2 del C\u00f3digo de Propiedad Intelectual. Los enlaces hipertextuales del sitio web que apuntan hacia otros recursos presentes en la red Internet y especialmente a los miembros de la Red ISSN tienen una autorizaci\u00f3n previa, expresa y escrita. Los usuarios y visitantes del sitio web no pueden crear un enlace en direcci\u00f3n hacia este sitio web sin una autorizaci\u00f3n previa y expresa del operador de dicho sitio web.<\/p>\n<p>El CIEPS hace todo lo posible para poner a disposici\u00f3n de los usuarios informaci\u00f3n y\/o herramientas disponibles y verificadas, pero no se hace responsable de los eventuales errores, de que la informaci\u00f3n no est\u00e9 eventualmente disponible ni de la presencia de virus inform\u00e1ticos en su sitio web. El CIEPS suministra informaci\u00f3n a t\u00edtulo indicativo. El operador del sitio web no podr\u00eda asegurar la exactitud, la compleci\u00f3n y la actualizaci\u00f3n de la informaci\u00f3n que se presenta en su sitio. Por lo tanto, el usuario reconoce que utiliza esta informaci\u00f3n bajo su entera y exclusiva responsabilidad. El CIEPS no concede ninguna garant\u00eda, expl\u00edcita o impl\u00edcita (incluyendo, aunque no limit\u00e1ndose, a las garant\u00edas impl\u00edcitas de propiedad o de autenticidad, de calidad comercial o de adecuaci\u00f3n a un tipo espec\u00edfico de utilizaci\u00f3n), en lo que se refiere a la accesibilidad, la precisi\u00f3n, la fiabilidad y la actualizaci\u00f3n o el contenido de estas p\u00e1ginas. En ning\u00fan caso el CIEPS ser\u00e1 considerado responsable de cualquier da\u00f1o, de cualquier naturaleza que sea, incluyendo, pero no de modo limitativo, da\u00f1os directos, indirectos, accesorios o incidentes, p\u00e9rdidas de beneficios o interrupci\u00f3n de actividad, resultante de la utilizaci\u00f3n o de la imposibilidad de utilizaci\u00f3n de este servicio ISSN, incluso si el CIEPS ha sido advertido sobre la posibilidad de tales da\u00f1os.<\/p>\n<p>El presente sitio web est\u00e1 sometido a la ley francesa.<\/p>\n<p>Director de publicaci\u00f3n: CIEPS \/ Centro Internacional de Registro de Publicaciones en Serie<\/p>\n<p>Dise\u00f1o y realizaci\u00f3n del sitio web: SDC Conseil<\/p>\n<p>Ergonom\u00eda y dise\u00f1o: <a href=\"http:\/\/www.laconcepterie.fr\/\">La Concepterie\u2122<\/a><\/p>\n<p><em>Software<\/em> de gesti\u00f3n de contenido: WordPress\u2122<\/p>\n","protected":false},"excerpt":{"rendered":"<p>El presente sitio web es propiedad del Centro Internacional de Registro de Publicaciones en Serie (CIEPS ISSN), organizaci\u00f3n internacional matriculada en el INSEE con el n\u00famero de SIRET 306 535 501 00028, cuya sede se encuentra en el 45 rue de Turbigo, 75003 Par\u00eds, Francia. El usuario del sitio web reconoce tener la competencia y [&hellip;]<\/p>\n","protected":false},"author":1,"featured_media":0,"parent":0,"menu_order":0,"comment_status":"closed","ping_status":"closed","template":"","meta":{"_acf_changed":false,"footnotes":""},"class_list":["post-12410","page","type-page","status-publish","hentry"],"acf":[],"_links":{"self":[{"href":"https:\/\/www.issn.org\/es\/wp-json\/wp\/v2\/pages\/12410","targetHints":{"allow":["GET"]}}],"collection":[{"href":"https:\/\/www.issn.org\/es\/wp-json\/wp\/v2\/pages"}],"about":[{"href":"https:\/\/www.issn.org\/es\/wp-json\/wp\/v2\/types\/page"}],"author":[{"embeddable":true,"href":"https:\/\/www.issn.org\/es\/wp-json\/wp\/v2\/users\/1"}],"replies":[{"embeddable":true,"href":"https:\/\/www.issn.org\/es\/wp-json\/wp\/v2\/comments?post=12410"}],"version-history":[{"count":0,"href":"https:\/\/www.issn.org\/es\/wp-json\/wp\/v2\/pages\/12410\/revisions"}],"wp:attachment":[{"href":"https:\/\/www.issn.org\/es\/wp-json\/wp\/v2\/media?parent=12410"}],"curies":[{"name":"wp","href":"https:\/\/api.w.org\/{rel}","templated":true}]}}