{"id":12567,"date":"2025-04-09T11:00:00","date_gmt":"2025-04-09T09:00:00","guid":{"rendered":"http:\/\/www.issn.org\/es\/?page_id=12567"},"modified":"2025-04-09T12:30:03","modified_gmt":"2025-04-09T10:30:03","slug":"contratacion","status":"publish","type":"page","link":"https:\/\/www.issn.org\/es\/contratacion\/","title":{"rendered":"Contrataci\u00f3n"},"content":{"rendered":"<p>Ning\u00fan puesto vacante de momento.<\/p>\n<p>El puesto de asistante de administratici\u00f3n y comunicaci\u00f3n est\u00e1 cubierto.<\/p>\n<p>Agradecemos el inter\u00e9s a todas las personas que presentaron candidaturas<\/p>\n<p>&nbsp;<\/p>\n<p>&nbsp;<\/p>\n","protected":false},"excerpt":{"rendered":"<p>Ning\u00fan puesto vacante de momento. El puesto de asistante de administratici\u00f3n y comunicaci\u00f3n est\u00e1 cubierto. Agradecemos el inter\u00e9s a todas las personas que presentaron candidaturas &nbsp; &nbsp;<\/p>\n","protected":false},"author":1,"featured_media":0,"parent":0,"menu_order":0,"comment_status":"closed","ping_status":"closed","template":"","meta":{"_acf_changed":false,"footnotes":""},"class_list":["post-12567","page","type-page","status-publish","hentry"],"acf":[],"_links":{"self":[{"href":"https:\/\/www.issn.org\/es\/wp-json\/wp\/v2\/pages\/12567","targetHints":{"allow":["GET"]}}],"collection":[{"href":"https:\/\/www.issn.org\/es\/wp-json\/wp\/v2\/pages"}],"about":[{"href":"https:\/\/www.issn.org\/es\/wp-json\/wp\/v2\/types\/page"}],"author":[{"embeddable":true,"href":"https:\/\/www.issn.org\/es\/wp-json\/wp\/v2\/users\/1"}],"replies":[{"embeddable":true,"href":"https:\/\/www.issn.org\/es\/wp-json\/wp\/v2\/comments?post=12567"}],"version-history":[{"count":17,"href":"https:\/\/www.issn.org\/es\/wp-json\/wp\/v2\/pages\/12567\/revisions"}],"predecessor-version":[{"id":46163,"href":"https:\/\/www.issn.org\/es\/wp-json\/wp\/v2\/pages\/12567\/revisions\/46163"}],"wp:attachment":[{"href":"https:\/\/www.issn.org\/es\/wp-json\/wp\/v2\/media?parent=12567"}],"curies":[{"name":"wp","href":"https:\/\/api.w.org\/{rel}","templated":true}]}}