{"id":13637,"date":"2017-03-16T11:02:52","date_gmt":"2017-03-16T10:02:52","guid":{"rendered":"http:\/\/www.issn.org\/es\/?page_id=13637"},"modified":"2017-06-08T12:04:52","modified_gmt":"2017-06-08T10:04:52","slug":"manual-issn-catalogacion","status":"publish","type":"page","link":"https:\/\/www.issn.org\/es\/comprender-el-issn\/reglas-de-atribucion-y-formatos\/manual-issn-catalogacion\/","title":{"rendered":"Manual ISSN catalogaci\u00f3n"},"content":{"rendered":"<p>Para descargar la versi\u00f3n en espa\u00f1ol, por favor haga clic en el icono PDF<\/p>\n","protected":false},"excerpt":{"rendered":"<p>Para descargar la versi\u00f3n en espa\u00f1ol, por favor haga clic en el icono PDF<\/p>\n","protected":false},"author":1,"featured_media":0,"parent":12580,"menu_order":0,"comment_status":"closed","ping_status":"closed","template":"manuel.php","meta":{"_acf_changed":false,"footnotes":""},"class_list":["post-13637","page","type-page","status-publish","hentry"],"acf":[],"_links":{"self":[{"href":"https:\/\/www.issn.org\/es\/wp-json\/wp\/v2\/pages\/13637","targetHints":{"allow":["GET"]}}],"collection":[{"href":"https:\/\/www.issn.org\/es\/wp-json\/wp\/v2\/pages"}],"about":[{"href":"https:\/\/www.issn.org\/es\/wp-json\/wp\/v2\/types\/page"}],"author":[{"embeddable":true,"href":"https:\/\/www.issn.org\/es\/wp-json\/wp\/v2\/users\/1"}],"replies":[{"embeddable":true,"href":"https:\/\/www.issn.org\/es\/wp-json\/wp\/v2\/comments?post=13637"}],"version-history":[{"count":0,"href":"https:\/\/www.issn.org\/es\/wp-json\/wp\/v2\/pages\/13637\/revisions"}],"up":[{"embeddable":true,"href":"https:\/\/www.issn.org\/es\/wp-json\/wp\/v2\/pages\/12580"}],"wp:attachment":[{"href":"https:\/\/www.issn.org\/es\/wp-json\/wp\/v2\/media?parent=13637"}],"curies":[{"name":"wp","href":"https:\/\/api.w.org\/{rel}","templated":true}]}}