{"id":46364,"date":"2025-05-15T16:19:17","date_gmt":"2025-05-15T14:19:17","guid":{"rendered":"https:\/\/www.issn.org\/?page_id=46364"},"modified":"2026-01-08T15:32:34","modified_gmt":"2026-01-08T14:32:34","slug":"issn-manual","status":"publish","type":"page","link":"https:\/\/www.issn.org\/es\/comprender-el-issn\/reglas-de-atribucion-y-formatos\/issn-manual\/","title":{"rendered":"Manual ISSN catalogaci\u00f3n"},"content":{"rendered":"<p>El Manual del ISSN describe c\u00f3mo el Centro Internacional y su red aplican la norma internacional ISO 3297 sobre n\u00fameros de serie. El mantenimiento del manual corre a cargo del Grupo de Revisi\u00f3n del ISSN, formado por representantes de la red del ISSN que se re\u00fanen peri\u00f3dicamente para desarrollar las pr\u00e1cticas de la red. En el sitio web institucional del Centro Internacional se publica una versi\u00f3n en PDF del manual en cuatro idiomas. Se actualiza cuando es necesario.<\/p>\n<p><a href=\"https:\/\/xwiki.issn.org\/wiki\/manual\/download\/ManualDocumentation\/PDFexport\/marc\/WebHome\/manual-es-marc.pdf\" target=\"_blank\" rel=\"noopener\">Download ISSN Manual as PDF (es)<\/a><\/p>\n<p>&nbsp;<\/p>\n","protected":false},"excerpt":{"rendered":"<p>El Manual del ISSN describe c\u00f3mo el Centro Internacional y su red aplican la norma internacional ISO 3297 sobre n\u00fameros de serie. El mantenimiento del manual corre a cargo del Grupo de Revisi\u00f3n del ISSN, formado por representantes de la red del ISSN que se re\u00fanen peri\u00f3dicamente para desarrollar las pr\u00e1cticas de la red. En [&hellip;]<\/p>\n","protected":false},"author":1,"featured_media":0,"parent":12580,"menu_order":0,"comment_status":"closed","ping_status":"closed","template":"","meta":{"_acf_changed":false,"footnotes":""},"class_list":["post-46364","page","type-page","status-publish","hentry"],"acf":[],"_links":{"self":[{"href":"https:\/\/www.issn.org\/es\/wp-json\/wp\/v2\/pages\/46364","targetHints":{"allow":["GET"]}}],"collection":[{"href":"https:\/\/www.issn.org\/es\/wp-json\/wp\/v2\/pages"}],"about":[{"href":"https:\/\/www.issn.org\/es\/wp-json\/wp\/v2\/types\/page"}],"author":[{"embeddable":true,"href":"https:\/\/www.issn.org\/es\/wp-json\/wp\/v2\/users\/1"}],"replies":[{"embeddable":true,"href":"https:\/\/www.issn.org\/es\/wp-json\/wp\/v2\/comments?post=46364"}],"version-history":[{"count":7,"href":"https:\/\/www.issn.org\/es\/wp-json\/wp\/v2\/pages\/46364\/revisions"}],"predecessor-version":[{"id":47806,"href":"https:\/\/www.issn.org\/es\/wp-json\/wp\/v2\/pages\/46364\/revisions\/47806"}],"up":[{"embeddable":true,"href":"https:\/\/www.issn.org\/es\/wp-json\/wp\/v2\/pages\/12580"}],"wp:attachment":[{"href":"https:\/\/www.issn.org\/es\/wp-json\/wp\/v2\/media?parent=46364"}],"curies":[{"name":"wp","href":"https:\/\/api.w.org\/{rel}","templated":true}]}}