{"id":10887,"date":"2025-04-09T11:40:28","date_gmt":"2025-04-09T09:40:28","guid":{"rendered":"http:\/\/www.issn.org\/?page_id=10887"},"modified":"2025-04-09T12:25:11","modified_gmt":"2025-04-09T10:25:11","slug":"carrieres","status":"publish","type":"page","link":"https:\/\/www.issn.org\/fr\/carrieres\/","title":{"rendered":"Recrutements"},"content":{"rendered":"<p>Le poste d&rsquo; Assistant(e) Administration et Communication (F\/H) a \u00e9t\u00e9 pourvu. Nous remercions les personnes qui nous ont envoy\u00e9 leurs candidatures.<\/p>\n<p>&nbsp;<\/p>\n","protected":false},"excerpt":{"rendered":"<p>Le poste d&rsquo; Assistant(e) Administration et Communication (F\/H) a \u00e9t\u00e9 pourvu. Nous remercions les personnes qui nous ont envoy\u00e9 leurs candidatures. &nbsp;<\/p>\n","protected":false},"author":295,"featured_media":0,"parent":0,"menu_order":0,"comment_status":"closed","ping_status":"closed","template":"","meta":{"_acf_changed":false,"footnotes":""},"class_list":["post-10887","page","type-page","status-publish","hentry"],"acf":[],"_links":{"self":[{"href":"https:\/\/www.issn.org\/fr\/wp-json\/wp\/v2\/pages\/10887","targetHints":{"allow":["GET"]}}],"collection":[{"href":"https:\/\/www.issn.org\/fr\/wp-json\/wp\/v2\/pages"}],"about":[{"href":"https:\/\/www.issn.org\/fr\/wp-json\/wp\/v2\/types\/page"}],"author":[{"embeddable":true,"href":"https:\/\/www.issn.org\/fr\/wp-json\/wp\/v2\/users\/295"}],"replies":[{"embeddable":true,"href":"https:\/\/www.issn.org\/fr\/wp-json\/wp\/v2\/comments?post=10887"}],"version-history":[{"count":14,"href":"https:\/\/www.issn.org\/fr\/wp-json\/wp\/v2\/pages\/10887\/revisions"}],"predecessor-version":[{"id":46160,"href":"https:\/\/www.issn.org\/fr\/wp-json\/wp\/v2\/pages\/10887\/revisions\/46160"}],"wp:attachment":[{"href":"https:\/\/www.issn.org\/fr\/wp-json\/wp\/v2\/media?parent=10887"}],"curies":[{"name":"wp","href":"https:\/\/api.w.org\/{rel}","templated":true}]}}