{"id":130,"date":"2013-09-16T10:00:25","date_gmt":"2013-09-16T09:00:25","guid":{"rendered":"http:\/\/www.issn.org\/?page_id=130"},"modified":"2017-11-30T16:09:06","modified_gmt":"2017-11-30T15:09:06","slug":"quest-ce-que-lissn","status":"publish","type":"page","link":"https:\/\/www.issn.org\/fr\/comprendre-lissn\/quest-ce-que-lissn\/","title":{"rendered":"Qu\u2019est-ce que l\u2019ISSN ?"},"content":{"rendered":"<p class=\"chapo\">L\u2019ISSN est un code de 8 chiffres servant \u00e0 identifier les journaux, revues, magazines, p\u00e9riodiques de toute nature et sur tous supports, papier comme \u00e9lectronique.<\/p>\n<ul>\n<li>Quelles sont les publications concern\u00e9es par l\u2019ISSN ?<\/li>\n<li>Comment se pr\u00e9sente l\u2019ISSN\u00a0?<\/li>\n<li>Quel est son r\u00f4le\u00a0?<\/li>\n<li>O\u00f9 le faire figurer ?<\/li>\n<\/ul>\n<h2>Quelles sont les publications concern\u00e9es par l\u2019ISSN ?<\/h2>\n<p>L&rsquo;ISSN (International Standard Serial Number) identifie toutes les ressources continues, quel que soit leur support, imprim\u00e9 ou \u00e9lectronique\u00a0:<\/p>\n<ul>\n<li>journaux,<\/li>\n<li>publications annuelles (rapports, annuaires, r\u00e9pertoires\u2026),<\/li>\n<li>revues,<\/li>\n<li>magazines,<\/li>\n<li>collections,<\/li>\n<li>sites web,<\/li>\n<li>bases de donn\u00e9es,<\/li>\n<li>blogs,\u2026<\/li>\n<\/ul>\n<p>Dans beaucoup de pays, l\u2019ISSN est obligatoire pour toutes les publications soumises au d\u00e9p\u00f4t l\u00e9gal.<\/p>\n<h2>Comment se pr\u00e9sente l\u2019ISSN\u00a0?<\/h2>\n<p>L\u2019ISSN prend la forme de l\u2019acronyme ISSN suivi par deux groupes de quatre chiffres, s\u00e9par\u00e9s par un tiret. Le huiti\u00e8me chiffre est un chiffre de contr\u00f4le calcul\u00e9 en fonction d\u2019un algorithme modulo 11 sur la base des 7 pr\u00e9c\u00e9dents chiffres\u00a0; le huiti\u00e8me chiffre peut \u00eatre un \u00abX\u00a0\u00bb si le r\u00e9sultat du calcul est \u00e9gal \u00e0 10, en vue d\u2019\u00e9viter toute ambigu\u00eft\u00e9.<\/p>\n<p>Ex:<\/p>\n<ul>\n<li>ISSN 0317-8471<\/li>\n<li>ISSN 1050-124X<\/li>\n<\/ul>\n<h2>Quel est son r\u00f4le\u00a0?<\/h2>\n<p>Le r\u00f4le de l\u2019ISSN est d\u2019identifier la publication.<\/p>\n<p>C\u2019est un code num\u00e9rique qui n\u2019a aucune signification intrins\u00e8que\u00a0:<\/p>\n<ul>\n<li>il ne comporte aucune information sur l\u2019origine ou le contenu de la publication,<\/li>\n<li>il n\u2019a pas pour objet de garantir la qualit\u00e9 ou la validit\u00e9 du contenu.<\/li>\n<\/ul>\n<p>L&rsquo;ISSN est associ\u00e9 au titre de la publication ; si celui-ci est modifi\u00e9 de mani\u00e8re significative, un nouvel ISSN doit \u00eatre attribu\u00e9.<\/p>\n<h2>O\u00f9 le faire figurer ?<\/h2>\n<p>Pour une <strong>publication imprim\u00e9e<\/strong>, l&rsquo;ISSN doit appara\u00eetre\u00a0:<\/p>\n<ul>\n<li>de pr\u00e9f\u00e9rence, dans le coin sup\u00e9rieur droit de la couverture,<\/li>\n<li>\u00e0 d\u00e9faut, sur des pages o\u00f9 figurent des informations \u00e9ditoriales (\u00e9diteur, p\u00e9riodicit\u00e9, achev\u00e9 d\u2019imprim\u00e9, etc.).<\/li>\n<\/ul>\n<p>Pour une <strong>publication sur support \u00e9lectronique<\/strong>, l&rsquo;ISSN doit \u00eatre indiqu\u00e9\u00a0:<\/p>\n<ul>\n<li>sur la page d\u2019accueil ou sur le menu principal s\u2019il s\u2019agit d\u2019une publication en ligne,<\/li>\n<\/ul>\n<ul>\n<li>sur toute partie lisible \u00e0 l&rsquo;\u0153il nu (en-t\u00eate de microfiche, \u00e9tiquette de CD-Rom ou de DVD, bo\u00eetier, \u00e9tui\u2026), s\u2019il s\u2019agit d\u2019une publication sur support physique.<\/li>\n<\/ul>\n<p>&nbsp;<\/p>\n<p>Si une publication est \u00e0 la fois identifi\u00e9e par un ISSN et un ISBN, ces deux identifiants doivent \u00eatre mentionn\u00e9s.<\/p>\n","protected":false},"excerpt":{"rendered":"<p>L\u2019ISSN est un code de 8 chiffres servant \u00e0 identifier les journaux, revues, magazines, p\u00e9riodiques de toute nature et sur tous supports, papier comme \u00e9lectronique. Quelles sont les publications concern\u00e9es par l\u2019ISSN ? Comment se pr\u00e9sente l\u2019ISSN\u00a0? Quel est son r\u00f4le\u00a0? O\u00f9 le faire figurer ? Quelles sont les publications concern\u00e9es par l\u2019ISSN ? L&rsquo;ISSN [&hellip;]<\/p>\n","protected":false},"author":1,"featured_media":0,"parent":25,"menu_order":0,"comment_status":"closed","ping_status":"closed","template":"","meta":{"_acf_changed":false,"footnotes":""},"class_list":["post-130","page","type-page","status-publish","hentry","caroussel-saffiche-dans-le-caroussel"],"acf":[],"_links":{"self":[{"href":"https:\/\/www.issn.org\/fr\/wp-json\/wp\/v2\/pages\/130","targetHints":{"allow":["GET"]}}],"collection":[{"href":"https:\/\/www.issn.org\/fr\/wp-json\/wp\/v2\/pages"}],"about":[{"href":"https:\/\/www.issn.org\/fr\/wp-json\/wp\/v2\/types\/page"}],"author":[{"embeddable":true,"href":"https:\/\/www.issn.org\/fr\/wp-json\/wp\/v2\/users\/1"}],"replies":[{"embeddable":true,"href":"https:\/\/www.issn.org\/fr\/wp-json\/wp\/v2\/comments?post=130"}],"version-history":[{"count":0,"href":"https:\/\/www.issn.org\/fr\/wp-json\/wp\/v2\/pages\/130\/revisions"}],"up":[{"embeddable":true,"href":"https:\/\/www.issn.org\/fr\/wp-json\/wp\/v2\/pages\/25"}],"wp:attachment":[{"href":"https:\/\/www.issn.org\/fr\/wp-json\/wp\/v2\/media?parent=130"}],"curies":[{"name":"wp","href":"https:\/\/api.w.org\/{rel}","templated":true}]}}