{"id":134,"date":"2018-11-30T08:41:48","date_gmt":"2018-11-30T07:41:48","guid":{"rendered":"http:\/\/www.issn.org\/?page_id=134"},"modified":"2024-12-05T17:25:31","modified_gmt":"2024-12-05T16:25:31","slug":"issn-les-grands-principes","status":"publish","type":"page","link":"https:\/\/www.issn.org\/fr\/comprendre-lissn\/regles-d-attribution\/issn-les-grands-principes\/","title":{"rendered":"ISSN, les grands principes"},"content":{"rendered":"<p class=\"chapo\">Un ISSN, pour quel(s) support(s)\u00a0? Quand, comment, dans quels cas en faire la demande ? Voici ce qu\u2019il faut savoir avant de demander un ISSN pour votre publication.<\/p>\n<ul>\n<li>ISSN, la r\u00e8gle de base<\/li>\n<li>Demande d\u2019ISSN<\/li>\n<li>Demande d\u2019ISSN multiples<\/li>\n<li>Changement d&rsquo;ISSN<\/li>\n<li>Cas particuliers<\/li>\n<\/ul>\n<h2>ISSN, la r\u00e8gle de base<\/h2>\n<p>L&rsquo;ISSN identifie la publication en tant que telle, en r\u00e9f\u00e9rence \u00e0 son titre et \u00e0 son support.<\/p>\n<p>Ainsi, on aura toujours le m\u00eame ISSN pour\u00a0:<\/p>\n<ul>\n<li>tous les fascicules d\u2019un p\u00e9riodique,<\/li>\n<li>tous les num\u00e9ros d\u2019un magazine,<\/li>\n<li>tous les CD-Rom d\u2019une s\u00e9rie\u2026<\/li>\n<\/ul>\n<h2>Demande d\u2019ISSN<\/h2>\n<p>L\u2019attribution d\u2019un ISSN est de la comp\u00e9tence du <a title=\"Le r\u00e9seau aujourd\u2019hui\" href=\"https:\/\/www.issn.org\/fr\/le-centre-et-le-reseau\/les-pays-membres\/le-reseau-aujourdhui\/\">Centre National ISSN<\/a>\u00a0de l\u2019\u00e9diteur qui en fait la demande.<\/p>\n<p>Si un pays ne dispose pas de Centre National ISSN, c\u2019est le <a href=\"https:\/\/www.issn.org\/fr\/services-et-prestations\/demander-un-issn\/contacter-le-centre-international-de-lissn\/\" target=\"_blank\" rel=\"noopener noreferrer\">Centre International de l\u2019ISSN<\/a> qui proc\u00e8de \u00e0 l\u2019attribution de l\u2019ISSN.<\/p>\n<p>Il est demand\u00e9 \u00e0 l\u2019\u00e9diteur de joindre \u00e0 sa demande un certain nombre d\u2019informations et de justificatifs (<a title=\"Votre ISSN, mode d\u2019emploi\" href=\"https:\/\/portal.issn.org\/sites\/default\/files\/guidelinespublishers_merged-fre-cornc-final.pdf\">voir en d\u00e9tail<\/a>).<\/p>\n<p>Une demande d&rsquo;ISSN peut \u00eatre soumise <strong>jusqu&rsquo;\u00e0 3 mois avant publication<\/strong>, si les informations et les documents justificatifs fournis d\u00e9montrent que le projet est suffisamment avanc\u00e9. Notez bien que cet ISSN sera officiellement enregistr\u00e9 dans le <a href=\"https:\/\/www.issn.org\/fr\/comprendre-lissn\/le-registre-international\/\">Registre International de l&rsquo;ISSN<\/a> seulement apr\u00e8s r\u00e9ception du premier num\u00e9ro.<\/p>\n<p>Cette r\u00e8gle s&rsquo;applique seulement aux publications imprim\u00e9es et sur CD-Rom.<\/p>\n<p><strong>Les ressources en ligne ne re\u00e7oivent pas d&rsquo;ISSN avant publication<\/strong>. De plus, pour toute nouvelle publication, <strong>un minimum de 5 articles<\/strong> est requis pour consid\u00e9rer qu&rsquo;une publication est compl\u00e8te.<\/p>\n<h2>Demande d\u2019ISSN multiples<\/h2>\n<p>Lorsqu\u2019une m\u00eame publication est \u00e9dit\u00e9e\u00a0:<\/p>\n<ul>\n<li>sur des supports diff\u00e9rents (version papier et version en ligne, par exemple),<\/li>\n<li>ou dans des langues diff\u00e9rentes (\u00e9dition en fran\u00e7ais et \u00e9dition en anglais par exemple), des ISSN distincts doivent \u00eatre demand\u00e9s pour chacun des supports ou chacune des \u00e9ditions linguistiques.<\/li>\n<\/ul>\n<h2>Changement d&rsquo;ISSN<\/h2>\n<p>Un nouvel ISSN doit \u00eatre demand\u00e9 dans les 2 cas suivants\u00a0:<\/p>\n<ul>\n<li>changement du support de la publication (un magazine imprim\u00e9 devient un magazine en ligne, par exemple),<\/li>\n<li>modification du titre de la publication.<\/li>\n<\/ul>\n<p>Les autres modifications telles que\u00a0:<\/p>\n<ul>\n<li>changement d&rsquo;\u00e9diteur,<\/li>\n<li>changement de lieu de publication,<\/li>\n<li>changement de p\u00e9riodicit\u00e9,<\/li>\n<li>changement de politique \u00e9ditoriale,<\/li>\n<li>etc.<\/li>\n<\/ul>\n<p>n\u2019entra\u00eenent pas de changement d\u2019ISSN.<\/p>\n<h2>Cas particuliers<\/h2>\n<p>En cas de\u00a0:<\/p>\n<ul>\n<li>fusion avec d&rsquo;autres titres,<\/li>\n<li>\u00e9dition de suppl\u00e9ments,<\/li>\n<li>lancement d\u2019autres \u00e9ditions,<\/li>\n<li>etc.,<\/li>\n<\/ul>\n<p>consultez votre <a href=\"https:\/\/www.issn.org\/fr\/le-centre-et-le-reseau\/les-pays-membres\/le-reseau-aujourdhui\/\" target=\"_blank\" rel=\"noopener noreferrer\">Centre National ISSN<\/a> qui d\u00e9terminera si des ISSN sp\u00e9cifiques doivent \u00eatre attribu\u00e9s.<\/p>\n","protected":false},"excerpt":{"rendered":"<p>Un ISSN, pour quel(s) support(s)\u00a0? Quand, comment, dans quels cas en faire la demande ? Voici ce qu\u2019il faut savoir avant de demander un ISSN pour votre publication. ISSN, la r\u00e8gle de base Demande d\u2019ISSN Demande d\u2019ISSN multiples Changement d&rsquo;ISSN Cas particuliers ISSN, la r\u00e8gle de base L&rsquo;ISSN identifie la publication en tant que telle, [&hellip;]<\/p>\n","protected":false},"author":1,"featured_media":0,"parent":44,"menu_order":0,"comment_status":"closed","ping_status":"closed","template":"","meta":{"_acf_changed":false,"footnotes":""},"class_list":["post-134","page","type-page","status-publish","hentry"],"acf":[],"_links":{"self":[{"href":"https:\/\/www.issn.org\/fr\/wp-json\/wp\/v2\/pages\/134","targetHints":{"allow":["GET"]}}],"collection":[{"href":"https:\/\/www.issn.org\/fr\/wp-json\/wp\/v2\/pages"}],"about":[{"href":"https:\/\/www.issn.org\/fr\/wp-json\/wp\/v2\/types\/page"}],"author":[{"embeddable":true,"href":"https:\/\/www.issn.org\/fr\/wp-json\/wp\/v2\/users\/1"}],"replies":[{"embeddable":true,"href":"https:\/\/www.issn.org\/fr\/wp-json\/wp\/v2\/comments?post=134"}],"version-history":[{"count":2,"href":"https:\/\/www.issn.org\/fr\/wp-json\/wp\/v2\/pages\/134\/revisions"}],"predecessor-version":[{"id":45037,"href":"https:\/\/www.issn.org\/fr\/wp-json\/wp\/v2\/pages\/134\/revisions\/45037"}],"up":[{"embeddable":true,"href":"https:\/\/www.issn.org\/fr\/wp-json\/wp\/v2\/pages\/44"}],"wp:attachment":[{"href":"https:\/\/www.issn.org\/fr\/wp-json\/wp\/v2\/media?parent=134"}],"curies":[{"name":"wp","href":"https:\/\/api.w.org\/{rel}","templated":true}]}}