{"id":14315,"date":"2017-06-21T13:22:59","date_gmt":"2017-06-21T11:22:59","guid":{"rendered":"http:\/\/www.issn.org\/fr\/?page_id=14315"},"modified":"2018-03-15T10:10:35","modified_gmt":"2018-03-15T09:10:35","slug":"archives-de-site","status":"publish","type":"page","link":"https:\/\/www.issn.org\/fr\/archives-de-site\/","title":{"rendered":"Archives des sites"},"content":{"rendered":"<p>Le site institutionnel du Centre international de l\u2019ISSN (www.issn.org), le site ROAD (www.road.issn.org) et le blog du 40\u00e8me Anniversaire du r\u00e9seau de l\u2019ISSN sont \u00e0 pr\u00e9sent archiv\u00e9s par l\u2019Internet Memory Foundation (IMF).<\/p>\n<p>Vous trouverez ci-dessous les liens pour acc\u00e9der \u00e0 ces ressources :<\/p>\n<p><a href=\"http:\/\/collections.internetmemory.org\/issn\/*\/http:\/www.issn.org\">http:\/\/collections.internetmemory.org\/issn\/*\/https:\/\/www.issn.org<\/a><\/p>\n<p><a href=\"http:\/\/collections.internetmemory.org\/issn\/20170119133447\/http:\/road.issn.org\">http:\/\/collections.internetmemory.org\/issn\/20170119133447\/http:\/\/road.issn.org<\/a><\/p>\n<p><a href=\"http:\/\/collections.internetmemory.org\/qa_issn\/20170206134407\/http:\/40years.issn.org\/\">http:\/\/collections.internetmemory.org\/qa_issn\/20170206134407\/http:\/\/40years.issn.org\/<\/a><\/p>\n","protected":false},"excerpt":{"rendered":"<p>Le site institutionnel du Centre international de l\u2019ISSN (www.issn.org), le site ROAD (www.road.issn.org) et le blog du 40\u00e8me Anniversaire du r\u00e9seau de l\u2019ISSN sont \u00e0 pr\u00e9sent archiv\u00e9s par l\u2019Internet Memory Foundation (IMF). Vous trouverez ci-dessous les liens pour acc\u00e9der \u00e0 ces ressources : http:\/\/collections.internetmemory.org\/issn\/*\/https:\/\/www.issn.org http:\/\/collections.internetmemory.org\/issn\/20170119133447\/http:\/\/road.issn.org http:\/\/collections.internetmemory.org\/qa_issn\/20170206134407\/http:\/\/40years.issn.org\/<\/p>\n","protected":false},"author":1,"featured_media":0,"parent":0,"menu_order":0,"comment_status":"closed","ping_status":"closed","template":"","meta":{"_acf_changed":false,"footnotes":""},"class_list":["post-14315","page","type-page","status-publish","hentry"],"acf":[],"_links":{"self":[{"href":"https:\/\/www.issn.org\/fr\/wp-json\/wp\/v2\/pages\/14315","targetHints":{"allow":["GET"]}}],"collection":[{"href":"https:\/\/www.issn.org\/fr\/wp-json\/wp\/v2\/pages"}],"about":[{"href":"https:\/\/www.issn.org\/fr\/wp-json\/wp\/v2\/types\/page"}],"author":[{"embeddable":true,"href":"https:\/\/www.issn.org\/fr\/wp-json\/wp\/v2\/users\/1"}],"replies":[{"embeddable":true,"href":"https:\/\/www.issn.org\/fr\/wp-json\/wp\/v2\/comments?post=14315"}],"version-history":[{"count":0,"href":"https:\/\/www.issn.org\/fr\/wp-json\/wp\/v2\/pages\/14315\/revisions"}],"wp:attachment":[{"href":"https:\/\/www.issn.org\/fr\/wp-json\/wp\/v2\/media?parent=14315"}],"curies":[{"name":"wp","href":"https:\/\/api.w.org\/{rel}","templated":true}]}}