{"id":144,"date":"2013-07-29T13:55:21","date_gmt":"2013-07-29T12:55:21","guid":{"rendered":"http:\/\/www.issn.org\/?page_id=144"},"modified":"2018-11-05T12:53:13","modified_gmt":"2018-11-05T11:53:13","slug":"lidentification-avec-le-code-a-barres-ean-13","status":"publish","type":"page","link":"https:\/\/www.issn.org\/fr\/comprendre-lissn\/politique-dattribution\/lidentification-avec-le-code-a-barres-ean-13\/","title":{"rendered":"L\u2019identification avec le code \u00e0 barres GTIN 13"},"content":{"rendered":"<p class=\"chapo\">En tant qu\u2019identifiant, l\u2019ISSN entre dans la composition du code \u00e0 barres GTIN 13.<\/p>\n<ul>\n<li>Qu\u2019est-ce que le code \u00e0 barres GTIN 13\u00a0?<\/li>\n<li>Structure du code \u00e0 barres GTIN 13 pour les publications en s\u00e9rie<\/li>\n<li>Calculer un code GTIN 13<\/li>\n<li>Cr\u00e9er l\u2019image d\u2019un code GTIN 13<\/li>\n<\/ul>\n<h2>Qu\u2019est-ce que le code \u00e0 barres GTIN 13\u00a0?<\/h2>\n<p>Compos\u00e9 de 13 chiffres, le code GTIN 13 est le code de distribution commerciale le plus utilis\u00e9 au monde.<br \/>\nIl figure sur tous les produits commercialis\u00e9s.<br \/>\nIl est g\u00e9r\u00e9 au niveau international par GS1 International, organisme situ\u00e9 \u00e0 Bruxelles.<\/p>\n<h2>Structure du code \u00e0 barres GTIN 13 pour les publications en s\u00e9rie<\/h2>\n<p>Pour les publications en s\u00e9rie, le code \u00e0 barres GTIN 13 est structur\u00e9 de la fa\u00e7on suivante :<\/p>\n<ul>\n<li>les 3 premiers chiffres correspondent au pr\u00e9fixe 977 attribu\u00e9 aux publications en s\u00e9rie,<\/li>\n<li>les 7 chiffres suivants correspondent \u00e0 l&rsquo;ISSN (sans le tiret et sans le caract\u00e8re de contr\u00f4le final),<\/li>\n<li>les 11<sup>\u00e8me<\/sup> et 12<sup>\u00e8me<\/sup> caract\u00e8res sont variables et peuvent \u00eatre utilis\u00e9s par l&rsquo;\u00e9diteur pour exprimer des informations compl\u00e9mentaires (changement de prix par exemple),<\/li>\n<li>le 13<sup>\u00e8me<\/sup> caract\u00e8re est une cl\u00e9 de contr\u00f4le calcul\u00e9e selon le modulo 10.<\/li>\n<\/ul>\n<p>Pour la calculer ou la v\u00e9rifier, vous pouvez utiliser le <a href=\"http:\/\/www.gs1.org\/barcodes\/support\/check_digit_calculator\" target=\"_blank\" rel=\"noopener\">simulateur<\/a> sur le site internet de GS1 International.<\/p>\n<a href=\"https:\/\/www.issn.org\/wp-content\/uploads\/2013\/07\/issn_code_barre.png\"><img loading=\"lazy\" decoding=\"async\" class=\"alignnone size-full wp-image-2042\" src=\"https:\/\/www.issn.org\/wp-content\/uploads\/2013\/07\/issn_code_barre.png\" alt=\"issn_code_barre\" width=\"262\" height=\"127\" srcset=\"https:\/\/www.issn.org\/wp-content\/uploads\/2013\/07\/issn_code_barre.png 262w, https:\/\/www.issn.org\/wp-content\/uploads\/2013\/07\/issn_code_barre-150x72.png 150w\" sizes=\"auto, (max-width: 262px) 100vw, 262px\" \/><\/a>\n<p>Le code GTIN 13 peut-\u00eatre compl\u00e9t\u00e9 par un additif de 2 ou 5 caract\u00e8res indiquant habituellement le num\u00e9ro de la livraison.<\/p>\n<h2>Calculer un code GTIN 13<\/h2>\n<p>Pour calculer le code GTIN 13 de votre publication en s\u00e9rie, il est indispensable de <a title=\"Demander un ISSN\" href=\"https:\/\/www.issn.org\/services-et-prestations\/demander-un-issn\/\">demander d\u2019abord votre ISSN<\/a><\/p>\n<h2>Cr\u00e9er l\u2019image d\u2019un code GTIN 13<\/h2>\n<p>Une fois le code GTIN 13 calcul\u00e9, il faut cr\u00e9er l\u2019image correspondante (succession de barres verticales) qui sera reproduite sur les exemplaires de votre publication.<\/p>\n<p>Vous pouvez\u00a0:<br \/>\n&#8211;\u00a0\u00a0\u00a0\u00a0\u00a0\u00a0 soit produire vous-m\u00eame cette image avec des logiciels appropri\u00e9s,<br \/>\n&#8211;\u00a0\u00a0\u00a0\u00a0\u00a0\u00a0 soit commander des films \u00e0 haute d\u00e9finition aupr\u00e8s de soci\u00e9t\u00e9s sp\u00e9cialis\u00e9es (le Centre International de l\u2019ISSN ne fournit pas les coordonn\u00e9es de ces soci\u00e9t\u00e9s).<\/p>\n","protected":false},"excerpt":{"rendered":"<p>En tant qu\u2019identifiant, l\u2019ISSN entre dans la composition du code \u00e0 barres GTIN 13. Qu\u2019est-ce que le code \u00e0 barres GTIN 13\u00a0? Structure du code \u00e0 barres GTIN 13 pour les publications en s\u00e9rie Calculer un code GTIN 13 Cr\u00e9er l\u2019image d\u2019un code GTIN 13 Qu\u2019est-ce que le code \u00e0 barres GTIN 13\u00a0? Compos\u00e9 de [&hellip;]<\/p>\n","protected":false},"author":1,"featured_media":0,"parent":67,"menu_order":1,"comment_status":"closed","ping_status":"closed","template":"","meta":{"_acf_changed":false,"footnotes":""},"class_list":["post-144","page","type-page","status-publish","hentry"],"acf":[],"_links":{"self":[{"href":"https:\/\/www.issn.org\/fr\/wp-json\/wp\/v2\/pages\/144","targetHints":{"allow":["GET"]}}],"collection":[{"href":"https:\/\/www.issn.org\/fr\/wp-json\/wp\/v2\/pages"}],"about":[{"href":"https:\/\/www.issn.org\/fr\/wp-json\/wp\/v2\/types\/page"}],"author":[{"embeddable":true,"href":"https:\/\/www.issn.org\/fr\/wp-json\/wp\/v2\/users\/1"}],"replies":[{"embeddable":true,"href":"https:\/\/www.issn.org\/fr\/wp-json\/wp\/v2\/comments?post=144"}],"version-history":[{"count":0,"href":"https:\/\/www.issn.org\/fr\/wp-json\/wp\/v2\/pages\/144\/revisions"}],"up":[{"embeddable":true,"href":"https:\/\/www.issn.org\/fr\/wp-json\/wp\/v2\/pages\/67"}],"wp:attachment":[{"href":"https:\/\/www.issn.org\/fr\/wp-json\/wp\/v2\/media?parent=144"}],"curies":[{"name":"wp","href":"https:\/\/api.w.org\/{rel}","templated":true}]}}