{"id":148,"date":"2013-07-29T14:00:34","date_gmt":"2013-07-29T13:00:34","guid":{"rendered":"http:\/\/www.issn.org\/?page_id=148"},"modified":"2013-12-09T18:22:05","modified_gmt":"2013-12-09T17:22:05","slug":"usages-pratiques-de-lissn","status":"publish","type":"page","link":"https:\/\/www.issn.org\/fr\/comprendre-lissn\/politique-dattribution\/usages-pratiques-de-lissn\/","title":{"rendered":"Usages pratiques de l\u2019ISSN"},"content":{"rendered":"<p class=\"chapo\">Au-del\u00e0 de son r\u00f4le d\u2019identification des titres, l\u2019ISSN est un outil indispensable au quotidien pour tous les professionnels des publications en s\u00e9rie.<\/p>\n<ul>\n<li>L\u2019archivage \u00e9lectronique<\/li>\n<li>Le catalogage<\/li>\n<li>La distribution, l\u2019abonnement et la gestion<\/li>\n<\/ul>\n<h2>L\u2019archivage \u00e9lectronique<\/h2>\n<p>Le <a href=\"https:\/\/www.issn.org\/comprendre-lissn\/le-registre-international\/\">Registre International de l&rsquo;ISSN<\/a> est le catalogue mondial des publications en s\u00e9rie. Les publications en s\u00e9rie y sont enregistr\u00e9es de mani\u00e8re exhaustive.<\/p>\n<p>L&rsquo;ISSN est donc un outil bibliographique\u00a0: il permet aux \u00e9tudiants, chercheurs, r\u00e9dacteurs de r\u00e9sum\u00e9s et biblioth\u00e9caires de donner les r\u00e9f\u00e9rences pr\u00e9cises d&rsquo;une publication en s\u00e9rie.<\/p>\n<h2>Le catalogage<\/h2>\n<p>Utilis\u00e9 comme code num\u00e9rique normalis\u00e9 d&rsquo;identification, l\u2019ISSN est utilis\u00e9 dans les applications informatiques pour\u00a0:<br \/>\n&#8211; la mise \u00e0 jour de fichiers,<br \/>\n&#8211;\u00a0l&rsquo;\u00e9tablissement de liens entre fichiers diff\u00e9rents,<br \/>\n&#8211;\u00a0la recherche et l&rsquo;\u00e9change de donn\u00e9es.<\/p>\n<h2>La distribution, l\u2019abonnement et la gestion<\/h2>\n<p>L&rsquo;ISSN est utilis\u00e9 par les biblioth\u00e8ques pour\u00a0:<br \/>\n&#8211;\u00a0identifier des titres,<br \/>\n&#8211;\u00a0commander et v\u00e9rifier les publications en s\u00e9rie,<br \/>\n&#8211;\u00a0r\u00e9clamer des fascicules manquants.<\/p>\n<p>L&rsquo;ISSN simplifie les op\u00e9rations de pr\u00eat entre biblioth\u00e8ques, ainsi que les contr\u00f4les et v\u00e9rifications sur les catalogues collectifs.<\/p>\n<p>L&rsquo;utilisation pr\u00e9cise de l&rsquo;ISSN est indispensable pour assurer une bonne r\u00e9solution des liens bas\u00e9s sur OpenURL.<\/p>\n<p>Entre \u00e9diteurs et fournisseurs, l&rsquo;ISSN est un outil de communication pratique et \u00e9conomique.<br \/>\nIl contribue \u00e0 la rapidit\u00e9 et \u00e0 l&rsquo;efficacit\u00e9 des syst\u00e8mes de distribution commerciale.<\/p>\n","protected":false},"excerpt":{"rendered":"<p>Au-del\u00e0 de son r\u00f4le d\u2019identification des titres, l\u2019ISSN est un outil indispensable au quotidien pour tous les professionnels des publications en s\u00e9rie. L\u2019archivage \u00e9lectronique Le catalogage La distribution, l\u2019abonnement et la gestion L\u2019archivage \u00e9lectronique Le Registre International de l&rsquo;ISSN est le catalogue mondial des publications en s\u00e9rie. Les publications en s\u00e9rie y sont enregistr\u00e9es de [&hellip;]<\/p>\n","protected":false},"author":1,"featured_media":0,"parent":67,"menu_order":2,"comment_status":"closed","ping_status":"closed","template":"","meta":{"_acf_changed":false,"footnotes":""},"class_list":["post-148","page","type-page","status-publish","hentry"],"acf":[],"_links":{"self":[{"href":"https:\/\/www.issn.org\/fr\/wp-json\/wp\/v2\/pages\/148","targetHints":{"allow":["GET"]}}],"collection":[{"href":"https:\/\/www.issn.org\/fr\/wp-json\/wp\/v2\/pages"}],"about":[{"href":"https:\/\/www.issn.org\/fr\/wp-json\/wp\/v2\/types\/page"}],"author":[{"embeddable":true,"href":"https:\/\/www.issn.org\/fr\/wp-json\/wp\/v2\/users\/1"}],"replies":[{"embeddable":true,"href":"https:\/\/www.issn.org\/fr\/wp-json\/wp\/v2\/comments?post=148"}],"version-history":[{"count":0,"href":"https:\/\/www.issn.org\/fr\/wp-json\/wp\/v2\/pages\/148\/revisions"}],"up":[{"embeddable":true,"href":"https:\/\/www.issn.org\/fr\/wp-json\/wp\/v2\/pages\/67"}],"wp:attachment":[{"href":"https:\/\/www.issn.org\/fr\/wp-json\/wp\/v2\/media?parent=148"}],"curies":[{"name":"wp","href":"https:\/\/api.w.org\/{rel}","templated":true}]}}