{"id":155,"date":"2022-02-24T10:30:56","date_gmt":"2022-02-24T09:30:56","guid":{"rendered":"http:\/\/www.issn.org\/?page_id=155"},"modified":"2024-01-18T16:18:21","modified_gmt":"2024-01-18T15:18:21","slug":"le-registre-international","status":"publish","type":"page","link":"https:\/\/www.issn.org\/fr\/comprendre-lissn\/le-registre-international\/","title":{"rendered":"Le Registre International de l\u2019ISSN"},"content":{"rendered":"<p>Publi\u00e9 par le Centre International de l\u2019ISSN, le <a href=\"https:\/\/portal.issn.org\">Portail de l&rsquo;ISSN<\/a> r\u00e9pertorie tous les ISSN attribu\u00e9s \u00e0 des publications en s\u00e9rie. C\u2019est la source de r\u00e9f\u00e9rence la plus compl\u00e8te au monde en mati\u00e8re d&rsquo;identification de publications en s\u00e9rie.<\/p>\n<ul>\n<li>Le <a href=\"https:\/\/portal.issn.org\">Portail de l\u2019ISSN<\/a> en chiffres<\/li>\n<li>Des donn\u00e9es exhaustives<\/li>\n<li>Acc\u00e9der au Registre International de l&rsquo;ISSN<\/li>\n<\/ul>\n<h2>Le Portail de l\u2019ISSN en chiffres<\/h2>\n<p>Plus <b>de 2.5 millions d&rsquo;ISSN<\/b> ont \u00e9t\u00e9 attribu\u00e9s par le R\u00e9seau ISSN.<\/p>\n<p>Constamment mise \u00e0 jour par le R\u00e9seau ISSN, la base de donn\u00e9es a une <b>croissance annuelle d&rsquo;environ 50 000 \u00e0 70 000 ISSN<\/b>, correspondant \u00e0 un nombre \u00e9quivalent de notices et de publications identifi\u00e9es.<\/p>\n<p>Pr\u00e8s de <b>130\u00a0000 corrections et modifications<\/b> sont effectu\u00e9es tous les ans.<\/p>\n<p>La version en ligne sur Internet est mise \u00e0 jour en continu.<\/p>\n<p>Pour tout savoir sur le contenu et la croissance du <a href=\"https:\/\/portal.issn.org\">Portail de l&rsquo;ISSN<\/a>, consultez les statistiques de l&rsquo;ISSN (en Anglais) :<\/p>\n<ul>\n<li><a href=\"https:\/\/www.issn.org\/wp-content\/uploads\/2023\/02\/Total-number-of-records.pdf\">Nombre total de notices<\/a><\/li>\n<li><a href=\"https:\/\/www.issn.org\/wp-content\/uploads\/2021\/09\/Records-for-countries-with-NC_v3.pdf\">Nombre de notices par pays ayant un centre national ISSN<\/a><\/li>\n<li><a href=\"https:\/\/www.issn.org\/wp-content\/uploads\/2021\/09\/Records-for-countries-under-IC-1.pdf\">Nombre de notices par pays sous la responsabilit\u00e9 du CI<\/a><\/li>\n<li><a href=\"https:\/\/www.issn.org\/wp-content\/uploads\/2021\/09\/Records-per-type.pdf\">Nombre de notices par type<\/a><\/li>\n<li><a href=\"https:\/\/www.issn.org\/wp-content\/uploads\/2021\/09\/Records-per-medium.pdf\">Nombre de notices par support<\/a><\/li>\n<li><a href=\"https:\/\/www.issn.org\/wp-content\/uploads\/2021\/09\/Records-per-status.pdf\">Nombre de notices par statut<\/a><\/li>\n<li><a href=\"https:\/\/www.issn.org\/wp-content\/uploads\/2021\/09\/Records-per-languages-most-represented.pdf\">Nombre de notices par langues les plus repr\u00e9sent\u00e9es<\/a><\/li>\n<\/ul>\n<h2>Des donn\u00e9es exhaustives<\/h2>\n<p>Chaque notice bibliographique du Registre International de l\u2019ISSN contient\u00a0:<\/p>\n<ul>\n<li>les \u00e9l\u00e9ments de r\u00e9f\u00e9rence uniques de la publication\u00a0:\n<ul>\n<li>ISSN,<\/li>\n<li>titre cl\u00e9,<\/li>\n<li>titre cl\u00e9 abr\u00e9g\u00e9,<\/li>\n<\/ul>\n<\/li>\n<li>des \u00e9l\u00e9ments suppl\u00e9mentaires permettant d\u2019identifier la publication concern\u00e9e\u00a0:\n<ul>\n<li>p\u00e9riodicit\u00e9,<\/li>\n<li>langue,<\/li>\n<li>autres formes du titre,<\/li>\n<li>lieu d&rsquo;\u00e9dition,<\/li>\n<li>\u00e9diteur,<\/li>\n<li>support\u2026,<\/li>\n<\/ul>\n<\/li>\n<li>le cas \u00e9ch\u00e9ant, des liens associant le titre concern\u00e9 \u00e0 d&rsquo;autres titres \u00e9galement identifi\u00e9s par un ISSN\u00a0:\n<ul>\n<li>titre(s) pr\u00e9c\u00e9dent(s),<\/li>\n<li>\u00e9ditions dans d&rsquo;autres langues,<\/li>\n<li>\u00e9ditions sur d&rsquo;autres supports\u2026<\/li>\n<\/ul>\n<\/li>\n<\/ul>\n<h2>Acc\u00e9der au <a href=\"https:\/\/portal.issn.org\">Portail de l&rsquo;ISSN<\/a><\/h2>\n<p>Le Registre International de l&rsquo;ISSN est disponible en ligne et sur abonnement\u00a0<a href=\"https:\/\/www.issn.org\/produit\/portail-issn\/\" target=\"_blank\" rel=\"noopener noreferrer\">via le Portail de l&rsquo;ISSN<\/a>.<\/p>\n<p>D\u2019autres modes d\u2019acc\u00e8s sont possibles\u00a0:<\/p>\n<ul>\n<li><a href=\"https:\/\/www.issn.org\/services-et-prestations\/sabonner-au-registre\/les-options-dabonnement\/\" target=\"_blank\" rel=\"noopener noreferrer\">Z39.50<\/a>,<\/li>\n<li><a href=\"https:\/\/www.issn.org\/services-et-prestations\/sabonner-au-registre\/les-options-dabonnement\/\" target=\"_blank\" rel=\"noopener noreferrer\">protocole OAI-PMH<\/a>,<\/li>\n<li><a href=\"https:\/\/www.issn.org\/services-et-prestations\/sabonner-au-registre\/les-options-dabonnement\/\" target=\"_blank\" rel=\"noopener noreferrer\">fichier de donn\u00e9es brutes<\/a>.<\/li>\n<\/ul>\n<p>Les notices ISSN sont disponibles dans les formats suivants\u00a0:<\/p>\n<ul>\n<li><a href=\"https:\/\/www.issn.org\/wp-content\/uploads\/2016\/11\/ISSN-MARC-21-ENG-Revised-September-2016.pdf\">ISSN MARC 21<\/a><\/li>\n<li><a href=\"https:\/\/www.issn.org\/wp-content\/uploads\/2013\/07\/issn-unimarc-eng.pdf\">issn-unimarc-eng<\/a>,<\/li>\n<li><a href=\"http:\/\/www.loc.gov\/standards\/marcxml\/\">MARC XML<\/a><\/li>\n<\/ul>\n<p>Les tableaux indiquent les zones de MARC 21 et d\u2019UNIMARC requises pour la cr\u00e9ation des enregistrements ISSN.<br \/>\nLe format d&rsquo;\u00e9change est <a title=\"L\u2019ISSN, un code normalis\u00e9\" href=\"https:\/\/www.issn.org\/comprendre-lissn\/normalisation\/\" target=\"_blank\" rel=\"noopener noreferrer\">ISO 2709<\/a>.<\/p>\n<p>&nbsp;<\/p>\n<p>&nbsp;<\/p>\n<p>&nbsp;<\/p>\n","protected":false},"excerpt":{"rendered":"<p>Publi\u00e9 par le Centre International de l\u2019ISSN, le Portail de l&rsquo;ISSN r\u00e9pertorie tous les ISSN attribu\u00e9s \u00e0 des publications en s\u00e9rie. C\u2019est la source de r\u00e9f\u00e9rence la plus compl\u00e8te au monde en mati\u00e8re d&rsquo;identification de publications en s\u00e9rie. Le Portail de l\u2019ISSN en chiffres Des donn\u00e9es exhaustives Acc\u00e9der au Registre International de l&rsquo;ISSN Le Portail [&hellip;]<\/p>\n","protected":false},"author":1,"featured_media":0,"parent":25,"menu_order":4,"comment_status":"closed","ping_status":"closed","template":"","meta":{"_acf_changed":false,"footnotes":""},"class_list":["post-155","page","type-page","status-publish","hentry","caroussel-saffiche-dans-le-caroussel"],"acf":[],"_links":{"self":[{"href":"https:\/\/www.issn.org\/fr\/wp-json\/wp\/v2\/pages\/155","targetHints":{"allow":["GET"]}}],"collection":[{"href":"https:\/\/www.issn.org\/fr\/wp-json\/wp\/v2\/pages"}],"about":[{"href":"https:\/\/www.issn.org\/fr\/wp-json\/wp\/v2\/types\/page"}],"author":[{"embeddable":true,"href":"https:\/\/www.issn.org\/fr\/wp-json\/wp\/v2\/users\/1"}],"replies":[{"embeddable":true,"href":"https:\/\/www.issn.org\/fr\/wp-json\/wp\/v2\/comments?post=155"}],"version-history":[{"count":10,"href":"https:\/\/www.issn.org\/fr\/wp-json\/wp\/v2\/pages\/155\/revisions"}],"predecessor-version":[{"id":42591,"href":"https:\/\/www.issn.org\/fr\/wp-json\/wp\/v2\/pages\/155\/revisions\/42591"}],"up":[{"embeddable":true,"href":"https:\/\/www.issn.org\/fr\/wp-json\/wp\/v2\/pages\/25"}],"wp:attachment":[{"href":"https:\/\/www.issn.org\/fr\/wp-json\/wp\/v2\/media?parent=155"}],"curies":[{"name":"wp","href":"https:\/\/api.w.org\/{rel}","templated":true}]}}