{"id":173,"date":"2026-04-03T08:00:15","date_gmt":"2026-04-03T06:00:15","guid":{"rendered":"http:\/\/www.issn.org\/?page_id=173"},"modified":"2026-04-03T17:45:42","modified_gmt":"2026-04-03T15:45:42","slug":"contacter-le-centre-international-de-lissn","status":"publish","type":"page","link":"https:\/\/www.issn.org\/fr\/services-et-prestations\/demander-un-issn\/contacter-le-centre-international-de-lissn\/","title":{"rendered":"Contacter le Centre International de l\u2019ISSN"},"content":{"rendered":"<p class=\"chapo\">Vous avez besoin de contacter le Centre International de l\u2019ISSN\u00a0? Vous trouverez ci-dessous toutes ses coordonn\u00e9es.<\/p>\n<ul>\n<li>Pour une demande d\u2019ISSN<\/li>\n<li>Pour une autre demande<\/li>\n<\/ul>\n<h2>Pour toutes demandes relatives \u00e0 l&rsquo;attribution d\u2019ISSN<\/h2>\n<p>Utilisez le <a title=\"Demander un ISSN\" href=\"https:\/\/www.issn.org\/services-et-prestations\/demander-un-issn\/\">formulaire<\/a> accessible en cliquant sur le lien.<\/p>\n<p>Ou contactez le service des donn\u00e9es, du r\u00e9seau et des normes\u00a0\u00e0 l&rsquo;adresse suivante: issnic[at]issn.org<\/p>\n<p>T\u00e9l\u00e9phone : <b>+33 1 44 88 22 20 <\/b><\/p>\n<h2>Pour une autre demande<\/h2>\n<p>Pour toute autre demande, contactez le Centre International de l\u2019ISSN exclusivement par courrier, \u00a0e-mail ou t\u00e9l\u00e9phone (le Centre International de l\u2019ISSN ne re\u00e7oit pas le public dans ses locaux).<\/p>\n<p>Adresse postale\u00a0:<br \/>\n<b>Centre International de l&rsquo;ISSN<\/b><br \/>\n<b>45 rue de Turbigo<\/b><br \/>\n<b>75003 Paris<\/b><br \/>\n<b>France<\/b><\/p>\n<p>&nbsp;<\/p>\n<p>&nbsp;<\/p>\n","protected":false},"excerpt":{"rendered":"<p>Vous avez besoin de contacter le Centre International de l\u2019ISSN\u00a0? Vous trouverez ci-dessous toutes ses coordonn\u00e9es. Pour une demande d\u2019ISSN Pour une autre demande Pour toutes demandes relatives \u00e0 l&rsquo;attribution d\u2019ISSN Utilisez le formulaire accessible en cliquant sur le lien. Ou contactez le service des donn\u00e9es, du r\u00e9seau et des normes\u00a0\u00e0 l&rsquo;adresse suivante: issnic[at]issn.org T\u00e9l\u00e9phone [&hellip;]<\/p>\n","protected":false},"author":1,"featured_media":0,"parent":167,"menu_order":3,"comment_status":"closed","ping_status":"closed","template":"","meta":{"_acf_changed":false,"footnotes":""},"class_list":["post-173","page","type-page","status-publish","hentry"],"acf":[],"_links":{"self":[{"href":"https:\/\/www.issn.org\/fr\/wp-json\/wp\/v2\/pages\/173","targetHints":{"allow":["GET"]}}],"collection":[{"href":"https:\/\/www.issn.org\/fr\/wp-json\/wp\/v2\/pages"}],"about":[{"href":"https:\/\/www.issn.org\/fr\/wp-json\/wp\/v2\/types\/page"}],"author":[{"embeddable":true,"href":"https:\/\/www.issn.org\/fr\/wp-json\/wp\/v2\/users\/1"}],"replies":[{"embeddable":true,"href":"https:\/\/www.issn.org\/fr\/wp-json\/wp\/v2\/comments?post=173"}],"version-history":[{"count":3,"href":"https:\/\/www.issn.org\/fr\/wp-json\/wp\/v2\/pages\/173\/revisions"}],"predecessor-version":[{"id":48185,"href":"https:\/\/www.issn.org\/fr\/wp-json\/wp\/v2\/pages\/173\/revisions\/48185"}],"up":[{"embeddable":true,"href":"https:\/\/www.issn.org\/fr\/wp-json\/wp\/v2\/pages\/167"}],"wp:attachment":[{"href":"https:\/\/www.issn.org\/fr\/wp-json\/wp\/v2\/media?parent=173"}],"curies":[{"name":"wp","href":"https:\/\/api.w.org\/{rel}","templated":true}]}}