{"id":175,"date":"2023-09-07T12:05:10","date_gmt":"2023-09-07T10:05:10","guid":{"rendered":"http:\/\/www.issn.org\/?page_id=175"},"modified":"2023-09-08T09:11:02","modified_gmt":"2023-09-08T07:11:02","slug":"lissn-pour-les-editeurs-multinationaux","status":"publish","type":"page","link":"https:\/\/www.issn.org\/fr\/services-et-prestations\/demander-un-issn\/lissn-pour-les-editeurs-multinationaux\/","title":{"rendered":"L\u2019ISSN pour les \u00e9diteurs multinationaux"},"content":{"rendered":"<p>Les \u00e9diteurs multinationaux sont implant\u00e9s dans plusieurs pays et poss\u00e8dent souvent plusieurs marques.<\/p>\n<p>Pour \u00e9viter la duplication des attributions d\u2019ISSN aux publications des \u00e9diteurs multinationaux, le r\u00e9seau de l\u2019ISSN a mis en place un outil dynamique de r\u00e9partition des responsabilit\u00e9s entre les Centres nationaux de l\u2019ISSN. Les Centres nationaux se concertent gr\u00e2ce \u00e0 un wiki pour d\u00e9terminer le centre qui identifiera les ressources d\u2019un \u00e9diteur donn\u00e9.<\/p>\n<p>Le document ci-dessous contient la liste \u00e0 jour des \u00e9diteurs et des centres nationaux responsables.<\/p>\n<p><a href=\"https:\/\/www.issn.org\/wp-content\/uploads\/List_Multinational_Publishers.pdf\">Liste des \u00e9diteurs<\/a><\/p>\n<p>&nbsp;<\/p>\n","protected":false},"excerpt":{"rendered":"<p>Les \u00e9diteurs multinationaux sont implant\u00e9s dans plusieurs pays et poss\u00e8dent souvent plusieurs marques. Pour \u00e9viter la duplication des attributions d\u2019ISSN aux publications des \u00e9diteurs multinationaux, le r\u00e9seau de l\u2019ISSN a mis en place un outil dynamique de r\u00e9partition des responsabilit\u00e9s entre les Centres nationaux de l\u2019ISSN. Les Centres nationaux se concertent gr\u00e2ce \u00e0 un wiki [&hellip;]<\/p>\n","protected":false},"author":1,"featured_media":0,"parent":167,"menu_order":4,"comment_status":"closed","ping_status":"closed","template":"","meta":{"_acf_changed":false,"footnotes":""},"class_list":["post-175","page","type-page","status-publish","hentry"],"acf":[],"_links":{"self":[{"href":"https:\/\/www.issn.org\/fr\/wp-json\/wp\/v2\/pages\/175","targetHints":{"allow":["GET"]}}],"collection":[{"href":"https:\/\/www.issn.org\/fr\/wp-json\/wp\/v2\/pages"}],"about":[{"href":"https:\/\/www.issn.org\/fr\/wp-json\/wp\/v2\/types\/page"}],"author":[{"embeddable":true,"href":"https:\/\/www.issn.org\/fr\/wp-json\/wp\/v2\/users\/1"}],"replies":[{"embeddable":true,"href":"https:\/\/www.issn.org\/fr\/wp-json\/wp\/v2\/comments?post=175"}],"version-history":[{"count":4,"href":"https:\/\/www.issn.org\/fr\/wp-json\/wp\/v2\/pages\/175\/revisions"}],"predecessor-version":[{"id":40718,"href":"https:\/\/www.issn.org\/fr\/wp-json\/wp\/v2\/pages\/175\/revisions\/40718"}],"up":[{"embeddable":true,"href":"https:\/\/www.issn.org\/fr\/wp-json\/wp\/v2\/pages\/167"}],"wp:attachment":[{"href":"https:\/\/www.issn.org\/fr\/wp-json\/wp\/v2\/media?parent=175"}],"curies":[{"name":"wp","href":"https:\/\/api.w.org\/{rel}","templated":true}]}}