{"id":177,"date":"2016-02-19T10:12:00","date_gmt":"2016-02-19T09:12:00","guid":{"rendered":"http:\/\/www.issn.org\/?page_id=177"},"modified":"2020-02-24T14:36:36","modified_gmt":"2020-02-24T13:36:36","slug":"sabonner-au-registre","status":"publish","type":"page","link":"https:\/\/www.issn.org\/fr\/services-et-prestations\/sabonner-au-registre\/","title":{"rendered":"Le Portail International de l\u2019ISSN, un outil de travail incomparable"},"content":{"rendered":"<p>Naviguez \u00e0 travers l\u2019oc\u00e9an des publications p\u00e9riodiques avec l\u2019ISSN : abonnez-vous au <a href=\"https:\/\/portal.issn.org\/\">Portail de l\u2019ISSN<\/a> !<\/p>\n<ul>\n<li>Le catalogue exhaustif de tous les ISSN<\/li>\n<li>Un outil de gestion pour de nombreux professionnels<\/li>\n<li>Une aide au quotidien pour la gestion des titres<\/li>\n<\/ul>\n<h2>Le catalogue exhaustif de tous les ISSN<\/h2>\n<p>Tous les ISSN attribu\u00e9s sont enregistr\u00e9s dans une base de donn\u00e9es internationale : le <a href=\"https:\/\/portal.issn.org\/\">Portail de l\u2019ISSN<\/a>.<\/p>\n<p>Accessible en particulier sur Internet \u00e0 travers le <a href=\"https:\/\/portal.issn.org\/\">Portail de l\u2019ISSN<\/a>, cette base de donn\u00e9es est consid\u00e9r\u00e9e comme le catalogue mondial des publications en s\u00e9rie et autres ressources continues.<\/p>\n<p>Plus de 2.5 millions d\u2019ISSN ont d\u00e9j\u00e0 \u00e9t\u00e9 attribu\u00e9s.<\/p>\n<p>C\u2019est la plus vaste source d\u2019autorit\u00e9 pour l\u2019identification des publications en s\u00e9rie dans le monde.<\/p>\n<h2>Un outil de gestion pour de nombreux professionnels<\/h2>\n<p>L\u2019ISSN est une cl\u00e9 d\u2019acc\u00e8s et un moyen de gestion pour tous les p\u00e9riodiques \u00e9lectroniques ou papiers.<\/p>\n<p>Il rend service au quotidien \u00e0 un nombre important d\u2019acteurs :<\/p>\n<ul>\n<li>\u00e9diteurs,<\/li>\n<li>diffuseurs,<\/li>\n<li>agences d\u2019abonnement,<\/li>\n<li>libraires,<\/li>\n<li>agences de copyright,<\/li>\n<li>biblioth\u00e9caires et documentalistes.<\/li>\n<\/ul>\n<p>Il est un rep\u00e8re n\u00e9cessaire dans l\u2019univers complexe des publications en s\u00e9rie\u00a0: titres \u00e9ph\u00e9m\u00e8res, relations ambigu\u00ebs entre titres\u2026<\/p>\n<h2>Une aide au quotidien pour la gestion des titres<\/h2>\n<p>L\u2019ISSN est \u00e9galement :<\/p>\n<ul>\n<li>un outil de communication simple et s\u00fbr entre \u00e9diteurs et diffuseurs,<\/li>\n<li>un outil au service des biblioth\u00e8ques et centres de documentation,<\/li>\n<li>un outil au service de la communaut\u00e9 scientifique,<\/li>\n<li>un outil au service des organismes de gestion des droits de copie,<\/li>\n<li>un crit\u00e8re donnant acc\u00e8s dans certains pays \u00e0 des tarifs postaux particuliers.<\/li>\n<\/ul>\n","protected":false},"excerpt":{"rendered":"<p>Naviguez \u00e0 travers l\u2019oc\u00e9an des publications p\u00e9riodiques avec l\u2019ISSN : abonnez-vous au Portail de l\u2019ISSN ! Le catalogue exhaustif de tous les ISSN Un outil de gestion pour de nombreux professionnels Une aide au quotidien pour la gestion des titres Le catalogue exhaustif de tous les ISSN Tous les ISSN attribu\u00e9s sont enregistr\u00e9s dans une [&hellip;]<\/p>\n","protected":false},"author":1,"featured_media":0,"parent":161,"menu_order":2,"comment_status":"closed","ping_status":"closed","template":"","meta":{"_acf_changed":false,"footnotes":""},"class_list":["post-177","page","type-page","status-publish","hentry","caroussel-saffiche-dans-le-caroussel"],"acf":[],"_links":{"self":[{"href":"https:\/\/www.issn.org\/fr\/wp-json\/wp\/v2\/pages\/177","targetHints":{"allow":["GET"]}}],"collection":[{"href":"https:\/\/www.issn.org\/fr\/wp-json\/wp\/v2\/pages"}],"about":[{"href":"https:\/\/www.issn.org\/fr\/wp-json\/wp\/v2\/types\/page"}],"author":[{"embeddable":true,"href":"https:\/\/www.issn.org\/fr\/wp-json\/wp\/v2\/users\/1"}],"replies":[{"embeddable":true,"href":"https:\/\/www.issn.org\/fr\/wp-json\/wp\/v2\/comments?post=177"}],"version-history":[{"count":3,"href":"https:\/\/www.issn.org\/fr\/wp-json\/wp\/v2\/pages\/177\/revisions"}],"predecessor-version":[{"id":27380,"href":"https:\/\/www.issn.org\/fr\/wp-json\/wp\/v2\/pages\/177\/revisions\/27380"}],"up":[{"embeddable":true,"href":"https:\/\/www.issn.org\/fr\/wp-json\/wp\/v2\/pages\/161"}],"wp:attachment":[{"href":"https:\/\/www.issn.org\/fr\/wp-json\/wp\/v2\/media?parent=177"}],"curies":[{"name":"wp","href":"https:\/\/api.w.org\/{rel}","templated":true}]}}