{"id":181,"date":"2013-07-29T14:24:52","date_gmt":"2013-07-29T13:24:52","guid":{"rendered":"http:\/\/www.issn.org\/?page_id=181"},"modified":"2020-05-28T10:56:32","modified_gmt":"2020-05-28T08:56:32","slug":"les-options-dabonnement","status":"publish","type":"page","link":"https:\/\/www.issn.org\/fr\/services-et-prestations\/sabonner-au-registre\/les-options-dabonnement\/","title":{"rendered":"Les options d\u2019abonnement"},"content":{"rendered":"<p class=\"chapo\">Consultation fr\u00e9quente, \u00e9changes de donn\u00e9es, besoin ponctuel de l\u2019int\u00e9gralit\u00e9 du catalogue\u2026 En fonction de vos imp\u00e9ratifs, choisissez votre mode d\u2019acc\u00e8s au Registre International de l\u2019ISSN\u00a0!<\/p>\n<ul>\n<li><a href=\"https:\/\/portal.issn.org\">Le Portail de l\u2019ISSN<\/a><\/li>\n<li>Les protocoles d\u2019acc\u00e8s informatiques<\/li>\n<\/ul>\n<h2>Le <a href=\"https:\/\/portal.issn.org\">Portail de l\u2019ISSN<\/a><\/h2>\n<p>Vous avez besoin de vous r\u00e9f\u00e9rer fr\u00e9quemment au Portail de l\u2019ISSN ?<\/p>\n<p>Le<a href=\"https:\/\/portal.issn.org\"> Portail de l&rsquo;ISSN<\/a> est une interface web accessible sur la base d&rsquo;un abonnement annuel.<\/p>\n<p>Vous avez le choix entre deux types d&rsquo;abonnement\u00a0:<\/p>\n<ul>\n<li>identification par identifiant et mot de passe,<\/li>\n<li>identification avec authentification par IP.<\/li>\n<\/ul>\n<p>L\u2019abonnement court sur l&rsquo;ann\u00e9e civile (janvier \u00e0 d\u00e9cembre) ou par trimestre.<\/p>\n<p style=\"text-align: left;\"><a title=\"Le Registre International de l\u2019ISSN, un outil de travail incomparable\" href=\"https:\/\/www.issn.org\/fr\/contacter-le-service-commercial\/\">En savoir plus sur les abonnements<\/a><\/p>\n<h2>Les protocoles d\u2019acc\u00e8s informatiques<\/h2>\n<h3>&#8211; L\u2019acc\u00e8s Z39.50<\/h3>\n<p>Vous \u00eates une biblioth\u00e8que, un centre de documentation\u2026 et vous avez besoin d\u2019interroger plusieurs catalogues simultan\u00e9ment\u00a0: choisissez l&rsquo;acc\u00e8s au Registre International de l&rsquo;ISSN via le protocole Z39.50 (normes ISO 23950 et ANSI\/NISO Z39.50).<\/p>\n<p>L\u2019acc\u00e8s Z39.50 agit comme un protocole de communication informatique client-serveur\u00a0: il vous permet de faire des recherches dans diff\u00e9rentes bases de donn\u00e9es, au travers d&rsquo;un r\u00e9seau informatique.<\/p>\n<p><a title=\"Le Registre International de l\u2019ISSN, un outil de travail incomparable\" href=\"https:\/\/www.issn.org\/fr\/contacter-le-service-commercial\/\">En savoir plus sur les abonnements<\/a><\/p>\n<h3>&#8211; Les API<\/h3>\n<p>Si vous avez besoin d\u2019une mise \u00e0 jour r\u00e9guli\u00e8re et automatique de votre base de donn\u00e9es, ou d\u2019un acc\u00e8s automatique \u00e0\u00a0votre version locale du Registre International de l\u2019ISSN,\u00a0choisissez l\u2019acc\u00e8s au Registre International de l\u2019ISSN via API<\/p>\n<p><a href=\"https:\/\/www.issn.org\/fr\/contacter-le-service-commercial\/\">En savoir plus sur l&rsquo;abonnement<\/a><\/p>\n<h3>&#8211; Le protocole OAI-PMH<\/h3>\n<p>Vous avez besoin de mettre \u00e0 jour automatiquement votre version locale du Registre International de l\u2019ISSN sur une base tr\u00e8s r\u00e9guli\u00e8re, ou d\u2019acc\u00e9der automatiquement aux m\u00e9tadonn\u00e9es correspondant \u00e0 des ISSN\u00a0: choisissez l&rsquo;acc\u00e8s au Registre International de l&rsquo;ISSN via le protocole OAI-PMH.<\/p>\n<p>L\u2019utilisation de ce protocole vous permet :<\/p>\n<ul>\n<li>de suivre au plus pr\u00e8s l\u2019\u00e9volution du Registre International de l\u2019ISSN, \u00e0 un rythme adapt\u00e9 \u00e0 vos besoins (mensuel, hebdomadaire, quotidien\u2026),<\/li>\n<li>d\u2019acc\u00e9der automatiquement \u00e0 tout instant \u00e0 une notice du Registre International de l\u2019ISSN en requ\u00eatant par ISSN,<\/li>\n<li>\u00e9ventuellement, d&rsquo;alimenter des portails th\u00e9matiques sur la base de profils pr\u00e9alablement d\u00e9finis.<\/li>\n<\/ul>\n<p>Votre application envoie des requ\u00eates http \u00e0 notre serveur, et celui-ci r\u00e9pond par un flux de donn\u00e9es (notices bibliographiques) en Marc XML.<\/p>\n<p>Les sp\u00e9cifications du protocole sont librement accessibles sur le site Internet <a href=\"http:\/\/www.openarchives.org\/\" target=\"_blank\" rel=\"noopener noreferrer\">d\u2019Openarchives<\/a><\/p>\n<p><a href=\"https:\/\/www.issn.org\/fr\/contacter-le-service-commercial\/\">En savoir plus sur les abonnements<\/a><\/p>\n","protected":false},"excerpt":{"rendered":"<p>Consultation fr\u00e9quente, \u00e9changes de donn\u00e9es, besoin ponctuel de l\u2019int\u00e9gralit\u00e9 du catalogue\u2026 En fonction de vos imp\u00e9ratifs, choisissez votre mode d\u2019acc\u00e8s au Registre International de l\u2019ISSN\u00a0! Le Portail de l\u2019ISSN Les protocoles d\u2019acc\u00e8s informatiques Le Portail de l\u2019ISSN Vous avez besoin de vous r\u00e9f\u00e9rer fr\u00e9quemment au Portail de l\u2019ISSN ? Le Portail de l&rsquo;ISSN est une [&hellip;]<\/p>\n","protected":false},"author":1,"featured_media":0,"parent":177,"menu_order":2,"comment_status":"closed","ping_status":"closed","template":"","meta":{"_acf_changed":false,"footnotes":""},"class_list":["post-181","page","type-page","status-publish","hentry"],"acf":[],"_links":{"self":[{"href":"https:\/\/www.issn.org\/fr\/wp-json\/wp\/v2\/pages\/181","targetHints":{"allow":["GET"]}}],"collection":[{"href":"https:\/\/www.issn.org\/fr\/wp-json\/wp\/v2\/pages"}],"about":[{"href":"https:\/\/www.issn.org\/fr\/wp-json\/wp\/v2\/types\/page"}],"author":[{"embeddable":true,"href":"https:\/\/www.issn.org\/fr\/wp-json\/wp\/v2\/users\/1"}],"replies":[{"embeddable":true,"href":"https:\/\/www.issn.org\/fr\/wp-json\/wp\/v2\/comments?post=181"}],"version-history":[{"count":0,"href":"https:\/\/www.issn.org\/fr\/wp-json\/wp\/v2\/pages\/181\/revisions"}],"up":[{"embeddable":true,"href":"https:\/\/www.issn.org\/fr\/wp-json\/wp\/v2\/pages\/177"}],"wp:attachment":[{"href":"https:\/\/www.issn.org\/fr\/wp-json\/wp\/v2\/media?parent=181"}],"curies":[{"name":"wp","href":"https:\/\/api.w.org\/{rel}","templated":true}]}}