{"id":187,"date":"2014-05-23T16:10:36","date_gmt":"2014-05-23T15:10:36","guid":{"rendered":"http:\/\/www.issn.org\/?page_id=187"},"modified":"2014-05-23T15:20:45","modified_gmt":"2014-05-23T14:20:45","slug":"acces-a-la-table-issn-l","status":"publish","type":"page","link":"https:\/\/www.issn.org\/fr\/services-et-prestations\/services-en-ligne\/acces-a-la-table-issn-l\/","title":{"rendered":"Acc\u00e8s \u00e0 la table ISSN-L"},"content":{"rendered":"<p class=\"chapo\">La table ISSN-L (mise \u00e0 jour quotidienne) est disponible en t\u00e9l\u00e9chargement, sur demande aupr\u00e8s du Centre International de l&rsquo;ISSN.<b> <\/b><\/p>\n<ul>\n<li>Qu&rsquo;est-ce que l&rsquo;ISSN-L ?<\/li>\n<li>Comment t\u00e9l\u00e9charger la table ISSN-L ?<\/li>\n<\/ul>\n<h2>Qu&rsquo;est-ce que l&rsquo;ISSN-L ?<\/h2>\n<p>L\u2019ISSN de liaison, ou ISSN-L, est un ISSN sp\u00e9cifique qui regroupe les diff\u00e9rents supports d\u2019une m\u00eame publication en s\u00e9rie (chaque support ayant son propre ISSN).<\/p>\n<p>La table ISSN-L est un fichier permettant aux gestionnaires de bases de donn\u00e9es ou de catalogue de traiter plus efficacement les num\u00e9ros ISSN pr\u00e9sents dans leurs sources, gr\u00e2ce \u00e0 l&rsquo;ISSN-L utilis\u00e9 comme cl\u00e9 de liaison entre les diff\u00e9rentes \u00e9ditions identifi\u00e9es par des ISSN sp\u00e9cifiques.<\/p>\n<p>Pour plus de d\u00e9tails sur l&rsquo;ISSN-L, merci de vous rendre sur la page d\u00e9di\u00e9e \u00e0 l&rsquo;<a title=\"L\u2019ISSN-L pour les publications \u00e0 supports multiples\" href=\"https:\/\/www.issn.org\/fr\/comprendre-lissn\/regles-d-attribution\/issn-de-liaison\/\">ISSN de liaison.<\/a><\/p>\n<h2>Comment t\u00e9l\u00e9charger la table ISSN-L?<\/h2>\n<p>La table ISSN-L (qui r\u00e9pertorie les divers num\u00e9ros ISSN associ\u00e9s au m\u00eame ISSN-L) est mise \u00e0 jour quotidiennement et peut \u00eatre t\u00e9l\u00e9charg\u00e9e sur demande (il s&rsquo;agit d&rsquo;un fichier compress\u00e9 d&rsquo;une taille d&rsquo;environ 17 Mbytes).<\/p>\n<p>Les utilisateurs de cette table ISSN-L doivent avoir \u00e0 l&rsquo;esprit que la table ne comporte que des num\u00e9ros (ISSN-L et ISSN) et qu&rsquo;aucun titre ou \u00e9l\u00e9ment de donn\u00e9es textuelles\u00a0 n&rsquo;est pr\u00e9sent dans le fichier. Si vous avez besoin d&rsquo;un acc\u00e8s complet \u00e0 la base ISSN (avec les titres, noms des \u00e9diteurs etc) merci de vous reporter \u00e0 la rubrique proposant les divers abonnements au Registre de l&rsquo;ISSN.<\/p>\n<p>A titre indicatif, voici un extrait de la table ISSN-L :<\/p>\n<table border=\"1\" cellspacing=\"0\" cellpadding=\"0\">\n<tbody>\n<tr>\n<td valign=\"top\" width=\"140\"><b><i>ISSN-L\u00a0\u00a0<\/i><\/b><\/td>\n<td valign=\"top\" width=\"151\"><b><i>ISSN<\/i><\/b><\/td>\n<td valign=\"top\" width=\"132\"><b><i>ISSN<\/i><\/b><\/td>\n<\/tr>\n<tr>\n<td valign=\"top\" width=\"140\"><i>0000-0019 <\/i><\/td>\n<td valign=\"top\" width=\"151\"><i>0000-0019<\/i><\/td>\n<td valign=\"top\" width=\"132\"><i>2150-4008<\/i><\/td>\n<\/tr>\n<tr>\n<td valign=\"top\" width=\"140\"><i>0000-0027<\/i><\/td>\n<td valign=\"top\" width=\"151\"><i>0000-0027<\/i><\/td>\n<td valign=\"top\" width=\"132\"><\/td>\n<\/tr>\n<tr>\n<td valign=\"top\" width=\"140\"><i>0000-0043<\/i><\/td>\n<td valign=\"top\" width=\"151\"><i>0000-0043<\/i><\/td>\n<td valign=\"top\" width=\"132\"><\/td>\n<\/tr>\n<\/tbody>\n<\/table>\n<p>Pour t\u00e9l\u00e9charger la table ISSN-L, merci de suivre les \u00e9tapes suivantes :<\/p>\n<p>1- Compl\u00e9tez soigneusement le formulaire ci-dessous.<\/p>\n<p>2- Si votre demande est accept\u00e9e, vous recevrez vos identifiants de connexion dans les meilleurs d\u00e9lais. Lorsque vous avez re\u00e7u vos identifiants (par courriel), vous devez les saisir dans la partie \u00ab\u00a0acc\u00e9dez \u00e0 l&rsquo;extranet\u00a0\u00bb\u00a0 situ\u00e9e tout en bas de notre site internet.<\/p>\n<p>3- Vous pourrez ensuite t\u00e9l\u00e9charger la table ISSN-L.<br \/>\n\n<div class=\"wpcf7 no-js\" id=\"wpcf7-f3279-o1\" lang=\"en-US\" dir=\"ltr\" data-wpcf7-id=\"3279\">\n<div class=\"screen-reader-response\"><p role=\"status\" aria-live=\"polite\" aria-atomic=\"true\"><\/p> <ul><\/ul><\/div>\n<form action=\"\/fr\/wp-json\/wp\/v2\/pages\/187#wpcf7-f3279-o1\" method=\"post\" class=\"wpcf7-form init\" aria-label=\"Contact form\" novalidate=\"novalidate\" data-status=\"init\">\n<fieldset class=\"hidden-fields-container\"><input type=\"hidden\" name=\"_wpcf7\" value=\"3279\" \/><input type=\"hidden\" name=\"_wpcf7_version\" value=\"6.1.5\" \/><input type=\"hidden\" name=\"_wpcf7_locale\" value=\"en_US\" \/><input type=\"hidden\" name=\"_wpcf7_unit_tag\" value=\"wpcf7-f3279-o1\" \/><input type=\"hidden\" name=\"_wpcf7_container_post\" value=\"0\" \/><input type=\"hidden\" name=\"_wpcf7_posted_data_hash\" value=\"\" \/><input type=\"hidden\" name=\"_wpcf7dtx_version\" value=\"5.0.5\" \/><input type=\"hidden\" name=\"_wpcf7_recaptcha_response\" value=\"\" \/>\n<\/fieldset>\n<p>Adresse email (obligatoire)\n<\/p>\n<p><span class=\"wpcf7-form-control-wrap\" data-name=\"your-email\"><input size=\"40\" maxlength=\"400\" class=\"wpcf7-form-control wpcf7-email wpcf7-validates-as-required wpcf7-text wpcf7-validates-as-email\" aria-required=\"true\" aria-invalid=\"false\" value=\"\" type=\"email\" name=\"your-email\" \/><\/span>\n<\/p>\n<p>Nom (obligatoire)\n<\/p>\n<p><span class=\"wpcf7-form-control-wrap\" data-name=\"your-name\"><input size=\"40\" maxlength=\"400\" class=\"wpcf7-form-control wpcf7-text wpcf7-validates-as-required\" aria-required=\"true\" aria-invalid=\"false\" value=\"\" type=\"text\" name=\"your-name\" \/><\/span>\n<\/p>\n<p>Pr\u00e9nom (obligatoire)\n<\/p>\n<p><span class=\"wpcf7-form-control-wrap\" data-name=\"your-firstname\"><input size=\"40\" maxlength=\"400\" class=\"wpcf7-form-control wpcf7-text wpcf7-validates-as-required\" aria-required=\"true\" aria-invalid=\"false\" value=\"\" type=\"text\" name=\"your-firstname\" \/><\/span>\n<\/p>\n<p>Organisme ou soci\u00e9t\u00e9 (obligatoire)\n<\/p>\n<p><span class=\"wpcf7-form-control-wrap\" data-name=\"your-society\"><input size=\"40\" maxlength=\"400\" class=\"wpcf7-form-control wpcf7-text wpcf7-validates-as-required\" aria-required=\"true\" aria-invalid=\"false\" value=\"\" type=\"text\" name=\"your-society\" \/><\/span>\n<\/p>\n<p>Adresse (obligatoire)\n<\/p>\n<p><span class=\"wpcf7-form-control-wrap\" data-name=\"your-adress\"><textarea cols=\"40\" rows=\"10\" maxlength=\"2000\" class=\"wpcf7-form-control wpcf7-textarea wpcf7-validates-as-required\" aria-required=\"true\" aria-invalid=\"false\" name=\"your-adress\"><\/textarea><\/span>\n<\/p>\n<p>Code postal (obligatoire)\n<\/p>\n<p><span class=\"wpcf7-form-control-wrap\" data-name=\"your-code\"><input size=\"40\" maxlength=\"400\" class=\"wpcf7-form-control wpcf7-text wpcf7-validates-as-required\" aria-required=\"true\" aria-invalid=\"false\" value=\"\" type=\"text\" name=\"your-code\" \/><\/span>\n<\/p>\n<p>Ville (obligatoire)\n<\/p>\n<p><span class=\"wpcf7-form-control-wrap\" data-name=\"your-ville\"><input size=\"40\" maxlength=\"400\" class=\"wpcf7-form-control wpcf7-text wpcf7-validates-as-required\" aria-required=\"true\" aria-invalid=\"false\" value=\"\" type=\"text\" name=\"your-ville\" \/><\/span>\n<\/p>\n<p>Pays(obligatoire)\n<\/p>\n<p><span class=\"wpcf7-form-control-wrap\" data-name=\"your-pays\"><input size=\"40\" maxlength=\"400\" class=\"wpcf7-form-control wpcf7-text wpcf7-validates-as-required\" aria-required=\"true\" aria-invalid=\"false\" value=\"\" type=\"text\" name=\"your-pays\" \/><\/span>\n<\/p>\n<p>Usages pr\u00e9vus (obligatoire)\n<\/p>\n<p><span class=\"wpcf7-form-control-wrap\" data-name=\"your-usage\"><textarea cols=\"40\" rows=\"10\" maxlength=\"2000\" class=\"wpcf7-form-control wpcf7-textarea wpcf7-validates-as-required\" aria-required=\"true\" aria-invalid=\"false\" name=\"your-usage\"><\/textarea><\/span>\n<\/p>\n\n<p><span class=\"wpcf7-form-control-wrap\" data-name=\"send_c\"><span class=\"wpcf7-form-control wpcf7-checkbox\"><span class=\"wpcf7-list-item first last\"><input type=\"checkbox\" name=\"send_c[]\" value=\"Je souhaite recevoir une copie du courrier\" \/><span class=\"wpcf7-list-item-label\">Je souhaite recevoir une copie du courrier<\/span><\/span><\/span><\/span>\n<\/p>\n<p><input class=\"wpcf7-form-control wpcf7-submit has-spinner\" type=\"submit\" value=\"Envoyer\" \/>\n<\/p><div class=\"wpcf7-response-output\" aria-hidden=\"true\"><\/div>\n<\/form>\n<\/div>\n<\/p>\n<p>&nbsp;<\/p>\n","protected":false},"excerpt":{"rendered":"<p>La table ISSN-L (mise \u00e0 jour quotidienne) est disponible en t\u00e9l\u00e9chargement, sur demande aupr\u00e8s du Centre International de l&rsquo;ISSN. Qu&rsquo;est-ce que l&rsquo;ISSN-L ? Comment t\u00e9l\u00e9charger la table ISSN-L ? Qu&rsquo;est-ce que l&rsquo;ISSN-L ? L\u2019ISSN de liaison, ou ISSN-L, est un ISSN sp\u00e9cifique qui regroupe les diff\u00e9rents supports d\u2019une m\u00eame publication en s\u00e9rie (chaque support ayant [&hellip;]<\/p>\n","protected":false},"author":1,"featured_media":0,"parent":185,"menu_order":1,"comment_status":"closed","ping_status":"closed","template":"","meta":{"_acf_changed":false,"footnotes":""},"class_list":["post-187","page","type-page","status-publish","hentry"],"acf":[],"_links":{"self":[{"href":"https:\/\/www.issn.org\/fr\/wp-json\/wp\/v2\/pages\/187","targetHints":{"allow":["GET"]}}],"collection":[{"href":"https:\/\/www.issn.org\/fr\/wp-json\/wp\/v2\/pages"}],"about":[{"href":"https:\/\/www.issn.org\/fr\/wp-json\/wp\/v2\/types\/page"}],"author":[{"embeddable":true,"href":"https:\/\/www.issn.org\/fr\/wp-json\/wp\/v2\/users\/1"}],"replies":[{"embeddable":true,"href":"https:\/\/www.issn.org\/fr\/wp-json\/wp\/v2\/comments?post=187"}],"version-history":[{"count":0,"href":"https:\/\/www.issn.org\/fr\/wp-json\/wp\/v2\/pages\/187\/revisions"}],"up":[{"embeddable":true,"href":"https:\/\/www.issn.org\/fr\/wp-json\/wp\/v2\/pages\/185"}],"wp:attachment":[{"href":"https:\/\/www.issn.org\/fr\/wp-json\/wp\/v2\/media?parent=187"}],"curies":[{"name":"wp","href":"https:\/\/api.w.org\/{rel}","templated":true}]}}