{"id":193,"date":"2013-07-29T14:31:19","date_gmt":"2013-07-29T13:31:19","guid":{"rendered":"http:\/\/www.issn.org\/?page_id=193"},"modified":"2015-05-20T11:22:47","modified_gmt":"2015-05-20T09:22:47","slug":"issn-premium-le-traitement-personnalise-de-vos-donnees","status":"publish","type":"page","link":"https:\/\/www.issn.org\/fr\/services-et-prestations\/services-sur-mesure\/issn-premium-le-traitement-personnalise-de-vos-donnees\/","title":{"rendered":"ISSN Premium : le traitement personnalis\u00e9 de vos donn\u00e9es"},"content":{"rendered":"<p class=\"chapo\">Vous voulez v\u00e9rifier ou mettre \u00e0 jour votre base de donn\u00e9es, comparer des fichiers, extraire certaines donn\u00e9es\u2026\u00a0: envoyez-nous votre fichier \u00e0 traiter.<\/p>\n<ul>\n<li>Une extraction adapt\u00e9e \u00e0 vos besoins<\/li>\n<li>Exemple de requ\u00eate<\/li>\n<\/ul>\n<h2>Une extraction adapt\u00e9e \u00e0 vos besoins<\/h2>\n<p>Vous recherchez les ISSN associ\u00e9s d\u2019une liste de titres\u00a0? les e-ISSN ou ISSN-L\u00a0? les \u00e9diteurs\u00a0? les pays et dates de publication\u00a0? les langues d\u2019\u00e9dition\u00a0?<\/p>\n<p>Ou encore, vous avez des ISSN, mais vous n\u2019\u00eates pas s\u00fbr de leur validit\u00e9 et voudriez obtenir les m\u00e9tadonn\u00e9es correspondantes\u00a0?<\/p>\n<p>Le Centre International de l\u2019ISSN peut vous fournir une extraction de vos donn\u00e9es actualis\u00e9es en format tabul\u00e9, selon les crit\u00e8res de votre choix\u00a0:<\/p>\n<ul>\n<li>par pays,<\/li>\n<li>par \u00e9diteurs,<\/li>\n<li>par titres,<\/li>\n<li>par ISSN\u2026<\/li>\n<\/ul>\n<h2>Exemple de requ\u00eate<\/h2>\n<p>Vous avez une liste de titres contenant des ISSN invalides et vous souhaitez les corriger\u00a0: nous vous fournissons un fichier Excel avec les ISSN valides.<\/p>\n<p><strong>Votre requ\u00eate\u00a0:<\/strong><\/p>\n<table border=\"1\" cellspacing=\"0\" cellpadding=\"0\">\n<tbody>\n<tr>\n<td valign=\"top\" width=\"106\">Publisher<\/td>\n<td valign=\"top\" width=\"106\">Products_Name<\/td>\n<td valign=\"top\" width=\"106\">Product_Id<\/td>\n<td valign=\"top\" width=\"106\">UMC<\/td>\n<td valign=\"top\" width=\"106\">Invalid ISSN<\/td>\n<\/tr>\n<tr>\n<td valign=\"top\" width=\"106\">F + W Publications<\/td>\n<td valign=\"top\" width=\"106\">Watercolor Artist<\/td>\n<td valign=\"top\" width=\"106\">5010722<\/td>\n<td valign=\"top\" width=\"106\">5010722<\/td>\n<td valign=\"top\" width=\"106\">BZ0805071603<\/td>\n<\/tr>\n<tr>\n<td valign=\"top\" width=\"106\">Source Interlink<\/td>\n<td valign=\"top\" width=\"106\">ATV Rider<\/td>\n<td valign=\"top\" width=\"106\">510727<\/td>\n<td valign=\"top\" width=\"106\">502<\/td>\n<td valign=\"top\" width=\"106\">BZ0805091403<\/td>\n<\/tr>\n<tr>\n<td valign=\"top\" width=\"106\">Reiman<\/td>\n<td valign=\"top\" width=\"106\">Healthy Cooking<\/td>\n<td valign=\"top\" width=\"106\">5010732<\/td>\n<td valign=\"top\" width=\"106\">7253<\/td>\n<td valign=\"top\" width=\"106\">BZ08050945<\/td>\n<\/tr>\n<tr>\n<td valign=\"top\" width=\"106\">Reader&rsquo;s Digest<\/td>\n<td valign=\"top\" width=\"106\">Every Day with Rachael Ray<\/td>\n<td valign=\"top\" width=\"106\">5010731<\/td>\n<td valign=\"top\" width=\"106\">109U<\/td>\n<td valign=\"top\" width=\"106\">BZ0805120934<\/td>\n<\/tr>\n<\/tbody>\n<\/table>\n<p><strong>Les r\u00e9sultats\u00a0:<\/strong><\/p>\n<table border=\"1\" cellspacing=\"0\" cellpadding=\"0\">\n<tbody>\n<tr>\n<td valign=\"top\" width=\"89\">Publisher<\/td>\n<td valign=\"top\" width=\"89\">Products_Name<\/td>\n<td valign=\"top\" width=\"89\">Product_Id<\/td>\n<td valign=\"top\" width=\"89\">UMC<\/td>\n<td valign=\"top\" width=\"89\">Invalid ISSN<\/td>\n<td valign=\"top\" width=\"89\">Replacement ISSN<\/td>\n<\/tr>\n<tr>\n<td valign=\"top\" width=\"89\">F + W Publications<\/td>\n<td valign=\"top\" width=\"89\">Watercolor Artist<\/td>\n<td valign=\"top\" width=\"89\">5010722<\/td>\n<td valign=\"top\" width=\"89\">5010722<\/td>\n<td valign=\"top\" width=\"89\">BZ0805071603<\/td>\n<td valign=\"top\" width=\"89\">1941-5451<\/td>\n<\/tr>\n<tr>\n<td valign=\"top\" width=\"89\">Source Interlink<\/td>\n<td valign=\"top\" width=\"89\">ATV Rider<\/td>\n<td valign=\"top\" width=\"89\">510727<\/td>\n<td valign=\"top\" width=\"89\">502<\/td>\n<td valign=\"top\" width=\"89\">BZ0805091403<\/td>\n<td valign=\"top\" width=\"89\">1548-6303<\/td>\n<\/tr>\n<tr>\n<td valign=\"top\" width=\"89\">Reiman<\/td>\n<td valign=\"top\" width=\"89\">Healthy Cooking<\/td>\n<td valign=\"top\" width=\"89\">5010732<\/td>\n<td valign=\"top\" width=\"89\">7253<\/td>\n<td valign=\"top\" width=\"89\">BZ08050945<\/td>\n<td valign=\"top\" width=\"89\">1547-1993<\/td>\n<\/tr>\n<tr>\n<td valign=\"top\" width=\"89\">Reader&rsquo;s Digest<\/td>\n<td valign=\"top\" width=\"89\">Every Day with Rachael Ray<\/td>\n<td valign=\"top\" width=\"89\">5010731<\/td>\n<td valign=\"top\" width=\"89\">109U<\/td>\n<td valign=\"top\" width=\"89\">BZ0805120934<\/td>\n<td valign=\"top\" width=\"89\">1932-0590<\/td>\n<\/tr>\n<\/tbody>\n<\/table>\n<p>Pour plus d\u2019information ou pour une demande de prix, <span style=\"text-decoration: underline;\"><a title=\"ISSN premium\" href=\"https:\/\/www.issn.org\/fr\/produit\/issn-premium\/\" target=\"_blank\">contactez le service Vente<\/a>s<\/span>\u00a0du Centre International de l\u2019ISSN.<\/p>\n","protected":false},"excerpt":{"rendered":"<p>Vous voulez v\u00e9rifier ou mettre \u00e0 jour votre base de donn\u00e9es, comparer des fichiers, extraire certaines donn\u00e9es\u2026\u00a0: envoyez-nous votre fichier \u00e0 traiter. Une extraction adapt\u00e9e \u00e0 vos besoins Exemple de requ\u00eate Une extraction adapt\u00e9e \u00e0 vos besoins Vous recherchez les ISSN associ\u00e9s d\u2019une liste de titres\u00a0? les e-ISSN ou ISSN-L\u00a0? les \u00e9diteurs\u00a0? les pays et [&hellip;]<\/p>\n","protected":false},"author":1,"featured_media":0,"parent":191,"menu_order":1,"comment_status":"closed","ping_status":"closed","template":"","meta":{"_acf_changed":false,"footnotes":""},"class_list":["post-193","page","type-page","status-publish","hentry"],"acf":[],"_links":{"self":[{"href":"https:\/\/www.issn.org\/fr\/wp-json\/wp\/v2\/pages\/193","targetHints":{"allow":["GET"]}}],"collection":[{"href":"https:\/\/www.issn.org\/fr\/wp-json\/wp\/v2\/pages"}],"about":[{"href":"https:\/\/www.issn.org\/fr\/wp-json\/wp\/v2\/types\/page"}],"author":[{"embeddable":true,"href":"https:\/\/www.issn.org\/fr\/wp-json\/wp\/v2\/users\/1"}],"replies":[{"embeddable":true,"href":"https:\/\/www.issn.org\/fr\/wp-json\/wp\/v2\/comments?post=193"}],"version-history":[{"count":0,"href":"https:\/\/www.issn.org\/fr\/wp-json\/wp\/v2\/pages\/193\/revisions"}],"up":[{"embeddable":true,"href":"https:\/\/www.issn.org\/fr\/wp-json\/wp\/v2\/pages\/191"}],"wp:attachment":[{"href":"https:\/\/www.issn.org\/fr\/wp-json\/wp\/v2\/media?parent=193"}],"curies":[{"name":"wp","href":"https:\/\/api.w.org\/{rel}","templated":true}]}}