{"id":2,"date":"2013-07-09T13:32:22","date_gmt":"2013-07-09T13:32:22","guid":{"rendered":"http:\/\/www.issn.org\/?page_id=2"},"modified":"2017-10-11T14:07:45","modified_gmt":"2017-10-11T12:07:45","slug":"le-centre-et-le-reseau","status":"publish","type":"page","link":"https:\/\/www.issn.org\/fr\/le-centre-et-le-reseau\/","title":{"rendered":"Le centre et le r\u00e9seau"},"content":{"rendered":"<h2><a title=\"Notre mission\" href=\"https:\/\/www.issn.org\/le-centre-et-le-reseau\/notre-mission\/\">Notre mission<\/a><\/h2>\n<ul>\n<li><a title=\"Le Centre International d\u2019Enregistrement des Publications en s\u00e9rie\" href=\"https:\/\/www.issn.org\/le-centre-et-le-reseau\/notre-mission\/presentation-du-centre\/\">Pr\u00e9sentation du centre<\/a><\/li>\n<li><a title=\"Notre strat\u00e9gie\" href=\"https:\/\/www.issn.org\/le-centre-et-le-reseau\/notre-mission\/strategie-de-developpement\/\">Strat\u00e9gie<\/a><\/li>\n<\/ul>\n<h2><a title=\"Notre organisation\" href=\"https:\/\/www.issn.org\/le-centre-et-le-reseau\/notre-organisation\/\">Notre Organisation<\/a><\/h2>\n<ul>\n<li><a title=\"Le r\u00e9seau ISSN\" href=\"https:\/\/www.issn.org\/le-centre-et-le-reseau\/notre-organisation\/le-reseau-issn\/\">Le r\u00e9seau ISSN<\/a><\/li>\n<li><a title=\"Le fonctionnement de l\u2019ISSN\" href=\"https:\/\/www.issn.org\/le-centre-et-le-reseau\/notre-organisation\/les-statuts\/\">Les statuts<\/a><\/li>\n<li><a title=\"Les instances de l\u2019ISSN\" href=\"https:\/\/www.issn.org\/le-centre-et-le-reseau\/notre-organisation\/les-instances\/\">Les instances<\/a><\/li>\n<\/ul>\n<h2><a title=\"Les pays membres\" href=\"https:\/\/www.issn.org\/le-centre-et-le-reseau\/les-pays-membres\/\">Les pays membres<\/a><\/h2>\n<ul>\n<li><a title=\"Le r\u00e9seau ISSN\" href=\"https:\/\/www.issn.org\/le-centre-et-le-reseau\/notre-organisation\/le-reseau-issn\/\">le r\u00e9seau aujourd&rsquo;hui<\/a><\/li>\n<li><a title=\"Devenir membre du R\u00e9seau ISSN\" href=\"https:\/\/www.issn.org\/le-centre-et-le-reseau\/les-pays-membres\/devenir-membre\/\">Devenir membre<\/a><\/li>\n<li><a title=\"Pourquoi adh\u00e9rer \u00e0 l\u2019ISSN ?\" href=\"https:\/\/www.issn.org\/le-centre-et-le-reseau\/les-pays-membres\/pourquoi-adherer\/\">Pourquoi adh\u00e9rer<\/a><\/li>\n<\/ul>\n<h2><a title=\"Nos partenaires et projets\" href=\"https:\/\/www.issn.org\/fr\/le-centre-et-le-reseau\/nos-partenaires\/\">Nos partenaires <\/a><\/h2>\n<p>&nbsp;<\/p>\n<h2><a title=\"Nos partenaires et projets\" href=\"https:\/\/www.issn.org\/fr\/le-centre-et-le-reseau\/nos-projets\/\">Nos projets<\/a><\/h2>\n<p>&nbsp;<\/p>\n","protected":false},"excerpt":{"rendered":"<p>Notre mission Pr\u00e9sentation du centre Strat\u00e9gie Notre Organisation Le r\u00e9seau ISSN Les statuts Les instances Les pays membres le r\u00e9seau aujourd&rsquo;hui Devenir membre Pourquoi adh\u00e9rer Nos partenaires &nbsp; Nos projets &nbsp;<\/p>\n","protected":false},"author":1,"featured_media":0,"parent":0,"menu_order":1,"comment_status":"closed","ping_status":"closed","template":"","meta":{"_acf_changed":false,"footnotes":""},"class_list":["post-2","page","type-page","status-publish","hentry"],"acf":[],"_links":{"self":[{"href":"https:\/\/www.issn.org\/fr\/wp-json\/wp\/v2\/pages\/2","targetHints":{"allow":["GET"]}}],"collection":[{"href":"https:\/\/www.issn.org\/fr\/wp-json\/wp\/v2\/pages"}],"about":[{"href":"https:\/\/www.issn.org\/fr\/wp-json\/wp\/v2\/types\/page"}],"author":[{"embeddable":true,"href":"https:\/\/www.issn.org\/fr\/wp-json\/wp\/v2\/users\/1"}],"replies":[{"embeddable":true,"href":"https:\/\/www.issn.org\/fr\/wp-json\/wp\/v2\/comments?post=2"}],"version-history":[{"count":0,"href":"https:\/\/www.issn.org\/fr\/wp-json\/wp\/v2\/pages\/2\/revisions"}],"wp:attachment":[{"href":"https:\/\/www.issn.org\/fr\/wp-json\/wp\/v2\/media?parent=2"}],"curies":[{"name":"wp","href":"https:\/\/api.w.org\/{rel}","templated":true}]}}