{"id":22,"date":"2013-07-09T15:30:58","date_gmt":"2013-07-09T14:30:58","guid":{"rendered":"http:\/\/www.issn.org\/?page_id=22"},"modified":"2016-11-22T15:22:46","modified_gmt":"2016-11-22T14:22:46","slug":"nos-partenaires","status":"publish","type":"page","link":"https:\/\/www.issn.org\/fr\/le-centre-et-le-reseau\/nos-partenaires\/","title":{"rendered":"Nos partenaires"},"content":{"rendered":"<p class=\"chapo\">Le Centre International de l\u2019ISSN a conclu des accords et lanc\u00e9 des projets avec un certain nombre d\u2019organismes \u00e0 une \u00e9chelle internationale. D\u00e9couvrez quelques-uns d\u2019entre eux.<\/p>\n","protected":false},"excerpt":{"rendered":"<p>Le Centre International de l\u2019ISSN a conclu des accords et lanc\u00e9 des projets avec un certain nombre d\u2019organismes \u00e0 une \u00e9chelle internationale. D\u00e9couvrez quelques-uns d\u2019entre eux.<\/p>\n","protected":false},"author":1,"featured_media":0,"parent":2,"menu_order":5,"comment_status":"closed","ping_status":"closed","template":"partenaires.php","meta":{"_acf_changed":false,"footnotes":""},"class_list":["post-22","page","type-page","status-publish","hentry"],"acf":[],"_links":{"self":[{"href":"https:\/\/www.issn.org\/fr\/wp-json\/wp\/v2\/pages\/22","targetHints":{"allow":["GET"]}}],"collection":[{"href":"https:\/\/www.issn.org\/fr\/wp-json\/wp\/v2\/pages"}],"about":[{"href":"https:\/\/www.issn.org\/fr\/wp-json\/wp\/v2\/types\/page"}],"author":[{"embeddable":true,"href":"https:\/\/www.issn.org\/fr\/wp-json\/wp\/v2\/users\/1"}],"replies":[{"embeddable":true,"href":"https:\/\/www.issn.org\/fr\/wp-json\/wp\/v2\/comments?post=22"}],"version-history":[{"count":0,"href":"https:\/\/www.issn.org\/fr\/wp-json\/wp\/v2\/pages\/22\/revisions"}],"up":[{"embeddable":true,"href":"https:\/\/www.issn.org\/fr\/wp-json\/wp\/v2\/pages\/2"}],"wp:attachment":[{"href":"https:\/\/www.issn.org\/fr\/wp-json\/wp\/v2\/media?parent=22"}],"curies":[{"name":"wp","href":"https:\/\/api.w.org\/{rel}","templated":true}]}}