{"id":31,"date":"2025-04-24T14:00:12","date_gmt":"2025-04-24T12:00:12","guid":{"rendered":"http:\/\/www.issn.org\/?page_id=31"},"modified":"2025-04-28T17:13:09","modified_gmt":"2025-04-28T15:13:09","slug":"presentation-du-centre","status":"publish","type":"page","link":"https:\/\/www.issn.org\/fr\/le-centre-et-le-reseau\/notre-mission\/presentation-du-centre\/","title":{"rendered":"Le Centre International d&rsquo;Enregistrement des Publications en S\u00e9rie"},"content":{"rendered":"<p>Le CIEPS, \u00e9galement appel\u00e9 Centre international ISSN, est une organisation intergouvernementale ayant pour fonction de coordonner au niveau international l\u2019identification et la description des publications en s\u00e9rie et ressources continues, imprim\u00e9es et en ligne, dans toutes les disciplines.<\/p>\n<ul>\n<li>Les textes fondateurs<\/li>\n<li>Les adh\u00e9rents<\/li>\n<li>Les fonctions du Centre<\/li>\n<\/ul>\n<h2>Les textes fondateurs<\/h2>\n<h3>L\u2019accord<\/h3>\n<p>Le CIEPS a \u00e9t\u00e9 officiellement cr\u00e9\u00e9 \u00e0 Paris le 21 janvier\u00a01976, en vertu d&rsquo;un accord sign\u00e9 en Novembre 1974 entre l&rsquo;UNESCO et la France, Etat h\u00f4te du Centre International.<\/p>\n<h3>Les statuts<\/h3>\n<p>Les <a href=\"https:\/\/www.issn.org\/fr\/le-centre-et-le-reseau\/notre-organisation\/les-statuts\/\">Statuts du Centre International de l\u2019ISSN<\/a> constituent l\u2019essentiel de l&rsquo;accord et r\u00e9gissent le CIEPS.<br \/>\nPour b\u00e9n\u00e9ficier des activit\u00e9s du Centre, les Etats Membres et Membres associ\u00e9s de l&rsquo;UNESCO doivent y adh\u00e9rer.<\/p>\n<h3>Statut du personnel de l&rsquo;ISSN<\/h3>\n<p>Ce <a href=\"https:\/\/www.issn.org\/wp-content\/uploads\/2023\/02\/Statut_du_Personnel.pdf\">Statut du Personnel<\/a>\u00a0a \u00e9t\u00e9 r\u00e9dig\u00e9 sur la base des documents r\u00e9glementaires existants pour aboutir \u00e0 un r\u00e8glement consolid\u00e9 respectant le droit international. Il est entr\u00e9 en vigueur le 1<sup>er<\/sup> novembre 2016 apr\u00e8s un vote du Conseil d\u2019administration en date du 17 octobre 2016, et amend\u00e9 en novembre 2022.<\/p>\n<h2>Les adh\u00e9rents<\/h2>\n<p>Les <a title=\"Le r\u00e9seau aujourd'hui\" href=\"https:\/\/www.issn.org\/le-centre-et-le-reseau\/les-pays-membres\/le-reseau-aujourdhui\/\">pays membres<\/a> sont aujourd\u2019hui au nombre de 95.<\/p>\n<h2>Les fonctions du Centre<\/h2>\n<p>Le CIEPS coordonne l\u2019activit\u00e9 des pays membres.<br \/>\nIl est responsable du maintien et de l\u2019\u00e9dition du <a title=\"Le Registre International de l\u2019ISSN, un outil de travail incomparable\" href=\"https:\/\/www.issn.org\/fr\/services-et-prestations\/sabonner-au-registre\/\">Registre International de l&rsquo;ISSN<\/a>.<br \/>\nIl est \u00e9galement charg\u00e9 d&rsquo;attribuer des ISSN\u00a0:<\/p>\n<ul>\n<li>aux publications internationales,<\/li>\n<li>ainsi qu&rsquo;aux publications \u00e9dit\u00e9es dans les pays ne disposant pas de Centre National ISSN.<\/li>\n<\/ul>\n<h2>Notre \u00e9quipe<\/h2>\n<p>Le Centre International emploie 14 personnes:<\/p>\n<ul>\n<li><a href=\"https:\/\/www.issn.org\/wp-content\/uploads\/2024\/11\/List-IC-STAFF-FR.pdf\">Liste du Personnel<\/a><\/li>\n<li><a href=\"https:\/\/www.issn.org\/wp-content\/uploads\/2025\/02\/Organigramme-FR-janv2025.pdf\">Organigramme<\/a><\/li>\n<\/ul>\n<p>&nbsp;<\/p>\n<p><em>Les locaux du Centre International de l&rsquo;ISSN sont situ\u00e9s dans le centre de Paris, au 45 rue de Turbigo, dans le 3\u00e8me arrondissement.<\/em><\/p>\n<a href=\"https:\/\/www.issn.org\/wp-content\/uploads\/2019\/10\/19-10-10-030bd.jpg\"><img loading=\"lazy\" decoding=\"async\" class=\"wp-image-25742 aligncenter\" src=\"https:\/\/www.issn.org\/wp-content\/uploads\/2019\/10\/19-10-10-030bd.jpg\" alt=\"\" width=\"698\" height=\"558\" srcset=\"https:\/\/www.issn.org\/wp-content\/uploads\/2019\/10\/19-10-10-030bd.jpg 1919w, https:\/\/www.issn.org\/wp-content\/uploads\/2019\/10\/19-10-10-030bd-300x240.jpg 300w, https:\/\/www.issn.org\/wp-content\/uploads\/2019\/10\/19-10-10-030bd-768x614.jpg 768w, https:\/\/www.issn.org\/wp-content\/uploads\/2019\/10\/19-10-10-030bd-1024x819.jpg 1024w, https:\/\/www.issn.org\/wp-content\/uploads\/2019\/10\/19-10-10-030bd-150x120.jpg 150w\" sizes=\"auto, (max-width: 698px) 100vw, 698px\" \/><\/a>\n","protected":false},"excerpt":{"rendered":"<p>Le CIEPS, \u00e9galement appel\u00e9 Centre international ISSN, est une organisation intergouvernementale ayant pour fonction de coordonner au niveau international l\u2019identification et la description des publications en s\u00e9rie et ressources continues, imprim\u00e9es et en ligne, dans toutes les disciplines. Les textes fondateurs Les adh\u00e9rents Les fonctions du Centre Les textes fondateurs L\u2019accord Le CIEPS a \u00e9t\u00e9 [&hellip;]<\/p>\n","protected":false},"author":1,"featured_media":0,"parent":13,"menu_order":1,"comment_status":"closed","ping_status":"closed","template":"","meta":{"_acf_changed":false,"footnotes":""},"class_list":["post-31","page","type-page","status-publish","hentry"],"acf":[],"_links":{"self":[{"href":"https:\/\/www.issn.org\/fr\/wp-json\/wp\/v2\/pages\/31","targetHints":{"allow":["GET"]}}],"collection":[{"href":"https:\/\/www.issn.org\/fr\/wp-json\/wp\/v2\/pages"}],"about":[{"href":"https:\/\/www.issn.org\/fr\/wp-json\/wp\/v2\/types\/page"}],"author":[{"embeddable":true,"href":"https:\/\/www.issn.org\/fr\/wp-json\/wp\/v2\/users\/1"}],"replies":[{"embeddable":true,"href":"https:\/\/www.issn.org\/fr\/wp-json\/wp\/v2\/comments?post=31"}],"version-history":[{"count":39,"href":"https:\/\/www.issn.org\/fr\/wp-json\/wp\/v2\/pages\/31\/revisions"}],"predecessor-version":[{"id":46337,"href":"https:\/\/www.issn.org\/fr\/wp-json\/wp\/v2\/pages\/31\/revisions\/46337"}],"up":[{"embeddable":true,"href":"https:\/\/www.issn.org\/fr\/wp-json\/wp\/v2\/pages\/13"}],"wp:attachment":[{"href":"https:\/\/www.issn.org\/fr\/wp-json\/wp\/v2\/media?parent=31"}],"curies":[{"name":"wp","href":"https:\/\/api.w.org\/{rel}","templated":true}]}}