{"id":33,"date":"2025-06-12T10:36:30","date_gmt":"2025-06-12T08:36:30","guid":{"rendered":"http:\/\/www.issn.org\/?page_id=33"},"modified":"2025-06-12T11:03:28","modified_gmt":"2025-06-12T09:03:28","slug":"strategie-de-developpement","status":"publish","type":"page","link":"https:\/\/www.issn.org\/fr\/le-centre-et-le-reseau\/notre-mission\/strategie-de-developpement\/","title":{"rendered":"Rapports et programmes annuels"},"content":{"rendered":"<p class=\"chapo\">Le <a href=\"https:\/\/www.issn.org\/wp-content\/uploads\/2025\/02\/FR-PLAN-2025-\u2013-2029-ISSN-1_compressed.pdf\">plan d&rsquo;action 2025 \u2013 2029 <\/a>est maintenant disponible.<\/p>\n<p>Pour plus de d\u00e9tails sur le pr\u00e9c\u00e9dent plan, cliquez sur le lien : <a href=\"https:\/\/www.issn.org\/wp-content\/uploads\/2025\/02\/Bilan_FRE_strategie_2024_January2025.docx\">plan strategique 2020-2024<\/a><\/p>\n<p><a href=\"https:\/\/www.issn.org\/wp-content\/uploads\/2021\/06\/2020_Annual-report_Internet_PUBLIC_FRE_Final.pdf\">Rapport annuel 2020<\/a> et <a href=\"https:\/\/www.issn.org\/wp-content\/uploads\/2021\/06\/2020_Annual-report_Executive_Summary_FRE_Final.pdf\">synth\u00e8se 2020<\/a><\/p>\n<p><a href=\"https:\/\/www.issn.org\/wp-content\/uploads\/2022\/06\/ISSN_RapportActivite2021_FRENCH_v27June.pdf\">Rapport annuel 2021<\/a> et <a href=\"https:\/\/www.issn.org\/wp-content\/uploads\/2022\/06\/2021_Annual-report_Executive_Summary_FRE_V27juin.pdf\">synth\u00e8se 2021<\/a><\/p>\n<p><a href=\"https:\/\/www.issn.org\/wp-content\/uploads\/2023\/06\/ISSN_RapportActivite2022_FR.pdf\">Rapport annuel 2022<\/a> et <a href=\"https:\/\/www.issn.org\/wp-content\/uploads\/2023\/06\/2023_Annual-report_Executive_Summary_FRE_FINAL.pdf\">synth\u00e8se 2022<\/a><\/p>\n<p><a href=\"https:\/\/www.issn.org\/wp-content\/uploads\/2024\/07\/Rapport_activite_2023_FR-1.pdf\">Rapport annuel 2023<\/a> et <a href=\"https:\/\/www.issn.org\/wp-content\/uploads\/2024\/07\/2023_Annual-report_Executive_Summary_FRE_final.pdf\">synth\u00e8se 2023<\/a><\/p>\n<p><a href=\"https:\/\/www.issn.org\/wp-content\/uploads\/2025\/06\/ISSN_RapportActivite2024_FR_final.pdf\">Rapport annuel 2024<\/a> et <a href=\"https:\/\/www.issn.org\/wp-content\/uploads\/2025\/06\/2024_Resume_EXEC_FRE_ISSNIC.pdf\">synth\u00e8se 2024<\/a><\/p>\n","protected":false},"excerpt":{"rendered":"<p>Le plan d&rsquo;action 2025 \u2013 2029 est maintenant disponible. Pour plus de d\u00e9tails sur le pr\u00e9c\u00e9dent plan, cliquez sur le lien : plan strategique 2020-2024 Rapport annuel 2020 et synth\u00e8se 2020 Rapport annuel 2021 et synth\u00e8se 2021 Rapport annuel 2022 et synth\u00e8se 2022 Rapport annuel 2023 et synth\u00e8se 2023 Rapport annuel 2024 et synth\u00e8se 2024<\/p>\n","protected":false},"author":1,"featured_media":0,"parent":13,"menu_order":2,"comment_status":"closed","ping_status":"closed","template":"","meta":{"_acf_changed":false,"footnotes":""},"class_list":["post-33","page","type-page","status-publish","hentry"],"acf":[],"_links":{"self":[{"href":"https:\/\/www.issn.org\/fr\/wp-json\/wp\/v2\/pages\/33","targetHints":{"allow":["GET"]}}],"collection":[{"href":"https:\/\/www.issn.org\/fr\/wp-json\/wp\/v2\/pages"}],"about":[{"href":"https:\/\/www.issn.org\/fr\/wp-json\/wp\/v2\/types\/page"}],"author":[{"embeddable":true,"href":"https:\/\/www.issn.org\/fr\/wp-json\/wp\/v2\/users\/1"}],"replies":[{"embeddable":true,"href":"https:\/\/www.issn.org\/fr\/wp-json\/wp\/v2\/comments?post=33"}],"version-history":[{"count":34,"href":"https:\/\/www.issn.org\/fr\/wp-json\/wp\/v2\/pages\/33\/revisions"}],"predecessor-version":[{"id":46607,"href":"https:\/\/www.issn.org\/fr\/wp-json\/wp\/v2\/pages\/33\/revisions\/46607"}],"up":[{"embeddable":true,"href":"https:\/\/www.issn.org\/fr\/wp-json\/wp\/v2\/pages\/13"}],"wp:attachment":[{"href":"https:\/\/www.issn.org\/fr\/wp-json\/wp\/v2\/media?parent=33"}],"curies":[{"name":"wp","href":"https:\/\/api.w.org\/{rel}","templated":true}]}}