{"id":36,"date":"2025-01-22T15:05:33","date_gmt":"2025-01-22T14:05:33","guid":{"rendered":"http:\/\/www.issn.org\/?page_id=36"},"modified":"2025-01-22T17:29:34","modified_gmt":"2025-01-22T16:29:34","slug":"le-reseau-issn","status":"publish","type":"page","link":"https:\/\/www.issn.org\/fr\/le-centre-et-le-reseau\/notre-organisation\/le-reseau-issn\/","title":{"rendered":"Le r\u00e9seau ISSN"},"content":{"rendered":"<p class=\"chapo\">Charg\u00e9 de la mise en \u0153uvre de l\u2019ISSN dans le monde, le R\u00e9seau ISSN est constitu\u00e9 de Centres Nationaux ISSN. Leur activit\u00e9 est coordonn\u00e9e par le Centre International de l&rsquo;ISSN.<\/p>\n<ul>\n<li>Le R\u00e9seau ISSN<\/li>\n<li>Les Centres Nationaux ISSN<\/li>\n<li>Le Centre International de l\u2019ISSN<\/li>\n<\/ul>\n<h2>Le R\u00e9seau ISSN<\/h2>\n<p>Le <a title=\"Le r\u00e9seau aujourd\u2019hui\" href=\"https:\/\/www.issn.org\/fr\/le-centre-et-le-reseau\/les-pays-membres\/le-reseau-aujourdhui\/\">R\u00e9seau ISSN<\/a> comprend 95 pays et accueille r\u00e9guli\u00e8rement de <a href=\"https:\/\/www.issn.org\/fr\/le-centre-et-le-reseau\/les-pays-membres\/devenir-membre\/\">nouveaux pays membres<\/a>.<\/p>\n<p>Il a pour missions\u00a0:<br \/>\n&#8211;\u00a0d\u2019assurer l&rsquo;attribution des ISSN,<br \/>\n&#8211;\u00a0de maintenir une base de donn\u00e9es mondiale des publications en s\u00e9rie,<br \/>\n&#8211;\u00a0de faire autorit\u00e9 en mati\u00e8re de normalisation dans ce domaine,<br \/>\n&#8211;\u00a0de diffuser l&rsquo;information concernant l&rsquo;ISSN et de promouvoir son utilisation.<\/p>\n<h2>Les Centres Nationaux ISSN<\/h2>\n<p>Les <a title=\"Contacter un Centre National ISSN\" href=\"https:\/\/www.issn.org\/fr\/services-et-prestations\/demander-un-issn\/contacter-un-centre-national-issn\/\" target=\"_blank\" rel=\"noopener noreferrer\">Centres Nationaux ISSN<\/a> font en g\u00e9n\u00e9ral partie d\u2019organismes jouant un r\u00f4le pr\u00e9pond\u00e9rant dans le syst\u00e8me d\u2019information scientifique et technique des pays concern\u00e9s.<\/p>\n<p>Ils ont pour mission :<br \/>\n&#8211;\u00a0l&rsquo;attribution des ISSN,<br \/>\n&#8211;\u00a0la maintenance des bases de donn\u00e9es locales de l&rsquo;ISSN,<br \/>\n&#8211;\u00a0la promotion du syst\u00e8me dans son ensemble.<\/p>\n<p>Les Centres Nationaux ISSN sont en relation avec les \u00e9diteurs et les organismes bibliographiques de leur pays, souvent en lien avec le d\u00e9p\u00f4t l\u00e9gal.<\/p>\n<h2>Le Centre International de l\u2019ISSN<\/h2>\n<p><a title=\"Contacter le Centre International de l\u2019ISSN\" href=\"https:\/\/www.issn.org\/fr\/services-et-prestations\/demander-un-issn\/contacter-le-centre-international-de-lissn\/\">Situ\u00e9 \u00e0 Paris<\/a>, le <a title=\"Le Centre International d\u2019Enregistrement des Publications en s\u00e9rie\" href=\"https:\/\/www.issn.org\/fr\/le-centre-et-le-reseau\/notre-mission\/presentation-du-centre\/\" target=\"_blank\" rel=\"noopener noreferrer\">Centre International de l&rsquo;ISSN<\/a>\u00a0a pour responsabilit\u00e9s\u00a0:<\/p>\n<p>&#8211; la maintenance et d&rsquo;\u00e9dition du <a title=\"Le Registre International de l\u2019ISSN\" href=\"https:\/\/www.issn.org\/fr\/comprendre-lissn\/le-registre-international\/\">Portail de l&rsquo;ISSN<\/a>,<br \/>\n&#8211;\u00a0la coordination des activit\u00e9s des Centres Nationaux ISSN,<br \/>\n&#8211;\u00a0l\u2019attribution des ISSN aux publications internationales et aux publications \u00e9dit\u00e9es dans les pays ne disposant pas de Centre National ISSN.<\/p>\n","protected":false},"excerpt":{"rendered":"<p>Charg\u00e9 de la mise en \u0153uvre de l\u2019ISSN dans le monde, le R\u00e9seau ISSN est constitu\u00e9 de Centres Nationaux ISSN. Leur activit\u00e9 est coordonn\u00e9e par le Centre International de l&rsquo;ISSN. Le R\u00e9seau ISSN Les Centres Nationaux ISSN Le Centre International de l\u2019ISSN Le R\u00e9seau ISSN Le R\u00e9seau ISSN comprend 95 pays et accueille r\u00e9guli\u00e8rement de [&hellip;]<\/p>\n","protected":false},"author":1,"featured_media":0,"parent":17,"menu_order":1,"comment_status":"closed","ping_status":"closed","template":"","meta":{"_acf_changed":false,"footnotes":""},"class_list":["post-36","page","type-page","status-publish","hentry","caroussel-saffiche-dans-le-caroussel"],"acf":[],"_links":{"self":[{"href":"https:\/\/www.issn.org\/fr\/wp-json\/wp\/v2\/pages\/36","targetHints":{"allow":["GET"]}}],"collection":[{"href":"https:\/\/www.issn.org\/fr\/wp-json\/wp\/v2\/pages"}],"about":[{"href":"https:\/\/www.issn.org\/fr\/wp-json\/wp\/v2\/types\/page"}],"author":[{"embeddable":true,"href":"https:\/\/www.issn.org\/fr\/wp-json\/wp\/v2\/users\/1"}],"replies":[{"embeddable":true,"href":"https:\/\/www.issn.org\/fr\/wp-json\/wp\/v2\/comments?post=36"}],"version-history":[{"count":4,"href":"https:\/\/www.issn.org\/fr\/wp-json\/wp\/v2\/pages\/36\/revisions"}],"predecessor-version":[{"id":45743,"href":"https:\/\/www.issn.org\/fr\/wp-json\/wp\/v2\/pages\/36\/revisions\/45743"}],"up":[{"embeddable":true,"href":"https:\/\/www.issn.org\/fr\/wp-json\/wp\/v2\/pages\/17"}],"wp:attachment":[{"href":"https:\/\/www.issn.org\/fr\/wp-json\/wp\/v2\/media?parent=36"}],"curies":[{"name":"wp","href":"https:\/\/api.w.org\/{rel}","templated":true}]}}