{"id":38,"date":"2025-03-19T14:13:53","date_gmt":"2025-03-19T13:13:53","guid":{"rendered":"http:\/\/www.issn.org\/?page_id=38"},"modified":"2025-03-19T15:28:06","modified_gmt":"2025-03-19T14:28:06","slug":"les-statuts","status":"publish","type":"page","link":"https:\/\/www.issn.org\/fr\/le-centre-et-le-reseau\/notre-organisation\/les-statuts\/","title":{"rendered":"Le fonctionnement de l\u2019ISSN"},"content":{"rendered":"<p>Quelles r\u00e8gles r\u00e9gissent l\u2019ISSN\u00a0? Comment le R\u00e9seau ISSN est-il financ\u00e9\u00a0? Avec qui travaille-t-il\u00a0? Toutes les r\u00e9ponses aux questions que vous vous posez.<\/p>\n<ul>\n<li>Statuts du Centre International de l\u2019ISSN<\/li>\n<li>Financement du R\u00e9seau ISSN<\/li>\n<li>Partenaires du R\u00e9seau ISSN<\/li>\n<\/ul>\n<h2>Statuts du Centre International de l\u2019ISSN<\/h2>\n<p>Le Centre International de l&rsquo;ISSN est une organisation intergouvernementale, r\u00e9gie par des statuts auxquels adh\u00e8rent des Etats.<\/p>\n<p>Ces <a href=\"https:\/\/www.issn.org\/wp-content\/uploads\/2025\/03\/Statuts_revises_CIEPS_FRE_Mars2025.pdf\">Statuts<\/a> font l&rsquo;objet d&rsquo;une accord entre l&rsquo;UNESCO et la France, \u00e9tat h\u00f4te du Centre International de l\u2019ISSN. Pour consulter l&rsquo;accord,\u00a0 cliquer <a href=\"https:\/\/unesdoc.unesco.org\/ark:\/48223\/pf0000032467_fre.locale=en\" target=\"_blank\" rel=\"noopener noreferrer\">ici<\/a>.<\/p>\n<h2><b>Financement du R\u00e9seau ISSN<\/b><\/h2>\n<p>Les ressources financi\u00e8res du Centre International de l\u2019ISSN proviennent des contributions vers\u00e9es\u00a0:<br \/>\n&#8211;\u00a0par le Gouvernement fran\u00e7ais en tant qu&rsquo;Etat h\u00f4te du Centre International de l\u2019ISSN,<br \/>\n&#8211;\u00a0par l&rsquo;UNESCO,<br \/>\n&#8211;\u00a0par les Etats membres.<\/p>\n<p>Le montant des contributions des Etats membres est vot\u00e9 tous les deux ans par <a href=\"https:\/\/www.issn.org\/fr\/le-centre-et-le-reseau\/notre-organisation\/les-instances\/\">l&rsquo;Assembl\u00e9e g\u00e9n\u00e9rale<\/a>. Il est calcul\u00e9 en fonction du produit national brut de chaque pays.<\/p>\n<p>En outre, le <a href=\"https:\/\/www.issn.org\/fr\/le-centre-et-le-reseau\/notre-mission\/presentation-du-centre\/\">Centre International de l\u2019ISSN<\/a> dispose de ressources propres provenant de la vente de ses prestations de service.<\/p>\n<h2>Partenaires du R\u00e9seau ISSN<\/h2>\n<p>Les partenaires du R\u00e9seau ISSN se retrouvent dans toute la cha\u00eene de production, d&rsquo;enregistrement, de circulation et d&rsquo;utilisation des publications en s\u00e9rie :<br \/>\n&#8211;\u00a0\u00e9diteurs,<br \/>\n&#8211;\u00a0libraires,<br \/>\n&#8211;\u00a0catalogues collectifs,<br \/>\n&#8211; agences d&rsquo;abonnement,<br \/>\n&#8211;\u00a0bases de donn\u00e9es,<br \/>\n&#8211;\u00a0diffuseurs de presse,<br \/>\n&#8211;\u00a0agences de copyright,<br \/>\n&#8211;\u00a0biblioth\u00e8ques universitaires\u2026<\/p>\n<p>Tout utilisateur de l&rsquo;ISSN ou tout \u00e9diteur peut <a title=\"Demander un ISSN\" href=\"https:\/\/www.issn.org\/services-et-prestations\/demander-un-issn\/\">demander <\/a> l&rsquo;attribution d&rsquo;un ISSN \u00e0 une publication en s\u00e9rie, en contactant le Centre National ISSN concern\u00e9 ou le Centre International de l\u2019ISSN.<\/p>\n","protected":false},"excerpt":{"rendered":"<p>Quelles r\u00e8gles r\u00e9gissent l\u2019ISSN\u00a0? Comment le R\u00e9seau ISSN est-il financ\u00e9\u00a0? Avec qui travaille-t-il\u00a0? Toutes les r\u00e9ponses aux questions que vous vous posez. Statuts du Centre International de l\u2019ISSN Financement du R\u00e9seau ISSN Partenaires du R\u00e9seau ISSN Statuts du Centre International de l\u2019ISSN Le Centre International de l&rsquo;ISSN est une organisation intergouvernementale, r\u00e9gie par des statuts [&hellip;]<\/p>\n","protected":false},"author":1,"featured_media":0,"parent":17,"menu_order":2,"comment_status":"closed","ping_status":"closed","template":"","meta":{"_acf_changed":false,"footnotes":""},"class_list":["post-38","page","type-page","status-publish","hentry"],"acf":[],"_links":{"self":[{"href":"https:\/\/www.issn.org\/fr\/wp-json\/wp\/v2\/pages\/38","targetHints":{"allow":["GET"]}}],"collection":[{"href":"https:\/\/www.issn.org\/fr\/wp-json\/wp\/v2\/pages"}],"about":[{"href":"https:\/\/www.issn.org\/fr\/wp-json\/wp\/v2\/types\/page"}],"author":[{"embeddable":true,"href":"https:\/\/www.issn.org\/fr\/wp-json\/wp\/v2\/users\/1"}],"replies":[{"embeddable":true,"href":"https:\/\/www.issn.org\/fr\/wp-json\/wp\/v2\/comments?post=38"}],"version-history":[{"count":1,"href":"https:\/\/www.issn.org\/fr\/wp-json\/wp\/v2\/pages\/38\/revisions"}],"predecessor-version":[{"id":46101,"href":"https:\/\/www.issn.org\/fr\/wp-json\/wp\/v2\/pages\/38\/revisions\/46101"}],"up":[{"embeddable":true,"href":"https:\/\/www.issn.org\/fr\/wp-json\/wp\/v2\/pages\/17"}],"wp:attachment":[{"href":"https:\/\/www.issn.org\/fr\/wp-json\/wp\/v2\/media?parent=38"}],"curies":[{"name":"wp","href":"https:\/\/api.w.org\/{rel}","templated":true}]}}