{"id":3873,"date":"2013-10-07T16:57:00","date_gmt":"2013-10-07T15:57:00","guid":{"rendered":"http:\/\/www.issn.org\/?page_id=3873"},"modified":"2019-11-19T10:02:45","modified_gmt":"2019-11-19T09:02:45","slug":"telechargement","status":"publish","type":"page","link":"https:\/\/www.issn.org\/fr\/telechargement\/","title":{"rendered":"T\u00e9l\u00e9charger la table de correspondance ISSN-L"},"content":{"rendered":"<p>T\u00e9l\u00e9charger la table de correspondance ISSN-L. (mise \u00e0 jour quotidienne)<\/p>\n<p><a href=\"https:\/\/www.issn.org\/wp-content\/uploads\/2014\/03\/issnltables.zip\">Tables ISSN-L<\/a><\/p>\n","protected":false},"excerpt":{"rendered":"<p>T\u00e9l\u00e9charger la table de correspondance ISSN-L. (mise \u00e0 jour quotidienne) Tables ISSN-L<\/p>\n","protected":false},"author":1,"featured_media":0,"parent":0,"menu_order":0,"comment_status":"closed","ping_status":"closed","template":"telechargement.php","meta":{"_acf_changed":false,"footnotes":""},"class_list":["post-3873","page","type-page","status-publish","hentry"],"acf":[],"_links":{"self":[{"href":"https:\/\/www.issn.org\/fr\/wp-json\/wp\/v2\/pages\/3873","targetHints":{"allow":["GET"]}}],"collection":[{"href":"https:\/\/www.issn.org\/fr\/wp-json\/wp\/v2\/pages"}],"about":[{"href":"https:\/\/www.issn.org\/fr\/wp-json\/wp\/v2\/types\/page"}],"author":[{"embeddable":true,"href":"https:\/\/www.issn.org\/fr\/wp-json\/wp\/v2\/users\/1"}],"replies":[{"embeddable":true,"href":"https:\/\/www.issn.org\/fr\/wp-json\/wp\/v2\/comments?post=3873"}],"version-history":[{"count":3,"href":"https:\/\/www.issn.org\/fr\/wp-json\/wp\/v2\/pages\/3873\/revisions"}],"predecessor-version":[{"id":26380,"href":"https:\/\/www.issn.org\/fr\/wp-json\/wp\/v2\/pages\/3873\/revisions\/26380"}],"wp:attachment":[{"href":"https:\/\/www.issn.org\/fr\/wp-json\/wp\/v2\/media?parent=3873"}],"curies":[{"name":"wp","href":"https:\/\/api.w.org\/{rel}","templated":true}]}}